{"id":88034,"date":"2021-06-06T19:22:56","date_gmt":"2021-06-06T17:22:56","guid":{"rendered":"https:\/\/learnesy.com\/?page_id=88034"},"modified":"2024-08-22T14:07:25","modified_gmt":"2024-08-22T13:07:25","slug":"for-aterforsaljare","status":"publish","type":"page","link":"https:\/\/learnesy.com\/sv\/for-aterforsaljare\/","title":{"rendered":"F\u00f6r \u00e5terf\u00f6rs\u00e4ljare"},"content":{"rendered":"","protected":false},"excerpt":{"rendered":"","protected":false},"author":7,"featured_media":0,"parent":0,"menu_order":0,"comment_status":"closed","ping_status":"closed","template":"sector.php","meta":{"_acf_changed":false,"_eb_attr":"","footnotes":""},"class_list":["post-88034","page","type-page","status-publish","hentry"],"acf":[],"_links":{"self":[{"href":"https:\/\/learnesy.com\/sv\/wp-json\/wp\/v2\/pages\/88034","targetHints":{"allow":["GET"]}}],"collection":[{"href":"https:\/\/learnesy.com\/sv\/wp-json\/wp\/v2\/pages"}],"about":[{"href":"https:\/\/learnesy.com\/sv\/wp-json\/wp\/v2\/types\/page"}],"author":[{"embeddable":true,"href":"https:\/\/learnesy.com\/sv\/wp-json\/wp\/v2\/users\/7"}],"replies":[{"embeddable":true,"href":"https:\/\/learnesy.com\/sv\/wp-json\/wp\/v2\/comments?post=88034"}],"version-history":[{"count":21,"href":"https:\/\/learnesy.com\/sv\/wp-json\/wp\/v2\/pages\/88034\/revisions"}],"predecessor-version":[{"id":352829,"href":"https:\/\/learnesy.com\/sv\/wp-json\/wp\/v2\/pages\/88034\/revisions\/352829"}],"wp:attachment":[{"href":"https:\/\/learnesy.com\/sv\/wp-json\/wp\/v2\/media?parent=88034"}],"curies":[{"name":"wp","href":"https:\/\/api.w.org\/{rel}","templated":true}]}}