{"id":58194,"date":"2020-08-12T13:14:58","date_gmt":"2020-08-12T11:14:58","guid":{"rendered":"https:\/\/learnesy.com\/?page_id=58194"},"modified":"2025-09-19T11:13:29","modified_gmt":"2025-09-19T10:13:29","slug":"om-learnesy","status":"publish","type":"page","link":"https:\/\/learnesy.com\/sv\/om-learnesy\/","title":{"rendered":"Om Learnesy"},"content":{"rendered":"<h2>Korta lektioner ger snabb inl\u00e4rning<\/h2>\n<p>V\u00e5ra kurser \u00e4r uppbyggda av korta lektioner \u2013 i genomsnitt 2 minuter \u2013 m\u00e5nga \u00f6vningar och dessutom quiz d\u00e4r du som kursdeltagare f\u00e5r testa dina kunskaper. Pedagogiken med de korta lektionerna kallas nanolearning och \u00e4r ett tidseffektivt s\u00e4tt att l\u00e4ra sig nya saker.<\/p>\n<h2>V\u00e4gen till tidseffektiva onlineutbildningar<\/h2>\n<p><strong>S\u00e5 hur b\u00f6rjade det?<\/strong> Marcus Andersson och Robert Gulevski hade arbetat med ink\u00f6p, ekonomi, aff\u00e4rsutveckling, projektledning, f\u00f6rs\u00e4ljning och marknadsf\u00f6ring. De ins\u00e5g att det fanns en gemensam n\u00e4mnare, n\u00e5got som \u00f6kade effektiviteten oavsett bransch: Microsoft Excel.<\/p>\n<p>De kunde se att m\u00e4nniskor i deras omgivning ofta saknade kompetens och utbildning i programmet. Det gjorde att Excel ist\u00e4llet f\u00f6r att vara ett kraftfullt hj\u00e4lpmedel blev en tidstjuv och ett irritationsmoment.<br \/>\nNu fick det vara slut med det. Marcus och Robert anv\u00e4nde sin gemensamma erfarenhet och kunskap till att ta fram en utbildning som b\u00e5de var praktiskt inriktad och tidseffektiv. Grunden till Learnesy var lagd. Det h\u00e4r var 2014. Sedan dess har vi ut\u00f6kat v\u00e5rt utbud med m\u00e5nga fler onlinekurser. F\u00f6rutom ett st\u00f6rre utbud av Excel-kurser, har bl a kurser i Power BI, SQL, Python tillkommit!<\/p>\n<p>Som ett f\u00f6retag i tillv\u00e4xtfas \u00e4r det viktigt f\u00f6r oss att inte tappa den personliga kontakten som varit en del av framg\u00e5ngsreceptet. Det \u00e4r d\u00e4rf\u00f6r centralt f\u00f6r oss att v\u00e5ra medarbetare har den kunskap och lyh\u00f6rdhet som g\u00f6r att alla anv\u00e4ndare k\u00e4nner sig sedda och v\u00e4l mottagna. N\u00e4r det g\u00e4ller att utveckla utbildning, lyssnar vi alltid p\u00e5 vad v\u00e5ra anv\u00e4ndare beh\u00f6ver.<\/p>\n<p>Vi hoppas att du ska hitta n\u00e5got som passar dig. V\u00e4lkommen att se dig omkring i <a href=\"https:\/\/learnesy.com\/sv\/courses\/\">Learnesys kursutbud<\/a>.<\/p>\n<p>Sedan 2024 har Learnesy ett systerf\u00f6retag i <a class=\"decorated-link cursor-pointer\" href=\"https:\/\/confex.se\/\" target=\"_new\" rel=\"noopener\" data-start=\"332\" data-end=\"371\">Confex Sverige<\/a> och <a class=\"decorated-link cursor-pointer\" href=\"https:\/\/confex.no\/\" target=\"_new\" rel=\"noopener\" data-start=\"376\" data-end=\"413\">Confex Norge<\/a>, genom gemensam \u00e4gare. Tillsammans erbjuder vi ett brett utbud av <a class=\"decorated-link cursor-pointer\" target=\"_new\" rel=\"noopener\" data-start=\"480\" data-end=\"533\">onlinekurser<\/a>, <a href=\"https:\/\/confex.se\/kategorier\/att-leda-andra-utan-att-vara-chef\">ledarskapsutbildningar <\/a>och <a class=\"decorated-link cursor-pointer\" href=\"https:\/\/learnesy.com\/sv\/for-foretag\/\" target=\"_new\" rel=\"noopener\" data-start=\"627\" data-end=\"684\">l\u00f6sningar f\u00f6r f\u00f6retag<\/a> som vill utveckla sin kompetens.<\/p>\n<p>Beh\u00f6ver du hj\u00e4lp att v\u00e4lja r\u00e4tt? <a href=\"mailto:sales@learnesy.com\">Tveka inte att h\u00f6ra av dig!<\/a><\/p>\n","protected":false},"excerpt":{"rendered":"<p>Korta lektioner ger snabb inl\u00e4rning V\u00e5ra kurser \u00e4r uppbyggda av korta lektioner \u2013 i genomsnitt 2 minuter \u2013 m\u00e5nga \u00f6vningar och dessutom quiz d\u00e4r du som kursdeltagare f\u00e5r testa dina kunskaper. Pedagogiken med de korta [&hellip;]<\/p>\n","protected":false},"author":26679,"featured_media":0,"parent":0,"menu_order":0,"comment_status":"closed","ping_status":"closed","template":"about.php","meta":{"_acf_changed":false,"_eb_attr":"","footnotes":""},"class_list":["post-58194","page","type-page","status-publish","hentry"],"acf":[],"_links":{"self":[{"href":"https:\/\/learnesy.com\/sv\/wp-json\/wp\/v2\/pages\/58194","targetHints":{"allow":["GET"]}}],"collection":[{"href":"https:\/\/learnesy.com\/sv\/wp-json\/wp\/v2\/pages"}],"about":[{"href":"https:\/\/learnesy.com\/sv\/wp-json\/wp\/v2\/types\/page"}],"author":[{"embeddable":true,"href":"https:\/\/learnesy.com\/sv\/wp-json\/wp\/v2\/users\/26679"}],"replies":[{"embeddable":true,"href":"https:\/\/learnesy.com\/sv\/wp-json\/wp\/v2\/comments?post=58194"}],"version-history":[{"count":91,"href":"https:\/\/learnesy.com\/sv\/wp-json\/wp\/v2\/pages\/58194\/revisions"}],"predecessor-version":[{"id":479145,"href":"https:\/\/learnesy.com\/sv\/wp-json\/wp\/v2\/pages\/58194\/revisions\/479145"}],"wp:attachment":[{"href":"https:\/\/learnesy.com\/sv\/wp-json\/wp\/v2\/media?parent=58194"}],"curies":[{"name":"wp","href":"https:\/\/api.w.org\/{rel}","templated":true}]}}