{"id":53591,"date":"2020-06-12T13:55:24","date_gmt":"2020-06-12T11:55:24","guid":{"rendered":"https:\/\/learnesy.com\/?page_id=53591"},"modified":"2021-09-27T09:22:17","modified_gmt":"2021-09-27T07:22:17","slug":"kassan","status":"publish","type":"page","link":"https:\/\/learnesy.com\/sv\/kassan\/","title":{"rendered":"Kassan"},"content":{"rendered":"<h5><strong>F\u00f6retag och vill betala med faktura? Kontakta oss s\u00e5 hj\u00e4lper vi dig!<\/strong><\/h5>\n<p><strong>Mail:<\/strong> <a href=\"mailto:support@learnesy.com\">support@learnesy.com<\/a><\/p>\n<p><strong>Telefon:<\/strong> +46730 &#8211; 89 88 58<\/p>\n<p>[woocommerce_checkout]<\/p>\n","protected":false},"excerpt":{"rendered":"<p>F\u00f6retag och vill betala med faktura? Kontakta oss s\u00e5 hj\u00e4lper vi dig! Mail: support@learnesy.com Telefon: +46730 &#8211; 89 88 58 [woocommerce_checkout]<\/p>\n","protected":false},"author":12,"featured_media":0,"parent":0,"menu_order":0,"comment_status":"closed","ping_status":"closed","template":"","meta":{"_acf_changed":false,"_eb_attr":"","footnotes":""},"class_list":["post-53591","page","type-page","status-publish","hentry"],"acf":[],"_links":{"self":[{"href":"https:\/\/learnesy.com\/sv\/wp-json\/wp\/v2\/pages\/53591","targetHints":{"allow":["GET"]}}],"collection":[{"href":"https:\/\/learnesy.com\/sv\/wp-json\/wp\/v2\/pages"}],"about":[{"href":"https:\/\/learnesy.com\/sv\/wp-json\/wp\/v2\/types\/page"}],"author":[{"embeddable":true,"href":"https:\/\/learnesy.com\/sv\/wp-json\/wp\/v2\/users\/12"}],"replies":[{"embeddable":true,"href":"https:\/\/learnesy.com\/sv\/wp-json\/wp\/v2\/comments?post=53591"}],"version-history":[{"count":8,"href":"https:\/\/learnesy.com\/sv\/wp-json\/wp\/v2\/pages\/53591\/revisions"}],"predecessor-version":[{"id":436815,"href":"https:\/\/learnesy.com\/sv\/wp-json\/wp\/v2\/pages\/53591\/revisions\/436815"}],"wp:attachment":[{"href":"https:\/\/learnesy.com\/sv\/wp-json\/wp\/v2\/media?parent=53591"}],"curies":[{"name":"wp","href":"https:\/\/api.w.org\/{rel}","templated":true}]}}