{"id":531336,"date":"2026-02-10T14:38:58","date_gmt":"2026-02-10T13:38:58","guid":{"rendered":"https:\/\/learnesy.com\/?page_id=531336"},"modified":"2026-02-18T10:10:05","modified_gmt":"2026-02-18T09:10:05","slug":"no-more-excel-hell-mer-an-bara-excel","status":"publish","type":"page","link":"https:\/\/learnesy.com\/sv\/no-more-excel-hell-mer-an-bara-excel\/","title":{"rendered":"NO MORE EXCEL HELL"},"content":{"rendered":"\n<p class=\"has-text-align-center .entry-content, .entry-content * {   text-align: center !important; }\">Exklusivt f\u00f6r dig som tr\u00e4ffade oss p\u00e5 Business Expo<\/p>\n\n\n\n<h1 class=\"wp-block-heading has-text-align-center\"><strong>NO MORE EXCEL HELL.<\/strong> <\/h1>\n\n\n\n<h2 class=\"wp-block-heading has-text-align-center\">Mer \u00e4n bara Excel.<\/h2>\n\n\n\n<p class=\"has-text-align-center\">Full tillg\u00e5ng i 7 dagar till Excel, dataanalys och AI.<\/p>\n\n\n\n<div class=\"wp-block-essential-blocks-button  root-eb-button-varab\"><div class=\"eb-parent-wrapper eb-parent-eb-button-varab \"><div class=\"eb-button-wrapper eb-button-alignment eb-button-varab\"><div class=\"eb-button\"><div class=\"eb-button-inner-wrapper \"><a class=\"eb-button-anchor hvr-grow  \" href=\"https:\/\/expo.learnesy.com\/?register=1753281dcf8921016ba31837199a4e7d\" target=\"_blank\" rel=\"noopener\">Skapa konto \u2192<\/a><\/div><\/div><\/div><\/div><\/div>\n\n\n\n<p class=\"has-text-align-center\"><em>Ingen betalning \u2022 Avsluta n\u00e4r du vill<\/em><\/p>\n\n\n\n<hr class=\"wp-block-separator has-alpha-channel-opacity\"\/>\n\n\n\n<h2 class=\"wp-block-heading has-text-align-center\">Vad \u00e4r Learnesy?<\/h2>\n\n\n\n<p class=\"has-text-align-center\">Learnesy hj\u00e4lper dig att jobba smartare i Excel och ta n\u00e4sta steg n\u00e4r du vill.<\/p>\n\n\n\n<hr class=\"wp-block-separator has-alpha-channel-opacity\"\/>\n\n\n\n<h2 class=\"wp-block-heading has-text-align-center\">Det h\u00e4r ing\u00e5r<\/h2>\n\n\n\n<p class=\"has-text-align-center\">\u2022 Hela kursutbudet<br>\u2022 Korta, praktiska lektioner<br>\u2022 Direkt tillg\u00e5ng<br>\u2022 Full tillg\u00e5ng i 7 dagar<\/p>\n\n\n\n<hr class=\"wp-block-separator has-alpha-channel-opacity\"\/>\n\n\n\n<h2 class=\"wp-block-heading has-text-align-center\">F\u00f6r dig som<\/h2>\n\n\n\n<p class=\"has-text-align-center\">\u2026jobbar i Excel och vill ta n\u00e4sta steg, oavsett niv\u00e5.<\/p>\n\n\n\n<hr class=\"wp-block-separator has-alpha-channel-opacity\"\/>\n\n\n\n<h2 class=\"wp-block-heading has-text-align-center\">Redo att ta n\u00e4sta steg?<\/h2>\n\n\n\n<div class=\"wp-block-essential-blocks-button  root-eb-button-tbfxl\"><div class=\"eb-parent-wrapper eb-parent-eb-button-tbfxl \"><div class=\"eb-button-wrapper eb-button-alignment eb-button-tbfxl\"><div class=\"eb-button\"><div class=\"eb-button-inner-wrapper \"><a class=\"eb-button-anchor hvr-grow  \" href=\"https:\/\/expo.learnesy.com\/?register=1753281dcf8921016ba31837199a4e7d\" target=\"_blank\" rel=\"noopener\">Skapa konto &amp; f\u00e5 tillg\u00e5ng i 7 dagar \u2192<\/a><\/div><\/div><\/div><\/div><\/div>\n","protected":false},"excerpt":{"rendered":"<p>Exklusivt f\u00f6r dig som tr\u00e4ffade oss p\u00e5 Business Expo NO MORE EXCEL HELL. Mer \u00e4n bara Excel. Full tillg\u00e5ng i 7 dagar till Excel, dataanalys och AI. Ingen betalning \u2022 Avsluta n\u00e4r du vill Vad [&hellip;]<\/p>\n","protected":false},"author":54291,"featured_media":0,"parent":0,"menu_order":0,"comment_status":"closed","ping_status":"closed","template":"","meta":{"_acf_changed":false,"_eb_attr":"","footnotes":""},"class_list":["post-531336","page","type-page","status-publish","hentry"],"acf":[],"_links":{"self":[{"href":"https:\/\/learnesy.com\/sv\/wp-json\/wp\/v2\/pages\/531336","targetHints":{"allow":["GET"]}}],"collection":[{"href":"https:\/\/learnesy.com\/sv\/wp-json\/wp\/v2\/pages"}],"about":[{"href":"https:\/\/learnesy.com\/sv\/wp-json\/wp\/v2\/types\/page"}],"author":[{"embeddable":true,"href":"https:\/\/learnesy.com\/sv\/wp-json\/wp\/v2\/users\/54291"}],"replies":[{"embeddable":true,"href":"https:\/\/learnesy.com\/sv\/wp-json\/wp\/v2\/comments?post=531336"}],"version-history":[{"count":24,"href":"https:\/\/learnesy.com\/sv\/wp-json\/wp\/v2\/pages\/531336\/revisions"}],"predecessor-version":[{"id":533799,"href":"https:\/\/learnesy.com\/sv\/wp-json\/wp\/v2\/pages\/531336\/revisions\/533799"}],"wp:attachment":[{"href":"https:\/\/learnesy.com\/sv\/wp-json\/wp\/v2\/media?parent=531336"}],"curies":[{"name":"wp","href":"https:\/\/api.w.org\/{rel}","templated":true}]}}