{"id":52461,"date":"2020-05-22T11:04:25","date_gmt":"2020-05-22T09:04:25","guid":{"rendered":"https:\/\/learnesy.com\/?page_id=52461"},"modified":"2026-04-08T14:04:52","modified_gmt":"2026-04-08T13:04:52","slug":"gratiskurser","status":"publish","type":"page","link":"https:\/\/learnesy.com\/sv\/gratiskurser\/","title":{"rendered":"Gratiskurser"},"content":{"rendered":"\n<div class=\"wp-block-media-text alignwide is-stacked-on-mobile\"><figure class=\"wp-block-media-text__media\"><img loading=\"lazy\" decoding=\"async\" width=\"1024\" height=\"706\" src=\"\/wp-content\/uploads\/2021\/06\/forforetag-1024x706.png\" alt=\"\" class=\"wp-image-87971 size-full\" srcset=\"\/wp-content\/uploads\/2021\/06\/forforetag-1024x706.png 1024w, \/wp-content\/uploads\/2021\/06\/forforetag-300x207.png 300w, \/wp-content\/uploads\/2021\/06\/forforetag-768x529.png 768w, \/wp-content\/uploads\/2021\/06\/forforetag-400x276.png 400w, \/wp-content\/uploads\/2021\/06\/forforetag.png 1500w\" sizes=\"auto, (max-width: 1024px) 100vw, 1024px\" \/><\/figure><div class=\"wp-block-media-text__content\">\n<h1 class=\"wp-block-heading\">Vill du b\u00f6rja med en gratiskurs?<\/h1>\n\n\n\n<p>K\u00e4nner du dig os\u00e4ker p\u00e5 om kurser online \u00e4r n\u00e5got f\u00f6r dig? Eller vill du kanske testa p\u00e5 n\u00e5got helt nytt? <\/p>\n\n\n\n<p>Learnesy utbildar varje \u00e5r tusentals yrkesverksamma och studerande inom Excel och dataanalys. P\u00e5 den h\u00e4r sidan samlar vi v\u00e5ra kostnadsfria kurser som du kan b\u00f6rja med f\u00f6r att l\u00e4ra k\u00e4nna Learnesy, v\u00e5ra kurser och v\u00e5r pedagogik.<\/p>\n\n\n\n<h2 class=\"wp-block-heading\">Hur g\u00f6r jag?<\/h2>\n\n\n\n<ul class=\"wp-block-list\">\n<li>G\u00e5 in p\u00e5 den kurs du \u00e4r intresserad av och registrera dig.<\/li>\n\n\n\n<li>Om du \u00e4r befintlig anv\u00e4ndare hos oss loggar du in med dina inloggningsuppgifter.<\/li>\n\n\n\n<li>Om du \u00e4r ny h\u00e4r, skapar du enkelt ett konto genom att f\u00f6lja anvisningarna.<\/li>\n<\/ul>\n<\/div><\/div>\n\n\n<div id=\"ld-course-list-content-291965d59b5018edba989ae38640b18a\" class=\"ld-course-list-content\" data-shortcode-atts=\"{&quot;orderby&quot;:&quot;ID&quot;,&quot;col&quot;:&quot;3&quot;,&quot;course_tag&quot;:&quot;show_free_courses&quot;}\">\n\t\t\t\t<div class=\"ld-course-list-items row\">\n\t\t\t<!-- LearnDash Course Grid v1 --><div class=\"ld_course_grid col-sm-8 col-md-4 \">\n\t<article id=\"post-70170\" class=\" thumbnail course post-70170 sfwd-courses type-sfwd-courses status-publish has-post-thumbnail hentry ld_course_category-gratis ld_course_tag-show_free_courses\">\n\t\t\t\t\t\t\t\t<div class=\"ribbon\">\n\t\t\t\tGratis\t\t\t<\/div>\n\t\t\t\n\t\t\t\t\t\t<a href=\"https:\/\/learnesy.com\/sv\/courses\/gratis-excelkurs\/\" rel=\"bookmark\">\n\t\t\t\t<img loading=\"lazy\" decoding=\"async\" width=\"300\" height=\"169\" src=\"\/wp-content\/uploads\/2020\/11\/Green-and-Dark-Green-Simple-Forest-Of-The-Future-Presentation-300x169.png\" class=\"attachment-medium size-medium wp-post-image\" alt=\"Gratiskurs Excel\" srcset=\"\/wp-content\/uploads\/2020\/11\/Green-and-Dark-Green-Simple-Forest-Of-The-Future-Presentation-300x169.png 300w, \/wp-content\/uploads\/2020\/11\/Green-and-Dark-Green-Simple-Forest-Of-The-Future-Presentation-1024x576.png 1024w, \/wp-content\/uploads\/2020\/11\/Green-and-Dark-Green-Simple-Forest-Of-The-Future-Presentation-768x432.png 768w, \/wp-content\/uploads\/2020\/11\/Green-and-Dark-Green-Simple-Forest-Of-The-Future-Presentation-1536x864.png 1536w, \/wp-content\/uploads\/2020\/11\/Green-and-Dark-Green-Simple-Forest-Of-The-Future-Presentation.png 1920w\" sizes=\"auto, (max-width: 300px) 100vw, 300px\" \/>\t\t\t<\/a>\n\t\t\t\t\t\n\t\t\t\t\t<div class=\"caption\">\n\t\t\t\t<h3 class=\"entry-title\">Gratis Excelkurs<\/h3>\n\t\t\t\t\t\t\t\t<div class=\"entry-content\"><p>Kortare gratiskurs f\u00f6r dig som vill komma ig\u00e5ng i Excel.<br \/>\nKursen sker online och \u00e4r uppbyggd av korta lektioner och \u00f6vningar. Vi har valt ut de mest relevanta delarna i Excel och skapat korta videolektioner som p\u00e5 ett effektivt s\u00e4tt l\u00e4r dig de olika momenten. Varje kapitel har \u00e4ven ett quiz d\u00e4r du f\u00e5r testa dina kunskaper. M\u00e5nga av lektionerna har \u00e4ven lektionsunderlag som g\u00f6r att man enkelt kan f\u00f6lja med i Excel.<br \/>\nKursen fungerar som en bra introduktion till Learnesys l\u00e4roplattform och pedagogik och ger dig ett bra fundament till att l\u00e4ra dig mer.  <\/p>\n<\/div>\n\t\t\t\t\t\t\t\t<div class=\"ld_course_grid_button\"><a class=\"btn btn-primary\" role=\"button\" href=\"https:\/\/learnesy.com\/sv\/courses\/gratis-excelkurs\/\" rel=\"bookmark\">Starta kurs<\/a><\/div>\n\t\t\t\t\t\t\t<\/div><!-- .entry-header -->\n\t\t\t<\/article><!-- #post-## -->\n<\/div><!-- .ld_course_grid -->\n<!-- LearnDash Course Grid v1 --><div class=\"ld_course_grid col-sm-8 col-md-4 \">\n\t<article id=\"post-274351\" class=\" thumbnail course post-274351 sfwd-courses type-sfwd-courses status-publish has-post-thumbnail hentry ld_course_tag-show_free_courses\">\n\t\t\t\t\t\t\t\t<div class=\"ribbon\">\n\t\t\t\tGratis\t\t\t<\/div>\n\t\t\t\n\t\t\t\t\t\t<a href=\"https:\/\/learnesy.com\/sv\/courses\/gratis-power-bi\/\" rel=\"bookmark\">\n\t\t\t\t<img loading=\"lazy\" decoding=\"async\" width=\"300\" height=\"169\" src=\"\/wp-content\/uploads\/2023\/11\/pbiiiii-300x169.png\" class=\"attachment-medium size-medium wp-post-image\" alt=\"gratis-power-bi\" srcset=\"\/wp-content\/uploads\/2023\/11\/pbiiiii-300x169.png 300w, \/wp-content\/uploads\/2023\/11\/pbiiiii-1024x576.png 1024w, \/wp-content\/uploads\/2023\/11\/pbiiiii-768x432.png 768w, \/wp-content\/uploads\/2023\/11\/pbiiiii-1536x864.png 1536w, \/wp-content\/uploads\/2023\/11\/pbiiiii.png 1920w\" sizes=\"auto, (max-width: 300px) 100vw, 300px\" \/>\t\t\t<\/a>\n\t\t\t\t\t\n\t\t\t\t\t<div class=\"caption\">\n\t\t\t\t<h3 class=\"entry-title\">Power BI p\u00e5 15 minuter<\/h3>\n\t\t\t\t\t\t\t\t<div class=\"entry-content\"><p>Kortare gratiskurs f\u00f6r dig som vill komma ig\u00e5ng med Power BI.<br \/>\nKursen sker online och \u00e4r uppbyggd av korta lektioner och \u00f6vningar. Vi har valt ut de mest relevanta delarna fr\u00e5n v\u00e5r kurs Power BI Bas med korta videolektioner som p\u00e5 ett effektivt s\u00e4tt l\u00e4r dig de olika momenten. Kursen avslutas med ett enklare quiz.<br \/>\nKursen fungerar som en bra introduktion till Learnesys l\u00e4roplattform och pedagogik, och ger dig ett bra fundament till att l\u00e4ra dig mer.  <\/p>\n<\/div>\n\t\t\t\t\t\t\t\t<div class=\"ld_course_grid_button\"><a class=\"btn btn-primary\" role=\"button\" href=\"https:\/\/learnesy.com\/sv\/courses\/gratis-power-bi\/\" rel=\"bookmark\">Starta kurs<\/a><\/div>\n\t\t\t\t\t\t\t<\/div><!-- .entry-header -->\n\t\t\t<\/article><!-- #post-## -->\n<\/div><!-- .ld_course_grid -->\n<!-- LearnDash Course Grid v1 --><div class=\"ld_course_grid col-sm-8 col-md-4 \">\n\t<article id=\"post-143972\" class=\" thumbnail course post-143972 sfwd-courses type-sfwd-courses status-publish has-post-thumbnail hentry ld_course_category-gratis ld_course_tag-show_free_courses\">\n\t\t\t\t\t\t\t\t<div class=\"ribbon\">\n\t\t\t\tGratis\t\t\t<\/div>\n\t\t\t\n\t\t\t\t\t\t<a href=\"https:\/\/learnesy.com\/sv\/courses\/praktiska-exceltips\/\" rel=\"bookmark\">\n\t\t\t\t<img loading=\"lazy\" decoding=\"async\" width=\"300\" height=\"169\" src=\"\/wp-content\/uploads\/2022\/06\/Praktiska-300x169.png\" class=\"attachment-medium size-medium wp-post-image\" alt=\"\" srcset=\"\/wp-content\/uploads\/2022\/06\/Praktiska-300x169.png 300w, \/wp-content\/uploads\/2022\/06\/Praktiska-768x432.png 768w, \/wp-content\/uploads\/2022\/06\/Praktiska-400x225.png 400w, \/wp-content\/uploads\/2022\/06\/Praktiska.png 1024w\" sizes=\"auto, (max-width: 300px) 100vw, 300px\" \/>\t\t\t<\/a>\n\t\t\t\t\t\n\t\t\t\t\t<div class=\"caption\">\n\t\t\t\t<h3 class=\"entry-title\">Praktiska Exceltips<\/h3>\n\t\t\t\t\t\t\t\t<div class=\"entry-content\"><p>I denna kurs har vi samlat alla v\u00e5ra korta LinkedIn-tips, som l\u00e4r dig hantera praktiska problem i Excel! Kursen\u00a0fylls p\u00e5 kontinuerligt med nya tips.<br \/>\nKursen \u00e4r helt gratis och tacklar problem som du som Excel-anv\u00e4ndare kan st\u00f6ta p\u00e5. Alla l\u00f6sningar f\u00f6rklaras i detalj med text, just f\u00f6r att man ska kunna h\u00e4nga med och f\u00e5 en f\u00f6rst\u00e5else f\u00f6r de olika l\u00f6sningarna. Lektionerna \u00e4r unika och \u00e5terfinns inte i n\u00e5gra andra Learnesy-kurser.<br \/>\nD\u00e5 vi st\u00e4ndigt uppdaterar kursen med nya lektioner \u00e4r denna kurs en bra k\u00e4lla till praktiska Excelkunskaper!<\/p>\n<\/div>\n\t\t\t\t\t\t\t\t<div class=\"ld_course_grid_button\"><a class=\"btn btn-primary\" role=\"button\" href=\"https:\/\/learnesy.com\/sv\/courses\/praktiska-exceltips\/\" rel=\"bookmark\">Starta kurs<\/a><\/div>\n\t\t\t\t\t\t\t<\/div><!-- .entry-header -->\n\t\t\t<\/article><!-- #post-## -->\n<\/div><!-- .ld_course_grid -->\n<!-- LearnDash Course Grid v1 --><div class=\"ld_course_grid col-sm-8 col-md-4 \">\n\t<article id=\"post-40\" class=\" thumbnail course post-40 sfwd-courses type-sfwd-courses status-publish has-post-thumbnail hentry ld_course_category-excel ld_course_tag-show_free_courses\">\n\t\t\t\t\t\t\t\t<div class=\"ribbon\">\n\t\t\t\t3,495 kr\t\t\t<\/div>\n\t\t\t\n\t\t\t\t\t\t<a href=\"https:\/\/learnesy.com\/sv\/courses\/excelkurs-bas\/\" rel=\"bookmark\">\n\t\t\t\t<img loading=\"lazy\" decoding=\"async\" width=\"300\" height=\"169\" src=\"\/wp-content\/uploads\/2019\/01\/Green-White-Modern-Tutorial-YouTube-Thumbnail3-300x169.png\" class=\"attachment-medium size-medium wp-post-image\" alt=\"Excel grundkurs\" srcset=\"\/wp-content\/uploads\/2019\/01\/Green-White-Modern-Tutorial-YouTube-Thumbnail3-300x169.png 300w, \/wp-content\/uploads\/2019\/01\/Green-White-Modern-Tutorial-YouTube-Thumbnail3-1024x576.png 1024w, \/wp-content\/uploads\/2019\/01\/Green-White-Modern-Tutorial-YouTube-Thumbnail3-768x432.png 768w, \/wp-content\/uploads\/2019\/01\/Green-White-Modern-Tutorial-YouTube-Thumbnail3.png 1280w\" sizes=\"auto, (max-width: 300px) 100vw, 300px\" \/>\t\t\t<\/a>\n\t\t\t\t\t\n\t\t\t\t\t<div class=\"caption\">\n\t\t\t\t<h3 class=\"entry-title\">Excelkurs Bas<\/h3>\n\t\t\t\t\t\t\t\t<div class=\"entry-content\"><p>Excelkurs Bas \u00e4r Learnesys popul\u00e4ra grundkurs i Excel som riktar sig till dig som \u00e4r nyb\u00f6rjare eller sj\u00e4lvl\u00e4rd. Det \u00e4r en omfattande kurs som tack vare Learnesys genomt\u00e4nkta pedagogik snabbt och effektivt g\u00e5r fram\u00e5t. Total kurstid ligger p\u00e5 ca 10-12h.<br \/>\nUt\u00f6ver grunderna f\u00e5r du l\u00e4ra dig moment som Pivottabeller och Excels viktigaste funktioner.<br \/>\nKursen underh\u00e5lls och uppdateras kontinuerligt av Learnesys duktiga produktutvecklare, vilket g\u00f6r att du alltid f\u00e5r ta del av de allra nyaste funktionerna i Excel!<\/p>\n<\/div>\n\t\t\t\t\t\t\t\t<div class=\"ld_course_grid_button\"><a class=\"btn btn-primary\" role=\"button\" href=\"https:\/\/learnesy.com\/sv\/courses\/excelkurs-bas\/\" rel=\"bookmark\">Starta kurs<\/a><\/div>\n\t\t\t\t\t\t\t<\/div><!-- .entry-header -->\n\t\t\t<\/article><!-- #post-## -->\n<\/div><!-- .ld_course_grid -->\n<!-- LearnDash Course Grid v1 --><div class=\"ld_course_grid col-sm-8 col-md-4 \">\n\t<article id=\"post-49827\" class=\" thumbnail course post-49827 sfwd-courses type-sfwd-courses status-publish has-post-thumbnail hentry ld_course_category-gratis ld_course_category-dataanalys ld_course_tag-show_free_courses\">\n\t\t\t\t\t\t\t\t<div class=\"ribbon\">\n\t\t\t\tGratis\t\t\t<\/div>\n\t\t\t\n\t\t\t\t\t\t<a href=\"https:\/\/learnesy.com\/sv\/courses\/introduktion-till-dataanalys\/\" rel=\"bookmark\">\n\t\t\t\t<img loading=\"lazy\" decoding=\"async\" width=\"300\" height=\"169\" src=\"\/wp-content\/uploads\/2021\/06\/2021-05-26-15-300x169.png\" class=\"attachment-medium size-medium wp-post-image\" alt=\"\" srcset=\"\/wp-content\/uploads\/2021\/06\/2021-05-26-15-300x169.png 300w, \/wp-content\/uploads\/2021\/06\/2021-05-26-15-1024x576.png 1024w, \/wp-content\/uploads\/2021\/06\/2021-05-26-15-768x432.png 768w, \/wp-content\/uploads\/2021\/06\/2021-05-26-15-1536x864.png 1536w, \/wp-content\/uploads\/2021\/06\/2021-05-26-15-400x225.png 400w, \/wp-content\/uploads\/2021\/06\/2021-05-26-15-600x338.png 600w, \/wp-content\/uploads\/2021\/06\/2021-05-26-15.png 1920w\" sizes=\"auto, (max-width: 300px) 100vw, 300px\" \/>\t\t\t<\/a>\n\t\t\t\t\t\n\t\t\t\t\t<div class=\"caption\">\n\t\t\t\t<h3 class=\"entry-title\">Introduktion till dataanalys<\/h3>\n\t\t\t\t\t\t\t\t<div class=\"entry-content\"><p>Kort gratiskurs f\u00f6r alla som \u00e4r nyfikna p\u00e5 dataanalys. I kursen l\u00e4r du dig vad data \u00e4r, hur vi arbetar med data och hur vi kan till\u00e4mpa algoritmer f\u00f6r att generera kunskap fr\u00e5n dataunderlag.<br \/>\nMed den h\u00e4r gratiskursen kommer man f\u00e5 en introduktion till grunderna och f\u00f6rst\u00e5 somliga nyckelbegrepp inom dataanalys.<br \/>\nKursen anv\u00e4nder programmeringsspr\u00e5ket Python och Jupyter Notebook f\u00f6r kombinera praktiska exempel med grundl\u00e4ggande teori.<\/p>\n<\/div>\n\t\t\t\t\t\t\t\t<div class=\"ld_course_grid_button\"><a class=\"btn btn-primary\" role=\"button\" href=\"https:\/\/learnesy.com\/sv\/courses\/introduktion-till-dataanalys\/\" rel=\"bookmark\">Starta kurs<\/a><\/div>\n\t\t\t\t\t\t\t<\/div><!-- .entry-header -->\n\t\t\t<\/article><!-- #post-## -->\n<\/div><!-- .ld_course_grid -->\n<!-- LearnDash Course Grid v1 --><div class=\"ld_course_grid col-sm-8 col-md-4 \">\n\t<article id=\"post-736\" class=\" thumbnail course post-736 sfwd-courses type-sfwd-courses status-publish has-post-thumbnail hentry ld_course_category-excel ld_course_tag-show_free_courses\">\n\t\t\t\t\t\t\t\t<div class=\"ribbon\">\n\t\t\t\t3,495 kr\t\t\t<\/div>\n\t\t\t\n\t\t\t\t\t\t<a href=\"https:\/\/learnesy.com\/sv\/courses\/excelfunktioner-fordjupning\/\" rel=\"bookmark\">\n\t\t\t\t<img loading=\"lazy\" decoding=\"async\" width=\"300\" height=\"169\" src=\"\/wp-content\/uploads\/2019\/02\/excelfunktioner-2-300x169.png\" class=\"attachment-medium size-medium wp-post-image\" alt=\"\" srcset=\"\/wp-content\/uploads\/2019\/02\/excelfunktioner-2-300x169.png 300w, \/wp-content\/uploads\/2019\/02\/excelfunktioner-2-1024x576.png 1024w, \/wp-content\/uploads\/2019\/02\/excelfunktioner-2-768x432.png 768w, \/wp-content\/uploads\/2019\/02\/excelfunktioner-2-1536x864.png 1536w, \/wp-content\/uploads\/2019\/02\/excelfunktioner-2.png 1920w\" sizes=\"auto, (max-width: 300px) 100vw, 300px\" \/>\t\t\t<\/a>\n\t\t\t\t\t\n\t\t\t\t\t<div class=\"caption\">\n\t\t\t\t<h3 class=\"entry-title\">Excelfunktioner i praktiken<\/h3>\n\t\t\t\t\t\t\t\t<div class=\"entry-content\"><p>L\u00e4r dig logiken bakom Excels funktioner f\u00f6r att spara \u00e4nnu mer tid och erh\u00e5lla h\u00f6gre kvalitet i ditt arbete. N\u00e4r du kan fler funktioner kan du spara tid i ditt arbete eftersom du ofta kan byta ut flera moment mot en enda funktion. Den h\u00e4r onlinekursen som riktar sig till dig med grundl\u00e4ggande kunskaper inom Excel.<br \/>\nFunktionerna presenteras med grundl\u00e4ggande exempel. Kursen ger dig inte bara ett bra bibliotek av Excelfunktioner utan en god f\u00f6rst\u00e5else f\u00f6r logiken bakom dessa. <\/p>\n<\/div>\n\t\t\t\t\t\t\t\t<div class=\"ld_course_grid_button\"><a class=\"btn btn-primary\" role=\"button\" href=\"https:\/\/learnesy.com\/sv\/courses\/excelfunktioner-fordjupning\/\" rel=\"bookmark\">Starta kurs<\/a><\/div>\n\t\t\t\t\t\t\t<\/div><!-- .entry-header -->\n\t\t\t<\/article><!-- #post-## -->\n<\/div><!-- .ld_course_grid -->\n\t\t<\/div>\n\t\t\t\t<\/div>\n\n\n\n\n<div class=\"container flex justify-center rounded-xl py-12 mb-12 mx-auto\" style=\"background-color:#33645C\">\n    <div class=\"max-w-2xl mt-auto text-center\">\n        <div class=\"text-white text-lg\">\n            Uppt\u00e4ck f\u00f6rdelarna med att l\u00e4ra dig online! Learnesy \u00e4r en ledande Excel-utbildare \u2013 och vi t\u00e4nker forts\u00e4tta ligga i topp.\n            Utforska v\u00e5rt breda kursutbud och hitta r\u00e4tt kurs f\u00f6r dig genom att klicka p\u00e5 knappen nedan.\n        <\/div>\n        <div class=\"mt-12\">\n            <a class=\"p-2 text-base text-white hover:text-white rounded bg-coral-500 hover:bg-coral-700 lg:py-2 lg:px-4 lg:text-xl no-underline\" href=\"https:\/\/learnesy.com\/sv\/courses\/\">\n                Alla v\u00e5ra kurser\n            <\/a>\n        <\/div>\n    <\/div>\n<\/div>\n\n\n\n<h3 class=\"wp-block-heading text-center\">F\u00f6retag, universitet och privatpersoner effektiviserar sitt arbete med onlinekurser fr\u00e5n Learnesy<\/h3>\n\n\n\n\n\t<div class=\"flex flex-wrap pb-4 -mx-4 xl:pt-12 xl:pb-24\">\n\t\t\t\t\t<div class=\"flex items-center justify-center p-4 flex-3 lg:flex-8\"><img decoding=\"async\" src=\"\/wp-content\/uploads\/2019\/07\/tuc.png\" class=\"block w-auto\"  alt=\"tuc yh Learnesy\" \/><\/div>\n\t\t\t\t\t<div class=\"flex items-center justify-center p-4 flex-3 lg:flex-8\"><img decoding=\"async\" src=\"\/wp-content\/uploads\/2020\/03\/Bring-logo-1.jpg\" class=\"block w-auto\"  alt=\"Bring Learnesy\" \/><\/div>\n\t\t\t\t\t<div class=\"flex items-center justify-center p-4 flex-3 lg:flex-8\"><img decoding=\"async\" src=\"\/wp-content\/uploads\/2020\/03\/KTH_Logotyp_RGB_2013-300pxl.png\" class=\"block w-auto\"  alt=\"KTH Learnesy\" \/><\/div>\n\t\t\t\t\t<div class=\"flex items-center justify-center p-4 flex-3 lg:flex-8\"><img decoding=\"async\" src=\"\/wp-content\/uploads\/2021\/01\/coor-logo.jpg\" class=\"block w-auto\"  alt=\"Coor Learnesy\" \/><\/div>\n\t\t\t\t\t<div class=\"flex items-center justify-center p-4 flex-3 lg:flex-8\"><img decoding=\"async\" src=\"\/wp-content\/uploads\/2021\/03\/scc-logo-box-opengraph-01-1024x536.jpg\" class=\"block w-auto\"  alt=\"Handelskammaren Learnesy\" \/><\/div>\n\t\t\t\t\t<div class=\"flex items-center justify-center p-4 flex-3 lg:flex-8\"><img decoding=\"async\" src=\"\/wp-content\/uploads\/2021\/10\/Orkla-Learnesy-logo-1024x442.png\" class=\"block w-auto\"  alt=\"\" \/><\/div>\n\t\t\t\t\t<div class=\"flex items-center justify-center p-4 flex-3 lg:flex-8\"><img decoding=\"async\" src=\"\/wp-content\/uploads\/2021\/10\/Dormakaba-Learnesy-logo.png\" class=\"block w-auto\"  alt=\"Dormakaba Learnesy\" \/><\/div>\n\t\t\t\t\t<div class=\"flex items-center justify-center p-4 flex-3 lg:flex-8\"><img decoding=\"async\" src=\"\/wp-content\/uploads\/2022\/02\/MDU-2022.png\" class=\"block w-auto\"  alt=\"MDU Learnesy\" \/><\/div>\n\t\t\t\t\t<div class=\"flex items-center justify-center p-4 flex-3 lg:flex-8\"><img decoding=\"async\" src=\"\/wp-content\/uploads\/2022\/03\/logo-uog-1.png\" class=\"block w-auto\"  alt=\"\" \/><\/div>\n\t\t\t\t\t<div class=\"flex items-center justify-center p-4 flex-3 lg:flex-8\"><img decoding=\"async\" src=\"\/wp-content\/uploads\/2022\/03\/logo-nobs.png\" class=\"block w-auto\"  alt=\"\" \/><\/div>\n\t\t\t\t\t<div class=\"flex items-center justify-center p-4 flex-3 lg:flex-8\"><img decoding=\"async\" src=\"\/wp-content\/uploads\/2022\/03\/logo-srf.png\" class=\"block w-auto\"  alt=\"SRF Learnesy\" \/><\/div>\n\t\t\t\t\t<div class=\"flex items-center justify-center p-4 flex-3 lg:flex-8\"><img decoding=\"async\" src=\"\/wp-content\/uploads\/2022\/03\/logo-liu.png\" class=\"block w-auto\"  alt=\"Link\u00f6pings Uni Learnesy\" \/><\/div>\n\t\t\t\t\t<div class=\"flex items-center justify-center p-4 flex-3 lg:flex-8\"><img decoding=\"async\" src=\"\/wp-content\/uploads\/2022\/02\/kiilto_master_logo_blue_rgb-2-720x720-1.png\" class=\"block w-auto\"  alt=\"Kiilto Learnesy\" \/><\/div>\n\t\t\t\t\t<div class=\"flex items-center justify-center p-4 flex-3 lg:flex-8\"><img decoding=\"async\" src=\"\/wp-content\/uploads\/2020\/04\/deloitte.png\" class=\"block w-auto\"  alt=\"deloitte Learnesy\" \/><\/div>\n\t\t\t\t\t<div class=\"flex items-center justify-center p-4 flex-3 lg:flex-8\"><img decoding=\"async\" src=\"\/wp-content\/uploads\/2020\/03\/Confex-logo.png\" class=\"block w-auto\"  alt=\"Confex Learnesy\" \/><\/div>\n\t\t\t\t\t<div class=\"flex items-center justify-center p-4 flex-3 lg:flex-8\"><img decoding=\"async\" src=\"\/wp-content\/uploads\/2021\/06\/ragn-sells-logo.png\" class=\"block w-auto\"  alt=\"ragn-sells Learnesy\" \/><\/div>\n\t\t\t\t\t<div class=\"flex items-center justify-center p-4 flex-3 lg:flex-8\"><img decoding=\"async\" src=\"\/wp-content\/uploads\/2021\/06\/1200px-Pernod_Ricard_logo_2019.svg_-1024x377.png\" class=\"block w-auto\"  alt=\"Pernod Ricard Learnesy\" \/><\/div>\n\t\t\t\t<\/div>\n\t\t\t\n\n\n<div class=\"pt-12 text-base text-center\">S\u00e4ljare p\u00e5 Ahlsell <strong class=\"px-1 bg-yellow-300\">sparar i snitt 51 minuter per vecka<\/strong> med Excelkurser fr\u00e5n Learnesy.<\/div>\n","protected":false},"excerpt":{"rendered":"<p>Uppt\u00e4ck f\u00f6rdelarna med att l\u00e4ra dig online! Learnesy \u00e4r en ledande Excel-utbildare \u2013 och vi t\u00e4nker forts\u00e4tta ligga i topp. Utforska v\u00e5rt breda kursutbud och hitta r\u00e4tt kurs f\u00f6r dig genom att klicka p\u00e5 knappen [&hellip;]<\/p>\n","protected":false},"author":2,"featured_media":0,"parent":0,"menu_order":0,"comment_status":"closed","ping_status":"closed","template":"","meta":{"_acf_changed":false,"_eb_attr":"","footnotes":""},"class_list":["post-52461","page","type-page","status-publish","hentry"],"acf":[],"_links":{"self":[{"href":"https:\/\/learnesy.com\/sv\/wp-json\/wp\/v2\/pages\/52461","targetHints":{"allow":["GET"]}}],"collection":[{"href":"https:\/\/learnesy.com\/sv\/wp-json\/wp\/v2\/pages"}],"about":[{"href":"https:\/\/learnesy.com\/sv\/wp-json\/wp\/v2\/types\/page"}],"author":[{"embeddable":true,"href":"https:\/\/learnesy.com\/sv\/wp-json\/wp\/v2\/users\/2"}],"replies":[{"embeddable":true,"href":"https:\/\/learnesy.com\/sv\/wp-json\/wp\/v2\/comments?post=52461"}],"version-history":[{"count":90,"href":"https:\/\/learnesy.com\/sv\/wp-json\/wp\/v2\/pages\/52461\/revisions"}],"predecessor-version":[{"id":546691,"href":"https:\/\/learnesy.com\/sv\/wp-json\/wp\/v2\/pages\/52461\/revisions\/546691"}],"wp:attachment":[{"href":"https:\/\/learnesy.com\/sv\/wp-json\/wp\/v2\/media?parent=52461"}],"curies":[{"name":"wp","href":"https:\/\/api.w.org\/{rel}","templated":true}]}}