{"id":432987,"date":"2025-04-22T11:05:52","date_gmt":"2025-04-22T10:05:52","guid":{"rendered":"https:\/\/learnesy.com\/?page_id=432987"},"modified":"2025-04-22T11:05:55","modified_gmt":"2025-04-22T10:05:55","slug":"controllerpaketet-2","status":"publish","type":"page","link":"https:\/\/learnesy.com\/sv\/controllerpaketet-2\/","title":{"rendered":"Controllerpaketet"},"content":{"rendered":"<div class=\"wpforms-container \" id=\"wpforms-437966\"><form id=\"wpforms-form-437966\" class=\"wpforms-validate wpforms-form wpforms-ajax-form\" data-formid=\"437966\" method=\"post\" enctype=\"multipart\/form-data\" action=\"\/sv\/wp-json\/wp\/v2\/pages\/432987\" data-token=\"29d4a81024183df9df4ee8787900396e\" data-token-time=\"1775552630\"><noscript class=\"wpforms-error-noscript\">Aktivera JavaScript i din webbl\u00e4sare f\u00f6r att fylla i formul\u00e4ret.<\/noscript><div class=\"wpforms-field-container\"><div id=\"wpforms-437966-field_1-container\" class=\"wpforms-field wpforms-field-email\" data-field-id=\"1\"><label class=\"wpforms-field-label\" for=\"wpforms-437966-field_1\">e-postadress <span class=\"wpforms-required-label\">*<\/span><\/label><input type=\"email\" id=\"wpforms-437966-field_1\" class=\"wpforms-field-medium wpforms-field-required\" name=\"wpforms[fields][1]\" spellcheck=\"false\" required><\/div><div id=\"wpforms-437966-field_2-container\" class=\"wpforms-field wpforms-field-text\" data-field-id=\"2\"><label class=\"wpforms-field-label\" for=\"wpforms-437966-field_2\">Ditt namn <span class=\"wpforms-required-label\">*<\/span><\/label><input type=\"text\" id=\"wpforms-437966-field_2\" class=\"wpforms-field-medium wpforms-field-required\" name=\"wpforms[fields][2]\" required><\/div><div id=\"wpforms-437966-field_3-container\" class=\"wpforms-field wpforms-field-text\" data-field-id=\"3\"><label class=\"wpforms-field-label\" for=\"wpforms-437966-field_3\">Yrkestitel<\/label><input type=\"text\" id=\"wpforms-437966-field_3\" class=\"wpforms-field-medium\" name=\"wpforms[fields][3]\" ><\/div><div id=\"wpforms-437966-field_4-container\" class=\"wpforms-field wpforms-field-text\" data-field-id=\"4\"><label class=\"wpforms-field-label\" for=\"wpforms-437966-field_4\">F\u00f6retag<\/label><input type=\"text\" id=\"wpforms-437966-field_4\" class=\"wpforms-field-medium\" name=\"wpforms[fields][4]\" ><\/div><\/div><!-- .wpforms-field-container --><div class=\"wpforms-submit-container\" ><input type=\"hidden\" name=\"wpforms[id]\" value=\"437966\"><input type=\"hidden\" name=\"page_title\" value=\"\"><input type=\"hidden\" name=\"page_url\" value=\"https:\/\/learnesy.com\/sv\/wp-json\/wp\/v2\/pages\/432987\"><input type=\"hidden\" name=\"url_referer\" value=\"\"><button type=\"submit\" name=\"wpforms[submit]\" id=\"wpforms-submit-437966\" class=\"wpforms-submit\" data-alt-text=\"Skickar....\" data-submit-text=\"H\u00e4mta filen\" aria-live=\"assertive\" value=\"wpforms-submit\">H\u00e4mta filen<\/button><img loading=\"lazy\" decoding=\"async\" src=\"\/wp-content\/plugins\/wpforms\/assets\/images\/submit-spin.svg\" class=\"wpforms-submit-spinner\" style=\"display: none;\" width=\"26\" height=\"26\" alt=\"Laddar\"><\/div><\/form><\/div>  <!-- .wpforms-container -->\n","protected":false},"excerpt":{"rendered":"","protected":false},"author":2,"featured_media":0,"parent":0,"menu_order":0,"comment_status":"closed","ping_status":"closed","template":"","meta":{"_acf_changed":false,"_eb_attr":"","footnotes":""},"class_list":["post-432987","page","type-page","status-publish","hentry"],"acf":[],"_links":{"self":[{"href":"https:\/\/learnesy.com\/sv\/wp-json\/wp\/v2\/pages\/432987","targetHints":{"allow":["GET"]}}],"collection":[{"href":"https:\/\/learnesy.com\/sv\/wp-json\/wp\/v2\/pages"}],"about":[{"href":"https:\/\/learnesy.com\/sv\/wp-json\/wp\/v2\/types\/page"}],"author":[{"embeddable":true,"href":"https:\/\/learnesy.com\/sv\/wp-json\/wp\/v2\/users\/2"}],"replies":[{"embeddable":true,"href":"https:\/\/learnesy.com\/sv\/wp-json\/wp\/v2\/comments?post=432987"}],"version-history":[{"count":1,"href":"https:\/\/learnesy.com\/sv\/wp-json\/wp\/v2\/pages\/432987\/revisions"}],"predecessor-version":[{"id":437970,"href":"https:\/\/learnesy.com\/sv\/wp-json\/wp\/v2\/pages\/432987\/revisions\/437970"}],"wp:attachment":[{"href":"https:\/\/learnesy.com\/sv\/wp-json\/wp\/v2\/media?parent=432987"}],"curies":[{"name":"wp","href":"https:\/\/api.w.org\/{rel}","templated":true}]}}