{"id":408248,"date":"2025-01-27T09:40:42","date_gmt":"2025-01-27T08:40:42","guid":{"rendered":"https:\/\/learnesy.com\/?page_id=408248"},"modified":"2026-04-22T08:59:12","modified_gmt":"2026-04-22T07:59:12","slug":"power-bi-grundkurs","status":"publish","type":"page","link":"https:\/\/learnesy.com\/sv\/power-bi-grundkurs\/","title":{"rendered":"Power Bi Grundkurs"},"content":{"rendered":"\n<h1 class=\"wp-block-heading\">Power Bi Grundkurs<\/h1>\n\n\n\n<p>Kom ig\u00e5ng med Power BI &#8211; L\u00e4r dig skapa bra rapporter med en professionell design och f\u00e5 en helt\u00e4ckande f\u00f6rst\u00e5else f\u00f6r din verksamhets data!<\/p>\n\n\n\r\n<div class=\"align wp-block-tcb-tabs\" id='tcbTabbedContent-5' data-attributes='{&quot;tabs&quot;:[{&quot;clientId&quot;:&quot;49431506-3fb8-4d3e-a179-7d572acebad7&quot;,&quot;title&quot;:&quot;Om kursen&quot;,&quot;icon&quot;:{&quot;class&quot;:&quot;fa-solid fa-circle-info&quot;}},{&quot;clientId&quot;:&quot;f68d8901-5425-4e8d-818c-5cc636cef1d1&quot;,&quot;title&quot;:&quot;Kursinneh\\u00e5ll&quot;,&quot;icon&quot;:{&quot;class&quot;:&quot;fa-solid fa-list-check&quot;}},{&quot;clientId&quot;:&quot;dd4865db-8826-4297-bad7-0fd6254ba226&quot;,&quot;title&quot;:&quot;Kunskapsm\\u00e5l&quot;,&quot;icon&quot;:{&quot;class&quot;:&quot;fa-solid fa-graduation-cap&quot;}}],&quot;tabColors&quot;:{&quot;color&quot;:&quot;rgba(21, 56, 82, 1)&quot;,&quot;bgType&quot;:&quot;solid&quot;,&quot;gradient&quot;:&quot;linear-gradient(to right, #f3fbed, #f1f9eb, #f0f7e9, #e4eedc, #dbeccd)&quot;,&quot;bg&quot;:&quot;rgba(200, 212, 215, 0.76)&quot;},&quot;tabActiveColors&quot;:{&quot;color&quot;:&quot;rgba(119, 119, 119, 1)&quot;,&quot;bgType&quot;:&quot;solid&quot;,&quot;gradient&quot;:&quot;linear-gradient(90deg,rgb(1,148,71) 0%,rgba(118,156,131,0.37) 100%)&quot;},&quot;titleTypo&quot;:{&quot;fontSize&quot;:{&quot;desktop&quot;:15},&quot;lineHeight&quot;:&quot;20%&quot;,&quot;letterSpace&quot;:&quot;2px&quot;},&quot;icon&quot;:{&quot;size&quot;:&quot;20px&quot;,&quot;color&quot;:&quot;rgba(21, 56, 82, 1)&quot;,&quot;activeColor&quot;:&quot;rgba(111, 114, 120, 1)&quot;},&quot;contentBG&quot;:{&quot;gradient&quot;:&quot;-webkit-linear-gradient(90deg, rgba(2,0,36,1) 0%, rgba(232,243,214,1) 0%, rgba(242,246,203,1) 39%, rgba(242,246,202,1) 70%, rgba(252,249,190,1) 90%)&quot;,&quot;type&quot;:&quot;solid&quot;,&quot;color&quot;:&quot;rgba(208, 218, 223, 0.16)&quot;},&quot;align&quot;:&quot;&quot;,&quot;options&quot;:{&quot;theme&quot;:&quot;default&quot;},&quot;elements&quot;:{&quot;icon&quot;:true,&quot;title&quot;:true,&quot;isTabBG&quot;:false},&quot;TabbedPadding&quot;:{&quot;top&quot;:&quot;10px&quot;,&quot;right&quot;:&quot;10px&quot;,&quot;bottom&quot;:&quot;10px&quot;,&quot;left&quot;:&quot;10px&quot;},&quot;tabsPadding&quot;:{&quot;top&quot;:&quot;0px&quot;,&quot;right&quot;:&quot;0px&quot;,&quot;bottom&quot;:&quot;0px&quot;,&quot;left&quot;:&quot;0px&quot;},&quot;tabBorder&quot;:{&quot;active&quot;:{&quot;width&quot;:0,&quot;color&quot;:&quot;#000&quot;,&quot;style&quot;:&quot;solid&quot;},&quot;normal&quot;:{&quot;width&quot;:0,&quot;color&quot;:&quot;#000&quot;,&quot;style&quot;:&quot;solid&quot;}},&quot;borderHeight&quot;:{&quot;height&quot;:&quot;3px&quot;},&quot;tabbedBG&quot;:{&quot;color&quot;:&quot;#FFF1F3&quot;,&quot;type&quot;:&quot;solid&quot;},&quot;borderBG&quot;:{&quot;gradient&quot;:&quot;linear-gradient(to right, rgba(157, 71, 240, 1), rgba(71, 240, 240, 0.8))&quot;,&quot;type&quot;:&quot;gradient&quot;},&quot;tabMenuBorder&quot;:{&quot;width&quot;:&quot;1px&quot;,&quot;menuBColor&quot;:&quot;#ccc&quot;}}'>\r\n\t<style>\r\n\t\t#tcbTabbedContent-5 .tabMenu .tabLabel{ font-weight: 400;font-size: 15px;font-style: normal;text-transform: none;text-decoration: auto;line-height: 20%;letter-spacing: 2px; } @media (max-width: 768px) { #tcbTabbedContent-5 .tabMenu .tabLabel{ font-size: 15px; } } @media (max-width: 576px) { #tcbTabbedContent-5 .tabMenu .tabLabel{ font-size: 15px; } }\r\n\r\n\t#tcbTabbedContent-5 .tabMenu {\r\n\t\tpadding: 0px 0px 0px 0px;\r\n\t}\r\n\t\r\n\t#tcbTabbedContent-5 .tabMenu li{\r\n\t\tcolor: rgba(21, 56, 82, 1);background: rgba(200, 212, 215, 0.76);\r\n\t}\r\n\t#tcbTabbedContent-5 .tabMenu li.active {\r\n\t\tcolor: rgba(119, 119, 119, 1);background: #0000;border: 0 solid #000;\r\n\t}\r\n\t#tcbTabbedContent-5 .tabMenu li .menuIcon i{\r\n\t\tfont-size: 20px;\r\n\t\tcolor: rgba(21, 56, 82, 1);\r\n\t}\r\n\t#tcbTabbedContent-5 .tabMenu li.active .menuIcon i{\r\n\t\tcolor: rgba(111, 114, 120, 1);\r\n\t}\r\n\t#tcbTabbedContent-5 .tabContent {background: rgba(208, 218, 223, 0.16);\r\n\t}\r\n\t<\/style>\r\n\r\n\t<div class='tcbTabContent default '>\r\n\t\t<ul class='tabMenu' id='tabMenu-tcbTabbedContent-5'>\r\n\t\t\t\t\t\t\t<li>\r\n\t\t\t\t\t<style>\r\n\t\t\t\t\t\t#tcbTabbedContent-5 #tabMenu-tcbTabbedContent-5 &gt; li .menuIcon i{\r\n\t\t\t\t\t\t\t\r\n\t\t\t\t\t\t}\t\t\t\t\t<\/style>\r\n\r\n\t\t\t\t\t<span class='menuIcon show '><i class='fa-solid fa-circle-info'><\/i><\/span>\r\n\t\t\t\t\t<span class='tabLabel show'>\r\n\t\t\t\t\t\tOm kursen\t\t\t\t\t<\/span>\r\n\t\t\t\t<\/li>\r\n\t\t\t\t\t\t\t<li>\r\n\t\t\t\t\t<style>\r\n\t\t\t\t\t\t#tcbTabbedContent-5 #tabMenu-tcbTabbedContent-5 &gt; li .menuIcon i{\r\n\t\t\t\t\t\t\t\r\n\t\t\t\t\t\t}\t\t\t\t\t<\/style>\r\n\r\n\t\t\t\t\t<span class='menuIcon show '><i class='fa-solid fa-list-check'><\/i><\/span>\r\n\t\t\t\t\t<span class='tabLabel show'>\r\n\t\t\t\t\t\tKursinneh\u00e5ll\t\t\t\t\t<\/span>\r\n\t\t\t\t<\/li>\r\n\t\t\t\t\t\t\t<li>\r\n\t\t\t\t\t<style>\r\n\t\t\t\t\t\t#tcbTabbedContent-5 #tabMenu-tcbTabbedContent-5 &gt; li .menuIcon i{\r\n\t\t\t\t\t\t\t\r\n\t\t\t\t\t\t}\t\t\t\t\t<\/style>\r\n\r\n\t\t\t\t\t<span class='menuIcon show '><i class='fa-solid fa-graduation-cap'><\/i><\/span>\r\n\t\t\t\t\t<span class='tabLabel show'>\r\n\t\t\t\t\t\tKunskapsm\u00e5l\t\t\t\t\t<\/span>\r\n\t\t\t\t<\/li>\r\n\t\t\t\t\t<\/ul>\r\n\r\n\t\t<div class='tabContent' id='tabContent-tcbTabbedContent-5'>\r\n\t\t\t\n\r\n<div class=\"wp-block-tcb-tab\" id='tcbTabContentTab-2'>\r\n\t\n\n<p style=\"font-size:18px\"><strong>Kostnad<\/strong> <br>14 700 SEK <\/p>\n\n\n\n<ul style=\"font-size:14px\" class=\"wp-block-list\">\n<li>2 dagars utbildning<\/li>\n\n\n\n<li>Klassrum<\/li>\n\n\n\n<li>Praktisk \u201dHands-on kurs\u201d<\/li>\n\n\n\n<li>Bli trygg med att andv\u00e4nda Power BI och f\u00e5 b\u00e4ttre insikt i din data<\/li>\n\n\n\n<li>Teori med v\u00e4rdefulla praktiska \u00f6vningar<\/li>\n<\/ul>\n\n\n\n<p style=\"font-size:14px\">P\u00e5 denna tv\u00e5dagarskurs f\u00e5r du l\u00e4ra dig att hantera de verktyg f\u00f6r Self-Service BI som finns i Power BI. Du f\u00e5r l\u00e4ra dig att h\u00e4mta, analysera och visualisera stora datam\u00e4ngder och skapa dynamiska rapporter som hj\u00e4lper till att ge v\u00e4lgrundade beslut baserade p\u00e5 fakta.<\/p>\n\n\n\n<p style=\"font-size:14px\">Vi kan skr\u00e4ddarsy denna kurs f\u00f6r ditt f\u00f6retag. <a href=\"https:\/\/learnesy.com\/sv\/kontakta-oss\" data-type=\"URL\" data-id=\"https:\/\/learnesy.com\/sv\/kontakta-oss\">Kontakta oss<\/a> f\u00f6r ett f\u00f6ruts\u00e4ttningsl\u00f6st samtal.<\/p>\n\n\n\n<div class=\"text\">I samarbete med<\/div>\n        <img decoding=\"async\" src=\"\/wp-content\/uploads\/2025\/01\/excelspecialisten_logotyp.png\" alt=\"Partner Logo\" width=\"130\">\n\n\n<div class=\"free align wp-block-btn-button\" id='btnButton-1' data-nonce='&quot;91a94169f4&quot;' data-attributes='{&quot;cPostId&quot;:408248,&quot;text&quot;:&quot;Boka kurstillf\\u00e4lle&quot;,&quot;icon&quot;:{&quot;class&quot;:&quot;fa-regular fa-calendar-check&quot;},&quot;alignment&quot;:&quot;left&quot;,&quot;colors&quot;:{&quot;color&quot;:&quot;#fff&quot;,&quot;bg&quot;:&quot;rgba(86, 134, 156, 1)&quot;},&quot;hovColors&quot;:{&quot;color&quot;:&quot;#fff&quot;,&quot;bg&quot;:&quot;rgba(126, 178, 178, 1)&quot;},&quot;align&quot;:&quot;&quot;,&quot;actionType&quot;:&quot;link&quot;,&quot;security&quot;:&quot;none&quot;,&quot;securityPassword&quot;:&quot;&quot;,&quot;url&quot;:&quot;&quot;,&quot;tooltip&quot;:&quot;&quot;,&quot;tooltipPos&quot;:&quot;top&quot;,&quot;target&quot;:&quot;_self&quot;,&quot;attrs&quot;:{&quot;rel&quot;:&quot;noreferrer&quot;,&quot;referrerpolicy&quot;:&quot;no-referrer&quot;},&quot;hideOn&quot;:{&quot;desktop&quot;:false,&quot;tablet&quot;:false,&quot;mobile&quot;:false},&quot;isDownload&quot;:false,&quot;downloadFileName&quot;:&quot;&quot;,&quot;isUpIcon&quot;:false,&quot;upIcon&quot;:{&quot;id&quot;:null,&quot;url&quot;:&quot;&quot;,&quot;alt&quot;:&quot;&quot;,&quot;title&quot;:&quot;&quot;},&quot;iconPos&quot;:&quot;left&quot;,&quot;type&quot;:&quot;flat&quot;,&quot;isFullWidth&quot;:false,&quot;size&quot;:&quot;medium&quot;,&quot;popup&quot;:{&quot;type&quot;:&quot;image&quot;,&quot;content&quot;:&quot;&quot;,&quot;caption&quot;:&quot;&quot;,&quot;width&quot;:&quot;&quot;},&quot;animationType&quot;:&quot;&quot;,&quot;animationDuration&quot;:0.4,&quot;addID&quot;:&quot;&quot;,&quot;addCSS&quot;:&quot;&quot;,&quot;typography&quot;:{&quot;fontSize&quot;:{&quot;desktop&quot;:&quot;16px&quot;},&quot;fontWeight&quot;:600,&quot;textDecoration&quot;:&quot;none&quot;},&quot;padding&quot;:{&quot;vertical&quot;:&quot;12px&quot;,&quot;horizontal&quot;:&quot;24px&quot;},&quot;border&quot;:{&quot;radius&quot;:&quot;5px&quot;},&quot;shadow&quot;:[]}' data-info='{&quot;userRoles&quot;:[],&quot;loginURL&quot;:&quot;https:\\\/\\\/learnesy.com\\\/sv\\\/wp-login.php&quot;}'><\/div>\n<\/div>\n\n\r\n<div class=\"wp-block-tcb-tab\" id='tcbTabContentTab-3'>\r\n\t\n\n<p><strong>Vad kommer du att l\u00e4ra dig under dessa tv\u00e5 dagar?<\/strong><\/p>\n\n\n\n<ul style=\"font-size:14px\" class=\"wp-block-list\">\n<li>Introduktion till Power BI<\/li>\n\n\n\n<li>H\u00e4mta data med Power Query<\/li>\n\n\n\n<li>Skapa en datamodell i Power BI<\/li>\n\n\n\n<li>Tv\u00e4tta, transformera och strukturera data<\/li>\n\n\n\n<li>Skapa ber\u00e4knade kolumner och m\u00e5tt med DAX<\/li>\n\n\n\n<li>Visualisera med Power BI och dela p\u00e5 powerbi.com<\/li>\n\n\n\n<li>Sammanfatta data<br><\/li>\n<\/ul>\n\n<\/div>\n\n\r\n<div class=\"wp-block-tcb-tab\" id='tcbTabContentTab-4'>\r\n\t\n\n<p><strong>Kunskaper du kan f\u00f6rv\u00e4nta dig bem\u00e4stra efter kursen<\/strong><\/p>\n\n\n\n<ul class=\"wp-block-list has-small-font-size\">\n<li>Grundkunskaper i Power BI<\/li>\n\n\n\n<li>H\u00e4mta data med Power Query<\/li>\n\n\n\n<li>Skapa en datamodell som \u00e4r optimerad f\u00f6r analys<\/li>\n\n\n\n<li>Skapa ber\u00e4knade kolumner och m\u00e5tt med DAX<\/li>\n\n\n\n<li>Introduktion till Power BI Desktop och Power BI Service<\/li>\n\n\n\n<li>Publicera rapporter p\u00e5 powerbi.com och skapa dashboards<\/li>\n<\/ul>\n\n<\/div>\n\t\t<\/div>\r\n\t<\/div>\r\n<\/div>\n\n<div id=\"confex-iframe-wrapper\"><iframe src=\"https:\/\/confex.se\/kurs\/power-bi-grundkurs\/iframe?signature=5ed9e3376f150f5216a1013b44ce0655383260793cdf97547858d1a6a859a64c\" frameborder=\"0\" scrolling=\"no\" id=\"confex-iframe\"><\/iframe><\/div>\n","protected":false},"excerpt":{"rendered":"<p>Power Bi Grundkurs Kom ig\u00e5ng med Power BI &#8211; L\u00e4r dig skapa bra rapporter med en professionell design och f\u00e5 en helt\u00e4ckande f\u00f6rst\u00e5else f\u00f6r din verksamhets data!<\/p>\n","protected":false},"author":2,"featured_media":0,"parent":0,"menu_order":0,"comment_status":"closed","ping_status":"closed","template":"gutenberg.php","meta":{"_acf_changed":false,"_eb_attr":"","footnotes":""},"class_list":["post-408248","page","type-page","status-publish","hentry"],"acf":[],"_links":{"self":[{"href":"https:\/\/learnesy.com\/sv\/wp-json\/wp\/v2\/pages\/408248","targetHints":{"allow":["GET"]}}],"collection":[{"href":"https:\/\/learnesy.com\/sv\/wp-json\/wp\/v2\/pages"}],"about":[{"href":"https:\/\/learnesy.com\/sv\/wp-json\/wp\/v2\/types\/page"}],"author":[{"embeddable":true,"href":"https:\/\/learnesy.com\/sv\/wp-json\/wp\/v2\/users\/2"}],"replies":[{"embeddable":true,"href":"https:\/\/learnesy.com\/sv\/wp-json\/wp\/v2\/comments?post=408248"}],"version-history":[{"count":10,"href":"https:\/\/learnesy.com\/sv\/wp-json\/wp\/v2\/pages\/408248\/revisions"}],"predecessor-version":[{"id":549982,"href":"https:\/\/learnesy.com\/sv\/wp-json\/wp\/v2\/pages\/408248\/revisions\/549982"}],"wp:attachment":[{"href":"https:\/\/learnesy.com\/sv\/wp-json\/wp\/v2\/media?parent=408248"}],"curies":[{"name":"wp","href":"https:\/\/api.w.org\/{rel}","templated":true}]}}