{"id":403474,"date":"2025-01-16T16:08:20","date_gmt":"2025-01-16T15:08:20","guid":{"rendered":"https:\/\/learnesy.com\/?page_id=403474"},"modified":"2025-01-27T10:00:10","modified_gmt":"2025-01-27T09:00:10","slug":"utbildning-i-klassrum","status":"publish","type":"page","link":"https:\/\/learnesy.com\/sv\/utbildning-i-klassrum\/","title":{"rendered":"Utbildning i klassrum"},"content":{"rendered":"\n<div style=\"height:20px\" aria-hidden=\"true\" class=\"wp-block-spacer\"><\/div>\n\n\n\n<meta charset=\"UTF-8\">\n  <meta name=\"viewport\" content=\"width=device-width, initial-scale=1.0\">\n  <meta http-equiv=\"X-UA-Compatible\" content=\"ie=edge\">\n  <link rel=\"stylesheet\" href=\"https:\/\/cdnjs.cloudflare.com\/ajax\/libs\/twitter-bootstrap\/4.0.0-beta\/css\/bootstrap.min.css\">\n  <link href=\"https:\/\/fonts.googleapis.com\/css?family=Open+Sans:400,500&amp;subset=latin-ext\" rel=\"stylesheet\">\n  <link rel=\"stylesheet\" href=\"https:\/\/cdnjs.cloudflare.com\/ajax\/libs\/font-awesome\/4.7.0\/css\/font-awesome.min.css\">\n\n<style>\n.card-deck{\nmargin-top:20px;\n\n\n\n\n.button {\n  border: none;\n  padding: 8px 16px;\n  text-align: center;\n  text-decoration: none;\n  display: inline-block;\n  font-size: 16px;\n  margin: 4px 2px;\n  transition-duration: 0.4s;\n  cursor: pointer;\n  color: #4a7f73f2; \n  border: 2px solid #6d8c8c;\n  border-radius:3px;\n  background-color: white;\n}\n\n.card-footer{\ndisplay:flex;\ngap: 10px;\n}\n\n.card{\nbox-shadow: 0 0 15px rgba(10, 10, 10, 0.3);\nbackground-color: #f4f4f4;\ngap:30px;\n}\n\n\n<\/style>\n\n\n<div class=\"card-deck\">\n  <div class=\"card\">\n    <img decoding=\"async\" class=\"card-img-top\" src=\"\/wp-content\/uploads\/2025\/01\/pexels-artempodrez-6779570-scaled.jpg\" alt=\"Card image cap\">\n    <div class=\"card-body\">\n      <h5 class=\"card-title\">Excelkurs Grund<\/h5>\n      <p> Excelkurs Grund \u00e4r en tv\u00e5dagars utbildning som v\u00e4nder sig till dig som precis har b\u00f6rjat eller som ska b\u00f6rja anv\u00e4nda Excel.<\/p>\n<a href=\"https:\/\/learnesy.com\/sv\/excelkurs-grund\/\"><button class=\"button\"><strong>Boka kursplats<\/strong><\/button><\/a>\n    <\/div>\n\n    <div class=\"card-footer\">\n      <i class=\"fa-solid fa-location-dot\"><\/i>\n      <small class=\"text-muted\">Stockholm, G\u00f6teborg, Distans<\/small>\n    <\/div>\n  <\/div>\n  <div class=\"card\">\n    <img decoding=\"async\" class=\"card-img-top\" src=\"\/wp-content\/uploads\/2024\/08\/Untitled-design124.png\" alt=\"Card image cap\">\n    <div class=\"card-body\">\n      <h5 class=\"card-title\">Excel f\u00f6r Controllers och ekonomer<\/h5>\n      <p class=\"card-text\">Effektivisera ditt ekonomiarbete genom att utnyttja Excels fulla potential f\u00f6r att spara tid, arbete och pengar \u00e5t din verksamhet.<\/p>\n<a href=\"https:\/\/learnesy.com\/sv\/excel-for-controllers-och-ekonomer\/\"><button class=\"button\"><strong>Boka kursplats<\/strong><\/button><\/a>\n    <\/div>\n    <div class=\"card-footer\">\n<i class=\"fa-solid fa-location-dot\"><\/i>\n      <small class=\"text-muted\">Stockholm, G\u00f6teborg, Distans<\/small>\n    <\/div>\n  <\/div>\n  <div class=\"card\">\n    <img decoding=\"async\" class=\"card-img-top\" src=\"\/wp-content\/uploads\/2025\/01\/Namnlos-design3.png\" alt=\"Card image cap\">\n    <div class=\"card-body\">\n      <h5 class=\"card-title\">Power BI Grund<\/h5>\n      <p class=\"card-text\">Kom ig\u00e5ng med Power BI &#8211; L\u00e4r dig skapa bra rapporter med en professionell design och f\u00e5 en helt\u00e4ckande f\u00f6rst\u00e5else f\u00f6r din verksamhets data!<\/p>\n<a href=\"https:\/\/learnesy.com\/sv\/power-bi-grundkurs\/\"><button class=\"button\"><strong>Boka kursplats<\/strong><\/button><\/a>\n    <\/div>\n    <div class=\"card-footer\">\n           <i class=\"fa-solid fa-location-dot\"><\/i>\n      <small class=\"text-muted\">Stockholm, G\u00f6teborg, Distans<\/small>\n    <\/div>\n  <\/div>\n\n<\/div>\n","protected":false},"excerpt":{"rendered":"<p>Excelkurs Grund Excelkurs Grund \u00e4r en tv\u00e5dagars utbildning som v\u00e4nder sig till dig som precis har b\u00f6rjat eller som ska b\u00f6rja anv\u00e4nda Excel. Boka kursplats Stockholm, G\u00f6teborg, Distans Excel f\u00f6r Controllers och ekonomer Effektivisera ditt [&hellip;]<\/p>\n","protected":false},"author":2,"featured_media":0,"parent":0,"menu_order":0,"comment_status":"closed","ping_status":"closed","template":"","meta":{"_acf_changed":false,"_eb_attr":"","footnotes":""},"class_list":["post-403474","page","type-page","status-publish","hentry"],"acf":[],"_links":{"self":[{"href":"https:\/\/learnesy.com\/sv\/wp-json\/wp\/v2\/pages\/403474","targetHints":{"allow":["GET"]}}],"collection":[{"href":"https:\/\/learnesy.com\/sv\/wp-json\/wp\/v2\/pages"}],"about":[{"href":"https:\/\/learnesy.com\/sv\/wp-json\/wp\/v2\/types\/page"}],"author":[{"embeddable":true,"href":"https:\/\/learnesy.com\/sv\/wp-json\/wp\/v2\/users\/2"}],"replies":[{"embeddable":true,"href":"https:\/\/learnesy.com\/sv\/wp-json\/wp\/v2\/comments?post=403474"}],"version-history":[{"count":107,"href":"https:\/\/learnesy.com\/sv\/wp-json\/wp\/v2\/pages\/403474\/revisions"}],"predecessor-version":[{"id":408273,"href":"https:\/\/learnesy.com\/sv\/wp-json\/wp\/v2\/pages\/403474\/revisions\/408273"}],"wp:attachment":[{"href":"https:\/\/learnesy.com\/sv\/wp-json\/wp\/v2\/media?parent=403474"}],"curies":[{"name":"wp","href":"https:\/\/api.w.org\/{rel}","templated":true}]}}