{"id":403196,"date":"2025-01-16T08:27:44","date_gmt":"2025-01-16T07:27:44","guid":{"rendered":"https:\/\/learnesy.com\/?page_id=403196"},"modified":"2025-04-02T09:11:09","modified_gmt":"2025-04-02T08:11:09","slug":"excelkurs-grund","status":"publish","type":"page","link":"https:\/\/learnesy.com\/sv\/excelkurs-grund\/","title":{"rendered":"Excelkurs Grund"},"content":{"rendered":"\n<h1 class=\"wp-block-heading\">Excelkurs Grund<\/h1>\n\n\n\n<div style=\"height:13px\" aria-hidden=\"true\" class=\"wp-block-spacer\"><\/div>\n\n\n\n<h4 class=\"wp-block-heading\">Excelkurs Grund \u00e4r en tv\u00e5dagars utbildning som v\u00e4nder sig till dig som precis har b\u00f6rjat eller som ska b\u00f6rja anv\u00e4nda Excel. Kursen ger dig f\u00f6rst\u00e5else f\u00f6r Excels viktigaste funktioner och hur du kan arbeta effektivt med Excel som verktyg.<\/h4>\n\n\n\n<div style=\"height:51px\" aria-hidden=\"true\" class=\"wp-block-spacer\"><\/div>\n\n\n\r\n<div class=\"align wp-block-tcb-tabs\" id='tcbTabbedContent-6' data-attributes='{&quot;tabs&quot;:[{&quot;clientId&quot;:&quot;69c7a71f-7fe1-4cf4-92b0-82b6e4b225ec&quot;,&quot;title&quot;:&quot;Om kursen&quot;,&quot;icon&quot;:{&quot;class&quot;:&quot;fa-solid fa-circle-info&quot;}},{&quot;clientId&quot;:&quot;61db8ece-1a8f-4714-96c2-1ed9ce301a48&quot;,&quot;title&quot;:&quot;Kursinneh\\u00e5ll&quot;,&quot;icon&quot;:{&quot;class&quot;:&quot;fa-solid fa-list-check&quot;}},{&quot;clientId&quot;:&quot;0e412a97-ced9-441f-9734-2b284c535cf6&quot;,&quot;title&quot;:&quot;Kunskapsm\\u00e5l&quot;,&quot;icon&quot;:{&quot;class&quot;:&quot;fa-solid fa-graduation-cap&quot;}}],&quot;tabsPadding&quot;:{&quot;top&quot;:&quot;0px&quot;,&quot;right&quot;:&quot;0px&quot;,&quot;bottom&quot;:&quot;0px&quot;,&quot;left&quot;:&quot;0px&quot;},&quot;tabColors&quot;:{&quot;color&quot;:&quot;rgba(21, 56, 82, 1)&quot;,&quot;bgType&quot;:&quot;solid&quot;,&quot;gradient&quot;:&quot;linear-gradient(to right, #f3fbed, #f1f9eb, #f0f7e9, #e4eedc, #dbeccd)&quot;,&quot;bg&quot;:&quot;rgba(200, 212, 215, 0.76)&quot;},&quot;tabActiveColors&quot;:{&quot;color&quot;:&quot;rgba(119, 119, 119, 1)&quot;,&quot;bgType&quot;:&quot;solid&quot;,&quot;gradient&quot;:&quot;linear-gradient(90deg,rgb(1,148,71) 0%,rgba(118,156,131,0.37) 100%)&quot;},&quot;titleTypo&quot;:{&quot;fontSize&quot;:{&quot;desktop&quot;:15},&quot;lineHeight&quot;:&quot;20%&quot;,&quot;letterSpace&quot;:&quot;2px&quot;},&quot;icon&quot;:{&quot;size&quot;:&quot;20px&quot;,&quot;color&quot;:&quot;rgba(21, 56, 82, 1)&quot;,&quot;activeColor&quot;:&quot;rgba(111, 114, 120, 1)&quot;},&quot;contentBG&quot;:{&quot;gradient&quot;:&quot;-webkit-linear-gradient(90deg, rgba(2,0,36,1) 0%, rgba(232,243,214,1) 0%, rgba(242,246,203,1) 39%, rgba(242,246,202,1) 70%, rgba(252,249,190,1) 90%)&quot;,&quot;type&quot;:&quot;solid&quot;,&quot;color&quot;:&quot;rgba(208, 218, 223, 0.16)&quot;},&quot;align&quot;:&quot;&quot;,&quot;options&quot;:{&quot;theme&quot;:&quot;default&quot;},&quot;elements&quot;:{&quot;icon&quot;:true,&quot;title&quot;:true,&quot;isTabBG&quot;:false},&quot;TabbedPadding&quot;:{&quot;top&quot;:&quot;10px&quot;,&quot;right&quot;:&quot;10px&quot;,&quot;bottom&quot;:&quot;10px&quot;,&quot;left&quot;:&quot;10px&quot;},&quot;tabBorder&quot;:{&quot;active&quot;:{&quot;width&quot;:0,&quot;color&quot;:&quot;#000&quot;,&quot;style&quot;:&quot;solid&quot;},&quot;normal&quot;:{&quot;width&quot;:0,&quot;color&quot;:&quot;#000&quot;,&quot;style&quot;:&quot;solid&quot;}},&quot;borderHeight&quot;:{&quot;height&quot;:&quot;3px&quot;},&quot;tabbedBG&quot;:{&quot;color&quot;:&quot;#FFF1F3&quot;,&quot;type&quot;:&quot;solid&quot;},&quot;borderBG&quot;:{&quot;gradient&quot;:&quot;linear-gradient(to right, rgba(157, 71, 240, 1), rgba(71, 240, 240, 0.8))&quot;,&quot;type&quot;:&quot;gradient&quot;},&quot;tabMenuBorder&quot;:{&quot;width&quot;:&quot;1px&quot;,&quot;menuBColor&quot;:&quot;#ccc&quot;}}'>\r\n\t<style>\r\n\t\t#tcbTabbedContent-6 .tabMenu .tabLabel{ font-weight: 400;font-size: 15px;font-style: normal;text-transform: none;text-decoration: auto;line-height: 20%;letter-spacing: 2px; } @media (max-width: 768px) { #tcbTabbedContent-6 .tabMenu .tabLabel{ font-size: 15px; } } @media (max-width: 576px) { #tcbTabbedContent-6 .tabMenu .tabLabel{ font-size: 15px; } }\r\n\r\n\t#tcbTabbedContent-6 .tabMenu {\r\n\t\tpadding: 0px 0px 0px 0px;\r\n\t}\r\n\t\r\n\t#tcbTabbedContent-6 .tabMenu li{\r\n\t\tcolor: rgba(21, 56, 82, 1);background: rgba(200, 212, 215, 0.76);\r\n\t}\r\n\t#tcbTabbedContent-6 .tabMenu li.active {\r\n\t\tcolor: rgba(119, 119, 119, 1);background: #0000;border: 0 solid #000;\r\n\t}\r\n\t#tcbTabbedContent-6 .tabMenu li .menuIcon i{\r\n\t\tfont-size: 20px;\r\n\t\tcolor: rgba(21, 56, 82, 1);\r\n\t}\r\n\t#tcbTabbedContent-6 .tabMenu li.active .menuIcon i{\r\n\t\tcolor: rgba(111, 114, 120, 1);\r\n\t}\r\n\t#tcbTabbedContent-6 .tabContent {background: rgba(208, 218, 223, 0.16);\r\n\t}\r\n\t<\/style>\r\n\r\n\t<div class='tcbTabContent default '>\r\n\t\t<ul class='tabMenu' id='tabMenu-tcbTabbedContent-6'>\r\n\t\t\t\t\t\t\t<li>\r\n\t\t\t\t\t<style>\r\n\t\t\t\t\t\t#tcbTabbedContent-6 #tabMenu-tcbTabbedContent-6 &gt; li .menuIcon i{\r\n\t\t\t\t\t\t\t\r\n\t\t\t\t\t\t}\t\t\t\t\t<\/style>\r\n\r\n\t\t\t\t\t<span class='menuIcon show '><i class='fa-solid fa-circle-info'><\/i><\/span>\r\n\t\t\t\t\t<span class='tabLabel show'>\r\n\t\t\t\t\t\tOm kursen\t\t\t\t\t<\/span>\r\n\t\t\t\t<\/li>\r\n\t\t\t\t\t\t\t<li>\r\n\t\t\t\t\t<style>\r\n\t\t\t\t\t\t#tcbTabbedContent-6 #tabMenu-tcbTabbedContent-6 &gt; li .menuIcon i{\r\n\t\t\t\t\t\t\t\r\n\t\t\t\t\t\t}\t\t\t\t\t<\/style>\r\n\r\n\t\t\t\t\t<span class='menuIcon show '><i class='fa-solid fa-list-check'><\/i><\/span>\r\n\t\t\t\t\t<span class='tabLabel show'>\r\n\t\t\t\t\t\tKursinneh\u00e5ll\t\t\t\t\t<\/span>\r\n\t\t\t\t<\/li>\r\n\t\t\t\t\t\t\t<li>\r\n\t\t\t\t\t<style>\r\n\t\t\t\t\t\t#tcbTabbedContent-6 #tabMenu-tcbTabbedContent-6 &gt; li .menuIcon i{\r\n\t\t\t\t\t\t\t\r\n\t\t\t\t\t\t}\t\t\t\t\t<\/style>\r\n\r\n\t\t\t\t\t<span class='menuIcon show '><i class='fa-solid fa-graduation-cap'><\/i><\/span>\r\n\t\t\t\t\t<span class='tabLabel show'>\r\n\t\t\t\t\t\tKunskapsm\u00e5l\t\t\t\t\t<\/span>\r\n\t\t\t\t<\/li>\r\n\t\t\t\t\t<\/ul>\r\n\r\n\t\t<div class='tabContent' id='tabContent-tcbTabbedContent-6'>\r\n\t\t\t\n\r\n<div class=\"wp-block-tcb-tab\" id='tcbTabContentTab-3'>\r\n\t\n\n<p style=\"font-size:18px\"><strong>Kostnad<\/strong> <br>9 400 SEK <\/p>\n\n\n\n<ul class=\"wp-block-list\" style=\"font-size:14px\">\n<li>2 dagars utbildning<\/li>\n\n\n\n<li>Klassrum<\/li>\n\n\n\n<li>Praktisk \u201dHands-on kurs\u201d<\/li>\n\n\n\n<li>F\u00f6r nyb\u00f6rjare och sj\u00e4lvl\u00e4rda<\/li>\n\n\n\n<li>Teori med v\u00e4rdefulla praktiska \u00f6vningar<\/li>\n<\/ul>\n\n\n\n<p style=\"font-size:14px\">Kursen varvar teori med v\u00e4rdefulla praktiska \u00f6vningar och m\u00e5nga konkreta tips. Tidigare deltagare prisar kursens f\u00f6rm\u00e5ga att ge nya effektiva l\u00f6sningar p\u00e5 gamla tr\u00e5kiga uppgifter. Efter tv\u00e5 intensiva dagar kommer du att komma tillbaka till kontoret med kunskaper du har stor nytta av direkt.<\/p>\n\n\n\n<p style=\"font-size:14px\">Vi kan skr\u00e4ddarsy denna kurs f\u00f6r ditt f\u00f6retag. <a href=\"https:\/\/learnesy.com\/sv\/kontakta-oss\" data-type=\"URL\" data-id=\"https:\/\/learnesy.com\/sv\/kontakta-oss\">Kontakta oss<\/a> f\u00f6r ett f\u00f6ruts\u00e4ttningsl\u00f6st samtal.<\/p>\n\n\n\n<div class=\"text\">I samarbete med<\/div>\n        <img decoding=\"async\" src=\"\/wp-content\/uploads\/2025\/01\/excelspecialisten_logotyp.png\" alt=\"Partner Logo\" width=\"130\">\n\n\n<div class=\"free align wp-block-btn-button\" id='btnButton-2' data-nonce='&quot;168c96b030&quot;' data-attributes='{&quot;cId&quot;:&quot;61d4d2a1-e&quot;,&quot;cPostId&quot;:403196,&quot;text&quot;:&quot;Boka kurstillf\\u00e4lle&quot;,&quot;allUserRole&quot;:[{&quot;label&quot;:&quot;Select a role&quot;,&quot;value&quot;:&quot;default&quot;},{&quot;label&quot;:&quot;Administrator&quot;,&quot;value&quot;:&quot;administrator&quot;},{&quot;label&quot;:&quot;Editor&quot;,&quot;value&quot;:&quot;editor&quot;},{&quot;label&quot;:&quot;Author&quot;,&quot;value&quot;:&quot;author&quot;},{&quot;label&quot;:&quot;Contributor&quot;,&quot;value&quot;:&quot;contributor&quot;},{&quot;label&quot;:&quot;Subscriber&quot;,&quot;value&quot;:&quot;subscriber&quot;},{&quot;label&quot;:&quot;Group Leader&quot;,&quot;value&quot;:&quot;group_leader&quot;},{&quot;label&quot;:&quot;Customer&quot;,&quot;value&quot;:&quot;customer&quot;},{&quot;label&quot;:&quot;Shop manager&quot;,&quot;value&quot;:&quot;shop_manager&quot;},{&quot;label&quot;:&quot;Translator&quot;,&quot;value&quot;:&quot;translator&quot;},{&quot;label&quot;:&quot;Teacher&quot;,&quot;value&quot;:&quot;teacher&quot;},{&quot;label&quot;:&quot;SEO Manager&quot;,&quot;value&quot;:&quot;wpseo_manager&quot;},{&quot;label&quot;:&quot;SEO Editor&quot;,&quot;value&quot;:&quot;wpseo_editor&quot;},{&quot;label&quot;:&quot;Pending&quot;,&quot;value&quot;:&quot;pending&quot;},{&quot;label&quot;:&quot;Keymaster&quot;,&quot;value&quot;:&quot;bbp_keymaster&quot;},{&quot;label&quot;:&quot;Moderator&quot;,&quot;value&quot;:&quot;bbp_moderator&quot;},{&quot;label&quot;:&quot;Participant&quot;,&quot;value&quot;:&quot;bbp_participant&quot;},{&quot;label&quot;:&quot;Spectator&quot;,&quot;value&quot;:&quot;bbp_spectator&quot;},{&quot;label&quot;:&quot;Blocked&quot;,&quot;value&quot;:&quot;bbp_blocked&quot;}],&quot;icon&quot;:{&quot;class&quot;:&quot;fa-regular fa-calendar-check&quot;},&quot;alignment&quot;:&quot;left&quot;,&quot;colors&quot;:{&quot;color&quot;:&quot;#fff&quot;,&quot;bg&quot;:&quot;rgba(86, 134, 156, 1)&quot;},&quot;hovColors&quot;:{&quot;color&quot;:&quot;#fff&quot;,&quot;bg&quot;:&quot;rgba(126, 178, 178, 1)&quot;},&quot;align&quot;:&quot;&quot;,&quot;actionType&quot;:&quot;link&quot;,&quot;security&quot;:&quot;none&quot;,&quot;securityPassword&quot;:&quot;&quot;,&quot;url&quot;:&quot;&quot;,&quot;tooltip&quot;:&quot;&quot;,&quot;tooltipPos&quot;:&quot;top&quot;,&quot;target&quot;:&quot;_self&quot;,&quot;attrs&quot;:{&quot;rel&quot;:&quot;noreferrer&quot;,&quot;referrerpolicy&quot;:&quot;no-referrer&quot;},&quot;hideOn&quot;:{&quot;desktop&quot;:false,&quot;tablet&quot;:false,&quot;mobile&quot;:false},&quot;isDownload&quot;:false,&quot;downloadFileName&quot;:&quot;&quot;,&quot;isUpIcon&quot;:false,&quot;upIcon&quot;:{&quot;id&quot;:null,&quot;url&quot;:&quot;&quot;,&quot;alt&quot;:&quot;&quot;,&quot;title&quot;:&quot;&quot;},&quot;iconPos&quot;:&quot;left&quot;,&quot;type&quot;:&quot;flat&quot;,&quot;isFullWidth&quot;:false,&quot;size&quot;:&quot;medium&quot;,&quot;popup&quot;:{&quot;type&quot;:&quot;image&quot;,&quot;content&quot;:&quot;&quot;,&quot;caption&quot;:&quot;&quot;,&quot;width&quot;:&quot;&quot;},&quot;animationType&quot;:&quot;&quot;,&quot;animationDuration&quot;:0.4,&quot;addID&quot;:&quot;&quot;,&quot;addCSS&quot;:&quot;&quot;,&quot;typography&quot;:{&quot;fontSize&quot;:{&quot;desktop&quot;:&quot;16px&quot;},&quot;fontWeight&quot;:600,&quot;textDecoration&quot;:&quot;none&quot;},&quot;padding&quot;:{&quot;vertical&quot;:&quot;12px&quot;,&quot;horizontal&quot;:&quot;24px&quot;},&quot;border&quot;:{&quot;radius&quot;:&quot;5px&quot;},&quot;shadow&quot;:[]}' data-info='{&quot;userRoles&quot;:[],&quot;loginURL&quot;:&quot;https:\\\/\\\/learnesy.com\\\/sv\\\/wp-login.php&quot;}'><\/div>\n<\/div>\n\n\r\n<div class=\"wp-block-tcb-tab\" id='tcbTabContentTab-4'>\r\n\t\n\n<p><strong>Vad kommer du att l\u00e4ra dig under dessa tv\u00e5 dagar?<\/strong><\/p>\n\n\n\n<ul class=\"wp-block-list\" style=\"font-size:14px\">\n<li>Introduktion till Excel<\/li>\n\n\n\n<li>Hur du redigerar data i Excel<\/li>\n\n\n\n<li>Datahantering och struktur av arbetsb\u00f6cker<\/li>\n\n\n\n<li>Arbete med tabeller<\/li>\n\n\n\n<li>Skapa diagram och visualiseringar i Excel<\/li>\n\n\n\n<li>Hur man arbetar med l\u00e4nkar och cellreferenser<\/li>\n\n\n\n<li>Formatering i Excel<\/li>\n\n\n\n<li>Formler &amp; Funktioner<br><\/li>\n<\/ul>\n\n<\/div>\n\n\r\n<div class=\"wp-block-tcb-tab\" id='tcbTabContentTab-5'>\r\n\t\n\n<p><strong>Kunskaper du kan f\u00f6rv\u00e4nta dig bem\u00e4stra efter kursen<\/strong><\/p>\n\n\n\n<ul class=\"has-small-font-size wp-block-list\">\n<li>Hur du kan bli mer s\u00e4ker p\u00e5 att anv\u00e4nda Excel<\/li>\n\n\n\n<li>Hur man blir mer kreativ n\u00e4r man l\u00f6ser problem<\/li>\n\n\n\n<li>Vilka de mest grundl\u00e4ggande formlerna i Excel \u00e4r och hur man anv\u00e4nder dem p\u00e5 l\u00e4mpliga s\u00e4tt<\/li>\n\n\n\n<li>Vilka kortkommandon och genv\u00e4gar \u00f6kar effektiviteten s\u00e5 att du kan arbeta snabbare<\/li>\n\n\n\n<li>Hur du kan anv\u00e4nda olika tekniker f\u00f6r att filtrera och sortera data<\/li>\n\n\n\n<li>Hur man skapar och utnyttjar diagram<\/li>\n<\/ul>\n\n<\/div>\n\t\t<\/div>\r\n\t<\/div>\r\n<\/div>\n\n<div id=\"confex-iframe-wrapper\"><iframe src=\"https:\/\/confex.se\/kurs\/excelkurs-grund\/iframe?signature=afbfa127ab657466ab77602f7a9f82cd1115caeaa42697e455ac66d8d12dec5e\" frameborder=\"0\" scrolling=\"no\" id=\"confex-iframe\"><\/iframe><\/div>\n","protected":false},"excerpt":{"rendered":"<p>Excelkurs Grund Excelkurs Grund \u00e4r en tv\u00e5dagars utbildning som v\u00e4nder sig till dig som precis har b\u00f6rjat eller som ska b\u00f6rja anv\u00e4nda Excel. Kursen ger dig f\u00f6rst\u00e5else f\u00f6r Excels viktigaste funktioner och hur du kan [&hellip;]<\/p>\n","protected":false},"author":2,"featured_media":0,"parent":0,"menu_order":0,"comment_status":"closed","ping_status":"closed","template":"gutenberg.php","meta":{"_acf_changed":false,"_eb_attr":"","footnotes":""},"class_list":["post-403196","page","type-page","status-publish","hentry"],"acf":[],"_links":{"self":[{"href":"https:\/\/learnesy.com\/sv\/wp-json\/wp\/v2\/pages\/403196","targetHints":{"allow":["GET"]}}],"collection":[{"href":"https:\/\/learnesy.com\/sv\/wp-json\/wp\/v2\/pages"}],"about":[{"href":"https:\/\/learnesy.com\/sv\/wp-json\/wp\/v2\/types\/page"}],"author":[{"embeddable":true,"href":"https:\/\/learnesy.com\/sv\/wp-json\/wp\/v2\/users\/2"}],"replies":[{"embeddable":true,"href":"https:\/\/learnesy.com\/sv\/wp-json\/wp\/v2\/comments?post=403196"}],"version-history":[{"count":10,"href":"https:\/\/learnesy.com\/sv\/wp-json\/wp\/v2\/pages\/403196\/revisions"}],"predecessor-version":[{"id":441619,"href":"https:\/\/learnesy.com\/sv\/wp-json\/wp\/v2\/pages\/403196\/revisions\/441619"}],"wp:attachment":[{"href":"https:\/\/learnesy.com\/sv\/wp-json\/wp\/v2\/media?parent=403196"}],"curies":[{"name":"wp","href":"https:\/\/api.w.org\/{rel}","templated":true}]}}