{"id":395255,"date":"2024-12-12T13:38:24","date_gmt":"2024-12-12T12:38:24","guid":{"rendered":"https:\/\/learnesy.com\/?page_id=395255"},"modified":"2025-02-25T09:51:30","modified_gmt":"2025-02-25T08:51:30","slug":"hybridutbildning","status":"publish","type":"page","link":"https:\/\/learnesy.com\/sv\/hybridutbildning\/","title":{"rendered":"Hybridutbildning \u2013 uppl\u00e4gget som kombinerar flexibilitet och personlig handledning"},"content":{"rendered":"\n<h2 class=\"has-text-color wp-block-heading\" style=\"color:#195a5d;font-size:40px\">Hybridutbildning i Excel<\/h2>\n\n\n\n<figure class=\"wp-block-embed is-type-video is-provider-vimeo wp-block-embed-vimeo wp-embed-aspect-16-9 wp-has-aspect-ratio\"><div class=\"wp-block-embed__wrapper\">\n<div class=\"embed-container\"><iframe loading=\"lazy\" src=\"https:\/\/player.vimeo.com\/video\/1040276136?dnt=1&amp;app_id=122963\" width=\"640\" height=\"360\" frameborder=\"0\" allow=\"autoplay; fullscreen; picture-in-picture; clipboard-write; encrypted-media\"><\/iframe><\/div>\n<\/div><\/figure>\n\n\n\n<div style=\"height:21px\" aria-hidden=\"true\" class=\"wp-block-spacer\"><\/div>\n\n\n\r\n<div class=\"align wp-block-tcb-tabs\" id='tcbTabbedContent-5' data-attributes='{&quot;tabs&quot;:[{&quot;clientId&quot;:&quot;440d87bb-4fa2-4b5f-a3ba-de31348ee500&quot;,&quot;title&quot;:&quot;Om utbildningen&quot;,&quot;icon&quot;:{&quot;class&quot;:&quot;fa-solid fa-circle-info&quot;}},{&quot;clientId&quot;:&quot;2c631ddb-1e7b-455b-8d24-2b6a309ee7c7&quot;,&quot;title&quot;:&quot;Kursinneh\\u00e5ll&quot;,&quot;icon&quot;:{&quot;class&quot;:&quot;fa-solid fa-list-check&quot;}},{&quot;clientId&quot;:&quot;de4fd8f6-76cd-4bc8-9709-2904434fae98&quot;,&quot;title&quot;:&quot;Kunskapsm\\u00e5l&quot;,&quot;icon&quot;:{&quot;class&quot;:&quot;fa-solid fa-graduation-cap&quot;}}],&quot;tabsPadding&quot;:{&quot;top&quot;:&quot;0px&quot;,&quot;right&quot;:&quot;0px&quot;,&quot;bottom&quot;:&quot;0px&quot;,&quot;left&quot;:&quot;0px&quot;},&quot;tabColors&quot;:{&quot;color&quot;:&quot;rgba(21, 56, 82, 1)&quot;,&quot;bgType&quot;:&quot;solid&quot;,&quot;gradient&quot;:&quot;linear-gradient(to right, #f3fbed, #f1f9eb, #f0f7e9, #e4eedc, #dbeccd)&quot;,&quot;bg&quot;:&quot;rgba(200, 212, 215, 0.76)&quot;},&quot;tabActiveColors&quot;:{&quot;color&quot;:&quot;rgba(119, 119, 119, 1)&quot;,&quot;bgType&quot;:&quot;solid&quot;,&quot;gradient&quot;:&quot;linear-gradient(90deg,rgb(1,148,71) 0%,rgba(118,156,131,0.37) 100%)&quot;},&quot;titleTypo&quot;:{&quot;fontSize&quot;:{&quot;desktop&quot;:15},&quot;lineHeight&quot;:&quot;20%&quot;,&quot;letterSpace&quot;:&quot;2px&quot;},&quot;icon&quot;:{&quot;size&quot;:&quot;20px&quot;,&quot;color&quot;:&quot;rgba(21, 56, 82, 1)&quot;,&quot;activeColor&quot;:&quot;rgba(111, 114, 120, 1)&quot;},&quot;contentBG&quot;:{&quot;gradient&quot;:&quot;-webkit-linear-gradient(90deg, rgba(2,0,36,1) 0%, rgba(232,243,214,1) 0%, rgba(242,246,203,1) 39%, rgba(242,246,202,1) 70%, rgba(252,249,190,1) 90%)&quot;,&quot;type&quot;:&quot;solid&quot;,&quot;color&quot;:&quot;rgba(208, 218, 223, 0.16)&quot;},&quot;align&quot;:&quot;&quot;,&quot;options&quot;:{&quot;theme&quot;:&quot;default&quot;},&quot;elements&quot;:{&quot;icon&quot;:true,&quot;title&quot;:true,&quot;isTabBG&quot;:false},&quot;TabbedPadding&quot;:{&quot;top&quot;:&quot;10px&quot;,&quot;right&quot;:&quot;10px&quot;,&quot;bottom&quot;:&quot;10px&quot;,&quot;left&quot;:&quot;10px&quot;},&quot;tabBorder&quot;:{&quot;active&quot;:{&quot;width&quot;:0,&quot;color&quot;:&quot;#000&quot;,&quot;style&quot;:&quot;solid&quot;},&quot;normal&quot;:{&quot;width&quot;:0,&quot;color&quot;:&quot;#000&quot;,&quot;style&quot;:&quot;solid&quot;}},&quot;borderHeight&quot;:{&quot;height&quot;:&quot;3px&quot;},&quot;tabbedBG&quot;:{&quot;color&quot;:&quot;#FFF1F3&quot;,&quot;type&quot;:&quot;solid&quot;},&quot;borderBG&quot;:{&quot;gradient&quot;:&quot;linear-gradient(to right, rgba(157, 71, 240, 1), rgba(71, 240, 240, 0.8))&quot;,&quot;type&quot;:&quot;gradient&quot;},&quot;tabMenuBorder&quot;:{&quot;width&quot;:&quot;1px&quot;,&quot;menuBColor&quot;:&quot;#ccc&quot;}}'>\r\n\t<style>\r\n\t\t#tcbTabbedContent-5 .tabMenu .tabLabel{ font-weight: 400;font-size: 15px;font-style: normal;text-transform: none;text-decoration: auto;line-height: 20%;letter-spacing: 2px; } @media (max-width: 768px) { #tcbTabbedContent-5 .tabMenu .tabLabel{ font-size: 15px; } } @media (max-width: 576px) { #tcbTabbedContent-5 .tabMenu .tabLabel{ font-size: 15px; } }\r\n\r\n\t#tcbTabbedContent-5 .tabMenu {\r\n\t\tpadding: 0px 0px 0px 0px;\r\n\t}\r\n\t\r\n\t#tcbTabbedContent-5 .tabMenu li{\r\n\t\tcolor: rgba(21, 56, 82, 1);background: rgba(200, 212, 215, 0.76);\r\n\t}\r\n\t#tcbTabbedContent-5 .tabMenu li.active {\r\n\t\tcolor: rgba(119, 119, 119, 1);background: #0000;border: 0 solid #000;\r\n\t}\r\n\t#tcbTabbedContent-5 .tabMenu li .menuIcon i{\r\n\t\tfont-size: 20px;\r\n\t\tcolor: rgba(21, 56, 82, 1);\r\n\t}\r\n\t#tcbTabbedContent-5 .tabMenu li.active .menuIcon i{\r\n\t\tcolor: rgba(111, 114, 120, 1);\r\n\t}\r\n\t#tcbTabbedContent-5 .tabContent {background: rgba(208, 218, 223, 0.16);\r\n\t}\r\n\t<\/style>\r\n\r\n\t<div class='tcbTabContent default '>\r\n\t\t<ul class='tabMenu' id='tabMenu-tcbTabbedContent-5'>\r\n\t\t\t\t\t\t\t<li>\r\n\t\t\t\t\t<style>\r\n\t\t\t\t\t\t#tcbTabbedContent-5 #tabMenu-tcbTabbedContent-5 &gt; li .menuIcon i{\r\n\t\t\t\t\t\t\t\r\n\t\t\t\t\t\t}\t\t\t\t\t<\/style>\r\n\r\n\t\t\t\t\t<span class='menuIcon show '><i class='fa-solid fa-circle-info'><\/i><\/span>\r\n\t\t\t\t\t<span class='tabLabel show'>\r\n\t\t\t\t\t\tOm utbildningen\t\t\t\t\t<\/span>\r\n\t\t\t\t<\/li>\r\n\t\t\t\t\t\t\t<li>\r\n\t\t\t\t\t<style>\r\n\t\t\t\t\t\t#tcbTabbedContent-5 #tabMenu-tcbTabbedContent-5 &gt; li .menuIcon i{\r\n\t\t\t\t\t\t\t\r\n\t\t\t\t\t\t}\t\t\t\t\t<\/style>\r\n\r\n\t\t\t\t\t<span class='menuIcon show '><i class='fa-solid fa-list-check'><\/i><\/span>\r\n\t\t\t\t\t<span class='tabLabel show'>\r\n\t\t\t\t\t\tKursinneh\u00e5ll\t\t\t\t\t<\/span>\r\n\t\t\t\t<\/li>\r\n\t\t\t\t\t\t\t<li>\r\n\t\t\t\t\t<style>\r\n\t\t\t\t\t\t#tcbTabbedContent-5 #tabMenu-tcbTabbedContent-5 &gt; li .menuIcon i{\r\n\t\t\t\t\t\t\t\r\n\t\t\t\t\t\t}\t\t\t\t\t<\/style>\r\n\r\n\t\t\t\t\t<span class='menuIcon show '><i class='fa-solid fa-graduation-cap'><\/i><\/span>\r\n\t\t\t\t\t<span class='tabLabel show'>\r\n\t\t\t\t\t\tKunskapsm\u00e5l\t\t\t\t\t<\/span>\r\n\t\t\t\t<\/li>\r\n\t\t\t\t\t<\/ul>\r\n\r\n\t\t<div class='tabContent' id='tabContent-tcbTabbedContent-5'>\r\n\t\t\t\n\r\n<div class=\"wp-block-tcb-tab\" id='tcbTabContentTab-2'>\r\n\t\n\n<h2 class=\"has-text-color has-medium-font-size wp-block-heading\" style=\"color:#2e6669\">Pris 5995 kr<\/h2>\n\n\n\n<ul class=\"wp-block-list\" style=\"font-size:16px\">\n<li>Utbildningen kombinerar flexibelt online-material med live-tr\u00e4ffar<\/li>\n\n\n\n<li>Uppstartsm\u00f6te<\/li>\n\n\n\n<li>Frivilliga veckovisa handledartr\u00e4ffar<\/li>\n\n\n\n<li>Avslutande m\u00f6te<\/li>\n\n\n\n<li>Teori med v\u00e4rdefulla praktiska \u00f6vningar<\/li>\n<\/ul>\n\n\n\n<p style=\"font-size:16px\"><br>Med v\u00e5r <strong>hybridutbildning<\/strong> f\u00e5r du ett flexibelt onlinel\u00e4rande med veckovisa handledartr\u00e4ffar d\u00e4r du f\u00e5r m\u00f6jlighet att st\u00e4lla fr\u00e5gor, diskutera framsteg och f\u00e5 r\u00e5dgivning. Du kommer f\u00e5 tillg\u00e5ng till Learnesys onlinekurs <a href=\"https:\/\/learnesy.com\/sv\/courses\/excelkurs-bas\/\"><strong><em>Excelkurs Bas<\/em><\/strong><\/a>. Det inneb\u00e4r att det i huvudsak \u00e4r sj\u00e4lvstudier, men du har chansen att st\u00e4lla dina fr\u00e5gor till v\u00e5r kursutvecklare. F\u00f6r att du ska hinna slutf\u00f6ra kursen kommer det att planeras in olika l\u00e4randem\u00e5l.<\/p>\n\n\n\n<figure class=\"wp-block-image size-large\"><img loading=\"lazy\" decoding=\"async\" width=\"1024\" height=\"484\" src=\"\/wp-content\/uploads\/2024\/12\/Learnesy-Excel-Hybrid-103-1024x484.png\" alt=\"Learnesy-Excel-Hybrid\" class=\"wp-image-396547\" srcset=\"\/wp-content\/uploads\/2024\/12\/Learnesy-Excel-Hybrid-103-1024x484.png 1024w, \/wp-content\/uploads\/2024\/12\/Learnesy-Excel-Hybrid-103-300x142.png 300w, \/wp-content\/uploads\/2024\/12\/Learnesy-Excel-Hybrid-103-768x363.png 768w, \/wp-content\/uploads\/2024\/12\/Learnesy-Excel-Hybrid-103.png 1184w\" sizes=\"auto, (max-width: 1024px) 100vw, 1024px\" \/><\/figure>\n\n\n\n<p style=\"font-size:16px\">F\u00f6r att delta i v\u00e5r hybridutbildning beh\u00f6ver du fylla i anm\u00e4lningsformul\u00e4ret nedan. Efter att din anm\u00e4lan \u00e4r mottagen kommer du att f\u00e5 en bekr\u00e4ftelse via e-post med all n\u00f6dv\u00e4ndig information om kursstart, inloggningsuppgifter och f\u00f6rkunskapstest. <br><br><strong>N\u00e4sta uppstart \u00e4r 2025-03-03<\/strong>, med nya uppstarter f\u00f6rsta m\u00e5ndagen varje m\u00e5nad. <br>Vid fr\u00e5gor, kontakta <a href=\"mailto:sales@learnesy.com\">sales@learnesy.com<\/a>.<\/p>\n\n\n<div class=\"wpforms-container wpforms-block\" id=\"wpforms-395538\">Aktivera JavaScript i din webbl\u00e4sare f\u00f6r att fylla i formul\u00e4ret.<div class=\"wpforms-field-container\"><div id=\"wpforms-395538-field_0-container\" class=\"wpforms-field wpforms-field-name\" data-field-id=\"0\"><label class=\"wpforms-field-label\" for=\"wpforms-395538-field_0\">Fullst\u00e4ndigt namn <span class=\"wpforms-required-label\">*<\/span><\/label><\/div><div id=\"wpforms-395538-field_1-container\" class=\"wpforms-field wpforms-field-email\" data-field-id=\"1\"><label class=\"wpforms-field-label\" for=\"wpforms-395538-field_1\">E-mail <span class=\"wpforms-required-label\">*<\/span><\/label><\/div><div id=\"wpforms-395538-field_3-container\" class=\"wpforms-field wpforms-field-text\" data-field-id=\"3\"><label class=\"wpforms-field-label\" for=\"wpforms-395538-field_3\">Telefonnummer <span class=\"wpforms-required-label\">*<\/span><\/label><\/div><div id=\"wpforms-395538-field_5-container\" class=\"wpforms-field wpforms-field-text\" data-field-id=\"5\"><label class=\"wpforms-field-label\" for=\"wpforms-395538-field_5\">Meddelande<\/label><\/div><\/div><!-- .wpforms-field-container --><div class=\"wpforms-submit-container\"><button type=\"submit\" name=\"wpforms[submit]\" id=\"wpforms-submit-395538\" class=\"wpforms-submit\" data-alt-text=\"Sending...\" data-submit-text=\"Submit\" aria-live=\"assertive\" value=\"wpforms-submit\">Submit<\/button><img loading=\"lazy\" decoding=\"async\" src=\"\/wp-content\/plugins\/wpforms\/assets\/images\/submit-spin.svg\" class=\"wpforms-submit-spinner\" style=\"display: none\" width=\"26\" height=\"26\" alt=\"Laddar\"><\/div><\/div>  <!-- .wpforms-container -->\n<\/div>\n\n\r\n<div class=\"wp-block-tcb-tab\" id='tcbTabContentTab-3'>\r\n\t\n\n<p><strong>Vad kommer du att l\u00e4ra dig p\u00e5 denna hybridutbildning?<\/strong><\/p>\n\n\n\n<ul class=\"wp-block-list\">\n<li>Grunderna i Excel<\/li>\n\n\n\n<li>Formatering av kalkylblad<\/li>\n\n\n\n<li>Hur man arbetar med formler och funktioner<\/li>\n\n\n\n<li>Skapa och utnyttja Excel-tabeller<\/li>\n\n\n\n<li>Dataformatering<\/li>\n\n\n\n<li>Arbeta med diagram och visualiseringar<\/li>\n\n\n\n<li>Analysera data med Pivottabeller<br><\/li>\n<\/ul>\n\n\n\n<div class=\"wp-block-columns is-layout-flex wp-container-core-columns-is-layout-9d6595d7 wp-block-columns-is-layout-flex\">\n<div class=\"wp-block-column is-layout-flow wp-block-column-is-layout-flow\" style=\"flex-basis:33.33%\">\n<figure class=\"wp-block-image size-full is-resized is-style-rounded\"><img loading=\"lazy\" decoding=\"async\" src=\"\/wp-content\/uploads\/2025\/02\/niklassss.png\" alt=\"\" class=\"wp-image-411431\" width=\"143\" height=\"129\" \/><\/figure>\n<\/div>\n\n\n\n<div class=\"wp-block-column is-layout-flow wp-block-column-is-layout-flow\" style=\"flex-basis:66.66%\">\n<p style=\"font-size:14px\"><strong><strong>Niklas <\/strong><\/strong>\u00e4r en av Learnesys kursutvecklare och ansvarar f\u00f6r att skapa och underh\u00e5lla flera av Learnesys mest popul\u00e4ra kurser. Som erfaren Excel-utbildare \u00e4r Niklas en erfaren och engagerad handledare som brinner f\u00f6r att hj\u00e4lpa deltagare n\u00e5 sina m\u00e5l.<br><br><\/p>\n<\/div>\n<\/div>\n\n<\/div>\n\n\r\n<div class=\"wp-block-tcb-tab\" id='tcbTabContentTab-4'>\r\n\t\n\n<p><strong>Kunskaper du kan f\u00f6rv\u00e4nta dig bem\u00e4stra efter kursen<\/strong><\/p>\n\n\n\n<ul class=\"has-small-font-size wp-block-list\">\n<li>Bli mer sj\u00e4lvs\u00e4ker i att anv\u00e4nda Excel i dina arbetsuppgifter<\/li>\n\n\n\n<li>Hur man blir mer kreativ n\u00e4r man l\u00f6ser problem<\/li>\n\n\n\n<li>Vilka de mest grundl\u00e4ggande formlerna i Excel \u00e4r och hur man anv\u00e4nder dem p\u00e5 l\u00e4mpliga s\u00e4tt<\/li>\n\n\n\n<li>Vilka kortkommandon och genv\u00e4gar \u00f6kar effektiviteten s\u00e5 att du kan arbeta snabbare<\/li>\n\n\n\n<li>Hur du kan anv\u00e4nda olika tekniker f\u00f6r att filtrera och sortera data<\/li>\n\n\n\n<li>Hur man skapar och utnyttjar diagram<\/li>\n<\/ul>\n\n<\/div>\n\t\t<\/div>\r\n\t<\/div>\r\n<\/div>\n\n\n<p><\/p>\n","protected":false},"excerpt":{"rendered":"<p>Hybridutbildning i Excel<\/p>\n","protected":false},"author":54291,"featured_media":0,"parent":0,"menu_order":0,"comment_status":"closed","ping_status":"closed","template":"gutenberg.php","meta":{"_acf_changed":false,"_eb_attr":"","footnotes":""},"class_list":["post-395255","page","type-page","status-publish","hentry"],"acf":[],"_links":{"self":[{"href":"https:\/\/learnesy.com\/sv\/wp-json\/wp\/v2\/pages\/395255","targetHints":{"allow":["GET"]}}],"collection":[{"href":"https:\/\/learnesy.com\/sv\/wp-json\/wp\/v2\/pages"}],"about":[{"href":"https:\/\/learnesy.com\/sv\/wp-json\/wp\/v2\/types\/page"}],"author":[{"embeddable":true,"href":"https:\/\/learnesy.com\/sv\/wp-json\/wp\/v2\/users\/54291"}],"replies":[{"embeddable":true,"href":"https:\/\/learnesy.com\/sv\/wp-json\/wp\/v2\/comments?post=395255"}],"version-history":[{"count":60,"href":"https:\/\/learnesy.com\/sv\/wp-json\/wp\/v2\/pages\/395255\/revisions"}],"predecessor-version":[{"id":420751,"href":"https:\/\/learnesy.com\/sv\/wp-json\/wp\/v2\/pages\/395255\/revisions\/420751"}],"wp:attachment":[{"href":"https:\/\/learnesy.com\/sv\/wp-json\/wp\/v2\/media?parent=395255"}],"curies":[{"name":"wp","href":"https:\/\/api.w.org\/{rel}","templated":true}]}}