{"id":371545,"date":"2024-10-08T12:20:39","date_gmt":"2024-10-08T11:20:39","guid":{"rendered":"https:\/\/learnesy.com\/?page_id=371545"},"modified":"2025-02-27T08:26:45","modified_gmt":"2025-02-27T07:26:45","slug":"konsulter","status":"publish","type":"page","link":"https:\/\/learnesy.com\/sv\/konsulter\/","title":{"rendered":"Konsulttj\u00e4nster"},"content":{"rendered":"\n<h1 class=\"wp-block-heading\">Utforska v\u00e5ra konsulttj\u00e4nster<\/h1>\n\n\n\n<div class=\"wp-block-columns is-layout-flex wp-container-core-columns-is-layout-9d6595d7 wp-block-columns-is-layout-flex\">\n<div class=\"wp-block-column is-layout-flow wp-block-column-is-layout-flow\">\n<p>P\u00e5 Learnesy \u00e4r vi passionerade \u00f6ver att hj\u00e4lpa f\u00f6retag och individer att maximera sin potential genom dataanalys och Excel-kompetens. Med v\u00e5ra skr\u00e4ddarsydda konsulttj\u00e4nster f\u00e5r du tillg\u00e5ng till expertis som kan transformera dina datahanteringsprocesser och effektivisera ditt arbete. Oavsett om du beh\u00f6ver hj\u00e4lp med specifika projekt, utbildning av ditt team eller strategisk r\u00e5dgivning, s\u00e5 finns v\u00e5rt erfarna team h\u00e4r f\u00f6r att guida dig mot dina m\u00e5l.<br><br>Kontakta oss g\u00e4rna p\u00e5 <a href=\"mailto:sales@learnesy.com\" data-type=\"mailto\" data-id=\"mailto:sales@learnesy.com\">sales@learnesy.com<\/a> f\u00f6r mer information och skr\u00e4ddarsydda l\u00f6sningar!<\/p>\n\n\n\n<div style=\"height:54px\" aria-hidden=\"true\" class=\"wp-block-spacer\"><\/div>\n<\/div>\n<\/div>\n\n\n\n<div class=\"wp-block-columns is-layout-flex wp-container-core-columns-is-layout-9d6595d7 wp-block-columns-is-layout-flex\">\n<div class=\"wp-block-column is-vertically-aligned-top is-layout-flow wp-block-column-is-layout-flow\" style=\"flex-basis:33.33%\">\n<figure class=\"wp-block-image size-full\"><img loading=\"lazy\" decoding=\"async\" width=\"600\" height=\"600\" src=\"\/wp-content\/uploads\/2024\/10\/Untitled-design181.png\" alt=\"\" class=\"wp-image-372769\" srcset=\"\/wp-content\/uploads\/2024\/10\/Untitled-design181.png 600w, \/wp-content\/uploads\/2024\/10\/Untitled-design181-300x300.png 300w, \/wp-content\/uploads\/2024\/10\/Untitled-design181-150x150.png 150w\" sizes=\"auto, (max-width: 600px) 100vw, 600px\" \/><\/figure>\n<\/div>\n\n\n\n<div class=\"wp-block-column is-vertically-aligned-center is-layout-flow wp-block-column-is-layout-flow\" style=\"flex-basis:66.66%\">\n<h4 class=\"has-medium-font-size wp-block-heading\"><strong>Carl Stiller<\/strong><\/h4>\n\n\n\n<p><strong>Excel | Power BI | Ekonomi &amp; Finans<\/strong><br><br>Carl Stiller \u00e4r en erfaren controller och Excelkonsult med en gedigen bakgrund inom dataanalys och finansiell rapportering. Med sin expertis inom Excel och analytiska verktyg hj\u00e4lper Carl f\u00f6retag att optimera sina processer och fatta datadrivna beslut.<\/p>\n<\/div>\n<\/div>\n\n\n\n<div style=\"height:53px\" aria-hidden=\"true\" class=\"wp-block-spacer\"><\/div>\n\n\n\n<hr class=\"wp-block-separator has-alpha-channel-opacity\"\/>\n\n\n\n<div style=\"height:45px\" aria-hidden=\"true\" class=\"wp-block-spacer\"><\/div>\n\n\n\n<div class=\"wp-block-columns is-layout-flex wp-container-core-columns-is-layout-9d6595d7 wp-block-columns-is-layout-flex\">\n<div class=\"wp-block-column is-layout-flow wp-block-column-is-layout-flow\" style=\"flex-basis:66.66%\">\n<h4 class=\"wp-block-heading\"><strong>William Sam<\/strong><\/h4>\n\n\n\n<p><strong>Power BI | Excel | ERP-System<\/strong><br><br>William Sam \u00e4r en expertkonsult inom Power BI med en bakgrund inom finance control och data management. Med flera \u00e5rs erfarenhet inom dessa omr\u00e5den har William en djup f\u00f6rst\u00e5else f\u00f6r hur man effektivt visualiserar och analyserar data f\u00f6r att st\u00f6dja strategiska beslut.<\/p>\n<\/div>\n\n\n\n<div class=\"wp-block-column is-vertically-aligned-center is-layout-flow wp-block-column-is-layout-flow\" style=\"flex-basis:33.33%\">\n<figure class=\"wp-block-image size-full is-style-rounded\"><img loading=\"lazy\" decoding=\"async\" width=\"600\" height=\"600\" src=\"\/wp-content\/uploads\/2024\/10\/Untitled-design182.png\" alt=\"\" class=\"wp-image-372771\" srcset=\"\/wp-content\/uploads\/2024\/10\/Untitled-design182.png 600w, \/wp-content\/uploads\/2024\/10\/Untitled-design182-300x300.png 300w, \/wp-content\/uploads\/2024\/10\/Untitled-design182-150x150.png 150w\" sizes=\"auto, (max-width: 600px) 100vw, 600px\" \/><\/figure>\n<\/div>\n<\/div>\n\n\n\n<div style=\"height:55px\" aria-hidden=\"true\" class=\"wp-block-spacer\"><\/div>\n\n\n\n<hr class=\"wp-block-separator has-alpha-channel-opacity\"\/>\n\n\n\n<div style=\"height:61px\" aria-hidden=\"true\" class=\"wp-block-spacer\"><\/div>\n\n\n\n<div class=\"wp-block-columns is-layout-flex wp-container-core-columns-is-layout-9d6595d7 wp-block-columns-is-layout-flex\">\n<div class=\"wp-block-column is-layout-flow wp-block-column-is-layout-flow\" style=\"flex-basis:33.33%\">\n<figure class=\"wp-block-image size-full is-style-rounded\"><img loading=\"lazy\" decoding=\"async\" width=\"600\" height=\"600\" src=\"\/wp-content\/uploads\/2024\/10\/Untitled-design183.png\" alt=\"\" class=\"wp-image-372772\" srcset=\"\/wp-content\/uploads\/2024\/10\/Untitled-design183.png 600w, \/wp-content\/uploads\/2024\/10\/Untitled-design183-300x300.png 300w, \/wp-content\/uploads\/2024\/10\/Untitled-design183-150x150.png 150w\" sizes=\"auto, (max-width: 600px) 100vw, 600px\" \/><\/figure>\n<\/div>\n\n\n\n<div class=\"wp-block-column is-layout-flow wp-block-column-is-layout-flow\" style=\"flex-basis:66.66%\">\n<h4 class=\"wp-block-heading\"><strong>Magnus Eke<\/strong><\/h4>\n\n\n\n<p><strong>Python | Excel | Dataanalys<\/strong><br><br>Magnus Eke \u00e4r en dataanalytiker med expertis inom SQL, Excel, Python och Tableau. Med en passion f\u00f6r att omvandla komplexa datam\u00e4ngder till insikter, anv\u00e4nder Magnus sina tekniska f\u00e4rdigheter f\u00f6r att hj\u00e4lpa f\u00f6retag att fatta informerade beslut.<\/p>\n<\/div>\n<\/div>\n\n\n\n<div style=\"height:61px\" aria-hidden=\"true\" class=\"wp-block-spacer\"><\/div>\n\n\n\n<hr class=\"wp-block-separator has-alpha-channel-opacity\"\/>\n\n\n\n<div style=\"height:61px\" aria-hidden=\"true\" class=\"wp-block-spacer\"><\/div>\n\n\n\n<div class=\"wp-block-columns is-layout-flex wp-container-core-columns-is-layout-9d6595d7 wp-block-columns-is-layout-flex\">\n<div class=\"wp-block-column is-layout-flow wp-block-column-is-layout-flow\" style=\"flex-basis:66.66%\">\n<h4 class=\"wp-block-heading\"><strong>Fredrik \u00d6stman<\/strong><\/h4>\n\n\n\n<p><strong>Excel | VBA| Supply Chain<\/strong><br><br>Fredrik har m\u00e5ng\u00e5rig erfarenhet inom logistik och supply chain med exceptionell kunskap inom materialplanering. Erfaren ledare med expertis inom Excel och \u00f6vriga Officeprodukter och stor f\u00f6rst\u00e5else f\u00f6r ERP- och BI-system.<\/p>\n<\/div>\n\n\n\n<div class=\"wp-block-column is-vertically-aligned-center is-layout-flow wp-block-column-is-layout-flow\" style=\"flex-basis:33.33%\">\n<figure class=\"wp-block-image size-full is-style-rounded\"><img loading=\"lazy\" decoding=\"async\" width=\"600\" height=\"600\" src=\"\/wp-content\/uploads\/2025\/02\/Untitled-design194.png\" alt=\"\" class=\"wp-image-421911\" srcset=\"\/wp-content\/uploads\/2025\/02\/Untitled-design194.png 600w, \/wp-content\/uploads\/2025\/02\/Untitled-design194-300x300.png 300w, \/wp-content\/uploads\/2025\/02\/Untitled-design194-150x150.png 150w\" sizes=\"auto, (max-width: 600px) 100vw, 600px\" \/><\/figure>\n<\/div>\n<\/div>\n","protected":false},"excerpt":{"rendered":"<p>Utforska v\u00e5ra konsulttj\u00e4nster P\u00e5 Learnesy \u00e4r vi passionerade \u00f6ver att hj\u00e4lpa f\u00f6retag och individer att maximera sin potential genom dataanalys och Excel-kompetens. Med v\u00e5ra skr\u00e4ddarsydda konsulttj\u00e4nster f\u00e5r du tillg\u00e5ng till expertis som kan transformera dina [&hellip;]<\/p>\n","protected":false},"author":2,"featured_media":0,"parent":0,"menu_order":0,"comment_status":"closed","ping_status":"closed","template":"gutenberg.php","meta":{"_acf_changed":false,"_eb_attr":"","footnotes":""},"class_list":["post-371545","page","type-page","status-publish","hentry"],"acf":[],"_links":{"self":[{"href":"https:\/\/learnesy.com\/sv\/wp-json\/wp\/v2\/pages\/371545","targetHints":{"allow":["GET"]}}],"collection":[{"href":"https:\/\/learnesy.com\/sv\/wp-json\/wp\/v2\/pages"}],"about":[{"href":"https:\/\/learnesy.com\/sv\/wp-json\/wp\/v2\/types\/page"}],"author":[{"embeddable":true,"href":"https:\/\/learnesy.com\/sv\/wp-json\/wp\/v2\/users\/2"}],"replies":[{"embeddable":true,"href":"https:\/\/learnesy.com\/sv\/wp-json\/wp\/v2\/comments?post=371545"}],"version-history":[{"count":61,"href":"https:\/\/learnesy.com\/sv\/wp-json\/wp\/v2\/pages\/371545\/revisions"}],"predecessor-version":[{"id":421913,"href":"https:\/\/learnesy.com\/sv\/wp-json\/wp\/v2\/pages\/371545\/revisions\/421913"}],"wp:attachment":[{"href":"https:\/\/learnesy.com\/sv\/wp-json\/wp\/v2\/media?parent=371545"}],"curies":[{"name":"wp","href":"https:\/\/api.w.org\/{rel}","templated":true}]}}