{"id":337686,"date":"2024-06-04T12:32:30","date_gmt":"2024-06-04T11:32:30","guid":{"rendered":"https:\/\/learnesy.com\/?page_id=337686"},"modified":"2024-06-04T12:34:33","modified_gmt":"2024-06-04T11:34:33","slug":"fotbolls-em-2024","status":"publish","type":"page","link":"https:\/\/learnesy.com\/sv\/fotbolls-em-2024\/","title":{"rendered":"EM 2024 i fotboll"},"content":{"rendered":"\n<figure class=\"wp-block-image size-large is-resized\"><img decoding=\"async\" src=\"\/wp-content\/uploads\/2024\/06\/Skapa-vattenfallsdiagra6-1024x576.png\" alt=\"\" class=\"wp-image-340383\" width=\"1023\" srcset=\"\/wp-content\/uploads\/2024\/06\/Skapa-vattenfallsdiagra6-1024x576.png 1024w, \/wp-content\/uploads\/2024\/06\/Skapa-vattenfallsdiagra6-300x169.png 300w, \/wp-content\/uploads\/2024\/06\/Skapa-vattenfallsdiagra6-768x432.png 768w, \/wp-content\/uploads\/2024\/06\/Skapa-vattenfallsdiagra6-1536x864.png 1536w, \/wp-content\/uploads\/2024\/06\/Skapa-vattenfallsdiagra6.png 1920w\" sizes=\"(max-width: 1024px) 100vw, 1024px\" \/><\/figure>\n\n\n\n<p>Nu har schemat importerats till din Outlook. Om du har valt en status av dessa tre (<em>Tentative<\/em>, <em>Busy<\/em> eller <em>Out of Office<\/em>) kommer du f\u00e5 en kalenderp\u00e5minnelse innan matchen. <\/p>\n\n\n\n<p>Som tack f\u00f6r att du anv\u00e4nder dig av v\u00e5rt EM-schema, ska du \u00e4ven f\u00e5 en rabattkod p\u00e5 15%. Den h\u00e4r rabattkoden kan anv\u00e4ndas f\u00f6r samtliga kurser i Learnesys <a href=\"https:\/\/learnesy.com\/sv\/courses\/\">kurskatalog<\/a>.<\/p>\n\n\n\n<p>Du hittar rabattkoden h\u00e4r: <strong><em>EM2024<\/em><\/strong><\/p>\n\n\n\n<div style=\"height:25px\" aria-hidden=\"true\" class=\"wp-block-spacer\"><\/div>\n\n\n\n<h3 class=\"wp-block-heading\">Mer om sommarens Europam\u00e4sterskap i fotboll<\/h3>\n\n\n\n<p>H\u00e4r nedan f\u00f6ljer n\u00e5gra intressanta detaljer om sommarens Europam\u00e4sterskap i fotboll f\u00f6r herrar. <\/p>\n\n\n\n<h4 class=\"wp-block-heading\">Datum och spelschema<\/h4>\n\n\n\n<ul class=\"wp-block-list\">\n<li>Turneringen \u00e4ger rum mellan 14 juni och 14 juli 2024.<\/li>\n\n\n\n<li>Totalt kommer det att finnas 51 sp\u00e4nnande matcher mellan n\u00e5gra av Europas fr\u00e4msta fotbollslandslag.<\/li>\n\n\n\n<li>De 24 deltagande lagen kommer att spela tre matcher var under gruppspelet, d\u00e4r de m\u00f6ter varandra.<\/li>\n\n\n\n<li>De tv\u00e5 b\u00e4sta lagen fr\u00e5n varje grupp, samt de fyra b\u00e4sta treorna, g\u00e5r vidare till EM-slutspelet.<\/li>\n\n\n\n<li>Finalen kommer att \u00e4ga rum den 14 juli p\u00e5 Olympiastadion i Berlin<\/li>\n<\/ul>\n\n\n\n<h4 class=\"wp-block-heading\">Vilka \u00e4r favoriter?<\/h4>\n\n\n\n<p>Det \u00e4r alltid sp\u00e4nnande att se vilka lag som sticker ut i ett m\u00e4sterskap! H\u00e4r \u00e4r n\u00e5gra av de traditionella favoriterna i \u00e5rets Europam\u00e4sterskap:<\/p>\n\n\n\n<ul class=\"wp-block-list\">\n<li>Frankrike: Frankrike har en stark trupp med spelare som Kylian Mbapp\u00e9, Antoine Griezmann och Olivier Giroud. De vann VM 2018 och \u00e4r definitivt en av de stora favoriterna.<\/li>\n\n\n\n<li>Tyskland: Tyskland har en rik historia i EM och VM. \u00c4ven om de inte alltid \u00e4r lika dominanta som tidigare, har de fortfarande en talangfull trupp.<\/li>\n\n\n\n<li>Spanien: Spanien har vunnit EM tv\u00e5 g\u00e5nger tidigare och har en tekniskt skicklig trupp. De \u00e4r alltid farliga i turneringar.<\/li>\n\n\n\n<li>England: England har en ung och lovande trupp med spelare som Harry Kane, Raheem Sterling och Phil Foden. De n\u00e5r ofta l\u00e5ngt i m\u00e4sterskap, men s\u00e4llan hela v\u00e4gen till vinst.<\/li>\n\n\n\n<li>Belgien: Belgien har en \u00e5ldrande gyllene generation med spelare som Kevin De Bruyne, Eden Hazard och Romelu Lukaku. De kan ses som en dark horse i detta m\u00e4sterskap.<\/li>\n<\/ul>\n\n\n\n<p>Sj\u00e4lvklart kan det alltid finnas \u00f6verraskningar och andra lag som ocks\u00e5 g\u00f6r bra ifr\u00e5n sig. Det \u00e4r det som g\u00f6r fotboll s\u00e5 sp\u00e4nnande! \u26bd\ud83c\udfc6<\/p>\n\n\n\n<h4 class=\"wp-block-heading\">Officiell matchboll<\/h4>\n\n\n\n<p>UEFA har tillsammans med Adidas (i vanlig ordning) sl\u00e4ppt den officiella EM-bollen f\u00f6r herrarnas Europam\u00e4sterskap 2024. <\/p>\n\n\n\n<h4 class=\"wp-block-heading\">Biljetter<\/h4>\n\n\n\n<p>Ans\u00f6kningar om biljetter till m\u00e4sterskapet b\u00f6rjade redan 3 oktober 2023. Det blir ett fartfyllt EM i Tyskland, och det kan bli sv\u00e5rt att f\u00e5 biljetter. <\/p>\n","protected":false},"excerpt":{"rendered":"<p>Nu har schemat importerats till din Outlook. Om du har valt en status av dessa tre (Tentative, Busy eller Out of Office) kommer du f\u00e5 en kalenderp\u00e5minnelse innan matchen. Som tack f\u00f6r att du anv\u00e4nder [&hellip;]<\/p>\n","protected":false},"author":54291,"featured_media":0,"parent":0,"menu_order":0,"comment_status":"closed","ping_status":"closed","template":"","meta":{"_acf_changed":false,"_eb_attr":"","footnotes":""},"class_list":["post-337686","page","type-page","status-publish","hentry"],"acf":[],"_links":{"self":[{"href":"https:\/\/learnesy.com\/sv\/wp-json\/wp\/v2\/pages\/337686","targetHints":{"allow":["GET"]}}],"collection":[{"href":"https:\/\/learnesy.com\/sv\/wp-json\/wp\/v2\/pages"}],"about":[{"href":"https:\/\/learnesy.com\/sv\/wp-json\/wp\/v2\/types\/page"}],"author":[{"embeddable":true,"href":"https:\/\/learnesy.com\/sv\/wp-json\/wp\/v2\/users\/54291"}],"replies":[{"embeddable":true,"href":"https:\/\/learnesy.com\/sv\/wp-json\/wp\/v2\/comments?post=337686"}],"version-history":[{"count":12,"href":"https:\/\/learnesy.com\/sv\/wp-json\/wp\/v2\/pages\/337686\/revisions"}],"predecessor-version":[{"id":340394,"href":"https:\/\/learnesy.com\/sv\/wp-json\/wp\/v2\/pages\/337686\/revisions\/340394"}],"wp:attachment":[{"href":"https:\/\/learnesy.com\/sv\/wp-json\/wp\/v2\/media?parent=337686"}],"curies":[{"name":"wp","href":"https:\/\/api.w.org\/{rel}","templated":true}]}}