{"id":235109,"date":"2023-05-11T09:50:06","date_gmt":"2023-05-11T08:50:06","guid":{"rendered":"https:\/\/learnesy.com\/?page_id=235109"},"modified":"2025-09-23T09:14:04","modified_gmt":"2025-09-23T08:14:04","slug":"hallbarhetspolicy","status":"publish","type":"page","link":"https:\/\/learnesy.com\/sv\/hallbarhetspolicy\/","title":{"rendered":"H\u00e5llbarhetspolicy"},"content":{"rendered":"\n<h2 class=\"wp-block-heading\">H\u00e5llbarhetspolicy kopplad till FNs m\u00e5l<\/h2>\n\n\n<h3>Pages\/Posts<\/h3><ul><li>Page: <a href=\"https:\/\/learnesy.com\/sv\/gratiskurser\/\" target=\"_blank\">Gratiskurser<\/a> (ID: 52461)<\/li><li>Page: <a href=\"https:\/\/learnesy.com\/sv\/om-learnesy\/\" target=\"_blank\">Om Learnesy<\/a> (ID: 58194)<\/li><li>Wp_navigation: <a href=\"https:\/\/learnesy.com\/primary\/\" target=\"_blank\">primary<\/a> (ID: 446924)<\/li><li>Wpcode: <a href=\"https:\/\/learnesy.com\/sv\/wpcode\/untitled-snippet\/\" target=\"_blank\">Untitled Snippet<\/a> (ID: 480515)<\/li><li>Wp_navigation: <a href=\"https:\/\/learnesy.com\/primary\/\" target=\"_blank\">primary<\/a> (ID: 511490)<\/li><li>Wp_navigation: <a href=\"https:\/\/learnesy.com\/primary\/\" target=\"_blank\">primary<\/a> (ID: 533483)<\/li><li>Wp_navigation: <a href=\"https:\/\/learnesy.com\/primary\/\" target=\"_blank\">primary<\/a> (ID: 533602)<\/li><\/ul><h3>Menus<\/h3><ul><li>Menu Item ID: 408393 \u2192 https:\/\/learnesy.com\/sv\/for-foretag\/<\/li><li>Menu Item ID: 426289 \u2192 https:\/\/learnesy.com\/sv\/for-foretag\/<\/li><li>Menu Item ID: 439124 \u2192 https:\/\/learnesy.com\/sv\/for-foretag\/<\/li><\/ul><h3>Custom Fields<\/h3><ul><li>Post ID: 41506 \u2014 field: primary_features_items_0_content<\/li><li>Post ID: 88243 \u2014 field: primary_features_items_0_content<\/li><li>Post ID: 88936 \u2014 field: primary_features_items_0_content<\/li><li>Post ID: 89019 \u2014 field: primary_features_items_0_content<\/li><li>Post ID: 89703 \u2014 field: primary_features_items_0_content<\/li><li>Post ID: 101612 \u2014 field: primary_features_items_0_content<\/li><li>Post ID: 101613 \u2014 field: primary_features_items_0_content<\/li><li>Post ID: 101614 \u2014 field: primary_features_items_0_content<\/li><li>Post ID: 101616 \u2014 field: primary_features_items_0_content<\/li><li>Post ID: 101618 \u2014 field: primary_features_items_0_content<\/li><li>Post ID: 101704 \u2014 field: primary_features_items_0_content<\/li><li>Post ID: 101705 \u2014 field: primary_features_items_0_content<\/li><li>Post ID: 101706 \u2014 field: primary_features_items_0_content<\/li><li>Post ID: 101707 \u2014 field: primary_features_items_0_content<\/li><li>Post ID: 101708 \u2014 field: primary_features_items_0_content<\/li><li>Post ID: 101710 \u2014 field: primary_features_items_0_content<\/li><li>Post ID: 101711 \u2014 field: primary_features_items_0_content<\/li><li>Post ID: 101712 \u2014 field: primary_features_items_0_content<\/li><li>Post ID: 101713 \u2014 field: primary_features_items_0_content<\/li><li>Post ID: 101714 \u2014 field: primary_features_items_0_content<\/li><li>Post ID: 105220 \u2014 field: primary_features_items_0_content<\/li><li>Post ID: 105221 \u2014 field: primary_features_items_0_content<\/li><li>Post ID: 117138 \u2014 field: primary_features_items_0_content<\/li><li>Post ID: 117291 \u2014 field: primary_features_items_0_content<\/li><li>Post ID: 117393 \u2014 field: primary_features_items_0_content<\/li><li>Post ID: 121765 \u2014 field: primary_features_items_0_content<\/li><li>Post ID: 137489 \u2014 field: primary_features_items_0_content<\/li><li>Post ID: 137490 \u2014 field: primary_features_items_0_content<\/li><li>Post ID: 153484 \u2014 field: primary_features_items_0_content<\/li><li>Post ID: 157116 \u2014 field: primary_features_items_0_content<\/li><li>Post ID: 157149 \u2014 field: primary_features_items_0_content<\/li><li>Post ID: 157152 \u2014 field: primary_features_items_0_content<\/li><li>Post ID: 157153 \u2014 field: primary_features_items_0_content<\/li><li>Post ID: 157246 \u2014 field: primary_features_items_0_content<\/li><li>Post ID: 157308 \u2014 field: primary_features_items_0_content<\/li><li>Post ID: 157409 \u2014 field: primary_features_items_0_content<\/li><li>Post ID: 157886 \u2014 field: primary_features_items_0_content<\/li><li>Post ID: 157899 \u2014 field: primary_features_items_0_content<\/li><li>Post ID: 157914 \u2014 field: primary_features_items_0_content<\/li><li>Post ID: 157918 \u2014 field: primary_features_items_0_content<\/li><li>Post ID: 157950 \u2014 field: primary_features_items_0_content<\/li><li>Post ID: 157951 \u2014 field: primary_features_items_0_content<\/li><li>Post ID: 158655 \u2014 field: primary_features_items_0_content<\/li><li>Post ID: 166503 \u2014 field: primary_features_items_0_content<\/li><li>Post ID: 166509 \u2014 field: primary_features_items_0_content<\/li><li>Post ID: 166608 \u2014 field: primary_features_items_0_content<\/li><li>Post ID: 167136 \u2014 field: primary_features_items_0_content<\/li><li>Post ID: 168007 \u2014 field: primary_features_items_0_content<\/li><li>Post ID: 168243 \u2014 field: primary_features_items_0_content<\/li><li>Post ID: 168311 \u2014 field: primary_features_items_0_content<\/li><li>Post ID: 168450 \u2014 field: primary_features_items_0_content<\/li><li>Post ID: 168451 \u2014 field: primary_features_items_0_content<\/li><li>Post ID: 170146 \u2014 field: primary_features_items_0_content<\/li><li>Post ID: 172035 \u2014 field: primary_features_items_0_content<\/li><li>Post ID: 172998 \u2014 field: primary_features_items_0_content<\/li><li>Post ID: 173000 \u2014 field: primary_features_items_0_content<\/li><li>Post ID: 173002 \u2014 field: primary_features_items_0_content<\/li><li>Post ID: 174504 \u2014 field: primary_features_items_0_content<\/li><li>Post ID: 179715 \u2014 field: primary_features_items_0_content<\/li><li>Post ID: 223556 \u2014 field: primary_features_items_0_content<\/li><li>Post ID: 223557 \u2014 field: primary_features_items_0_content<\/li><li>Post ID: 223559 \u2014 field: primary_features_items_0_content<\/li><li>Post ID: 223561 \u2014 field: primary_features_items_0_content<\/li><li>Post ID: 223562 \u2014 field: primary_features_items_0_content<\/li><li>Post ID: 223568 \u2014 field: primary_features_items_0_content<\/li><li>Post ID: 223570 \u2014 field: primary_features_items_0_content<\/li><li>Post ID: 223571 \u2014 field: primary_features_items_0_content<\/li><li>Post ID: 223576 \u2014 field: primary_features_items_0_content<\/li><li>Post ID: 223582 \u2014 field: primary_features_items_0_content<\/li><li>Post ID: 228864 \u2014 field: primary_features_items_0_content<\/li><li>Post ID: 228865 \u2014 field: primary_features_items_0_content<\/li><li>Post ID: 228867 \u2014 field: primary_features_items_0_content<\/li><li>Post ID: 229566 \u2014 field: primary_features_items_0_content<\/li><li>Post ID: 229567 \u2014 field: primary_features_items_0_content<\/li><li>Post ID: 229724 \u2014 field: primary_features_items_0_content<\/li><li>Post ID: 229725 \u2014 field: primary_features_items_0_content<\/li><li>Post ID: 318712 \u2014 field: primary_features_items_0_content<\/li><li>Post ID: 318714 \u2014 field: primary_features_items_0_content<\/li><li>Post ID: 322740 \u2014 field: primary_features_items_0_content<\/li><li>Post ID: 323768 \u2014 field: primary_features_items_0_content<\/li><li>Post ID: 326391 \u2014 field: primary_features_items_0_content<\/li><li>Post ID: 326989 \u2014 field: primary_features_items_0_content<\/li><li>Post ID: 326997 \u2014 field: primary_features_items_0_content<\/li><li>Post ID: 326999 \u2014 field: primary_features_items_0_content<\/li><li>Post ID: 343361 \u2014 field: primary_features_items_0_content<\/li><li>Post ID: 408393 \u2014 field: _menu_item_url<\/li><li>Post ID: 426289 \u2014 field: _menu_item_url<\/li><li>Post ID: 428093 \u2014 field: primary_features_items_0_content<\/li><li>Post ID: 428094 \u2014 field: primary_features_items_0_content<\/li><li>Post ID: 429515 \u2014 field: primary_features_items_0_content<\/li><li>Post ID: 430307 \u2014 field: primary_features_items_0_content<\/li><li>Post ID: 439124 \u2014 field: _menu_item_url<\/li><li>Post ID: 447012 \u2014 field: primary_features_items_0_content<\/li><li>Post ID: 462096 \u2014 field: primary_features_items_0_content<\/li><\/ul>\n\n\n\n<p>Vi p\u00e5 Learnesy str\u00e4var efter att integrera principerna om h\u00e5llbarhet i v\u00e5r verksamhet och verka p\u00e5 ett h\u00e5llbart och ansvarsfullt s\u00e4tt. Vi tror att v\u00e5rt engagemang f\u00f6r h\u00e5llbarhet inte bara \u00e4r viktigt f\u00f6r v\u00e5r verksamhet, utan ocks\u00e5 f\u00f6r samh\u00e4llet och milj\u00f6n runt omkring oss. Vi f\u00f6rbinder oss att genomf\u00f6ra v\u00e5ra \u00e5taganden i v\u00e5r h\u00e5llbarhetspolicy och g\u00f6ra v\u00e5rt b\u00e4sta f\u00f6r att bidra till flera av FN:s h\u00e5llbarhetsm\u00e5l.<\/p>\n\n\n\n<p>M\u00e5l 4: Kvalitetsutbildning \u2013 vi fr\u00e4mjar h\u00e5llbarhet och socialt ansvar genom att integrera h\u00e5llbarhetsprinciper i v\u00e5ra utbildningskurser. Vi tror att utbildning \u00e4r en viktig del av en h\u00e5llbar framtid och vi vill g\u00f6ra v\u00e5rt b\u00e4sta f\u00f6r att fr\u00e4mja medvetenheten om h\u00e5llbarhet genom v\u00e5r utbildning.<\/p>\n\n\n\n<p>Vi kommer att:<\/p>\n\n\n\n<ul class=\"wp-block-list\">\n<li>Arbeta f\u00f6r att s\u00e4kerst\u00e4lla att v\u00e5ra utbildningskurser inte p\u00e5verkar milj\u00f6n negativt.<\/li>\n<\/ul>\n\n\n\n<p>M\u00e5l 7: H\u00e5llbar energi &#8211; Vi arbetar aktivt f\u00f6r att minska v\u00e5r p\u00e5verkan p\u00e5 milj\u00f6n genom att minska v\u00e5r energif\u00f6rbrukning och anv\u00e4nda f\u00f6rnybara energik\u00e4llor.<\/p>\n\n\n\n<p>Vi kommer att:<\/p>\n\n\n\n<ul class=\"wp-block-list\">\n<li>Minska v\u00e5r energif\u00f6rbrukning genom att anv\u00e4nda energieffektiva teknologier och metoder.<\/li>\n\n\n\n<li>Minska v\u00e5r anv\u00e4ndning av fossila br\u00e4nslen och fr\u00e4mja anv\u00e4ndningen av f\u00f6rnybara energik\u00e4llor.<\/li>\n\n\n\n<li>Arbeta f\u00f6r att minska v\u00e5r klimatp\u00e5verkan genom att minska v\u00e5r energif\u00f6rbrukning och anv\u00e4nda f\u00f6rnybara energik\u00e4llor.<\/li>\n<\/ul>\n\n\n\n<p>M\u00e5l 8: Anst\u00e4ndiga arbetsvillkor och ekonomisk tillv\u00e4xt &#8211; Vi str\u00e4var efter att arbeta med partners och leverant\u00f6rer som delar v\u00e5ra v\u00e4rderingar om h\u00e5llbarhet och socialt ansvar.<\/p>\n\n\n\n<p>Vi kommer att:<\/p>\n\n\n\n<ul class=\"wp-block-list\">\n<li>Arbeta f\u00f6r att s\u00e4kerst\u00e4lla att v\u00e5ra leverant\u00f6rer och partners f\u00f6ljer v\u00e5r h\u00e5llbarhetspolicy och v\u00e4rderingar.<\/li>\n\n\n\n<li>S\u00e4kerst\u00e4lla att vi betalar en r\u00e4ttvis l\u00f6n till v\u00e5ra anst\u00e4llda och tillhandah\u00e5ller anst\u00e4ndiga arbetsvillkor.<\/li>\n\n\n\n<li>Arbeta f\u00f6r att fr\u00e4mja socialt ansvar och h\u00e5llbarhet i samh\u00e4llet runt omkring oss.<\/li>\n<\/ul>\n\n\n\n<p>M\u00e5l 12: H\u00e5llbar konsumtion och produktion &#8211; Vi arbetar aktivt f\u00f6r att minska v\u00e5r p\u00e5verkan p\u00e5 milj\u00f6n genom att fr\u00e4mja \u00e5tervinning och avfallshantering och anv\u00e4nda milj\u00f6v\u00e4nliga produkter och tj\u00e4nster.<\/p>\n\n\n\n<p>Vi kommer att:<\/p>\n\n\n\n<ul class=\"wp-block-list\">\n<li>Arbeta f\u00f6r att minska v\u00e5rt avfall genom att \u00e5tervinna och \u00e5teranv\u00e4nda material och minimera v\u00e5r anv\u00e4ndning av eng\u00e5ngsprodukter.<\/li>\n\n\n\n<li>Anv\u00e4nda milj\u00f6v\u00e4nliga produkter och tj\u00e4nster s\u00e5 mycket som m\u00f6jligt och str\u00e4va efter att minska v\u00e5r p\u00e5verkan p\u00e5 milj\u00f6n genom hela v\u00e5r verksamhet.<\/li>\n<\/ul>\n\n\n\n<p>M\u00e5l 17: Partnerskap f\u00f6r m\u00e5len &#8211; Vi tror att genom samarbete och partnerskap kan vi g\u00f6ra en st\u00f6rre positiv p\u00e5verkan p\u00e5 samh\u00e4llet och milj\u00f6n runt omkring oss.<\/p>\n\n\n\n<p>Vi kommer att:<\/p>\n\n\n\n<ul class=\"wp-block-list\">\n<li>Samarbeta med partners och organisationer som delar v\u00e5ra v\u00e4rderingar om h\u00e5llbarhet och socialt ansvar.<\/li>\n\n\n\n<li>Arbeta f\u00f6r att fr\u00e4mja h\u00e5llbarhet i samh\u00e4llet runt omkring oss genom v\u00e5rt engagemang i samh\u00e4llsprojekt och aktiviteter.<\/li>\n\n\n\n<li>Forts\u00e4tta att st\u00f6dja och sponsra idrottsf\u00f6reningar och andra organisationer som fr\u00e4mjar h\u00e5llbarhet och socialt ansvar.<\/li>\n<\/ul>\n\n\n\n<p>Vi p\u00e5 Learnesy str\u00e4var efter att st\u00e4ndigt f\u00f6rb\u00e4ttra v\u00e5r h\u00e5llbarhetsprestanda och bidra till en h\u00e5llbar framtid. Vi tar v\u00e5rt ansvar p\u00e5 allvar och hoppas att v\u00e5r h\u00e5llbarhetspolicy kan inspirera andra att ocks\u00e5 ta steg mot en mer h\u00e5llbar och ansvarsfull verksamhet. <\/p>\n","protected":false},"excerpt":{"rendered":"<p>H\u00e5llbarhetspolicy kopplad till FNs m\u00e5l Vi p\u00e5 Learnesy str\u00e4var efter att integrera principerna om h\u00e5llbarhet i v\u00e5r verksamhet och verka p\u00e5 ett h\u00e5llbart och ansvarsfullt s\u00e4tt. Vi tror att v\u00e5rt engagemang f\u00f6r h\u00e5llbarhet inte bara [&hellip;]<\/p>\n","protected":false},"author":54291,"featured_media":0,"parent":0,"menu_order":0,"comment_status":"closed","ping_status":"closed","template":"","meta":{"_acf_changed":false,"_eb_attr":"","footnotes":""},"class_list":["post-235109","page","type-page","status-publish","hentry"],"acf":[],"_links":{"self":[{"href":"https:\/\/learnesy.com\/sv\/wp-json\/wp\/v2\/pages\/235109","targetHints":{"allow":["GET"]}}],"collection":[{"href":"https:\/\/learnesy.com\/sv\/wp-json\/wp\/v2\/pages"}],"about":[{"href":"https:\/\/learnesy.com\/sv\/wp-json\/wp\/v2\/types\/page"}],"author":[{"embeddable":true,"href":"https:\/\/learnesy.com\/sv\/wp-json\/wp\/v2\/users\/54291"}],"replies":[{"embeddable":true,"href":"https:\/\/learnesy.com\/sv\/wp-json\/wp\/v2\/comments?post=235109"}],"version-history":[{"count":8,"href":"https:\/\/learnesy.com\/sv\/wp-json\/wp\/v2\/pages\/235109\/revisions"}],"predecessor-version":[{"id":480543,"href":"https:\/\/learnesy.com\/sv\/wp-json\/wp\/v2\/pages\/235109\/revisions\/480543"}],"wp:attachment":[{"href":"https:\/\/learnesy.com\/sv\/wp-json\/wp\/v2\/media?parent=235109"}],"curies":[{"name":"wp","href":"https:\/\/api.w.org\/{rel}","templated":true}]}}