{"id":224544,"date":"2023-03-03T13:20:36","date_gmt":"2023-03-03T12:20:36","guid":{"rendered":"https:\/\/learnesy.com\/?page_id=224544"},"modified":"2023-10-18T10:49:36","modified_gmt":"2023-10-18T09:49:36","slug":"ovningsuppgifter","status":"publish","type":"page","link":"https:\/\/learnesy.com\/sv\/ovningsuppgifter\/","title":{"rendered":"\u00d6vningsuppgifter &#038; probleml\u00f6sning i Excel"},"content":{"rendered":"\n<p>V\u00e5ra Excel-utmaningar \u00e4r utformade f\u00f6r att testa dina f\u00e4rdigheter och kreativitet i att anv\u00e4nda Excel och hj\u00e4lpa dig att l\u00e4ra dig nya funktioner och verktyg. Varje utmaning presenterar en uppgift eller problem att l\u00f6sa med hj\u00e4lp av Excel, och ger en m\u00f6jlighet att tr\u00e4na dina f\u00e4rdigheter och utveckla nya! Alla uppgifter har \u00e4ven ett facit.<\/p>\n","protected":false},"excerpt":{"rendered":"<p>V\u00e5ra Excel-utmaningar \u00e4r utformade f\u00f6r att testa dina f\u00e4rdigheter och kreativitet i att anv\u00e4nda Excel och hj\u00e4lpa dig att l\u00e4ra dig nya funktioner och verktyg. Varje utmaning presenterar en uppgift eller problem att l\u00f6sa med [&hellip;]<\/p>\n","protected":false},"author":2,"featured_media":0,"parent":0,"menu_order":0,"comment_status":"closed","ping_status":"closed","template":"template-files.php","meta":{"_acf_changed":false,"_eb_attr":"","footnotes":""},"class_list":["post-224544","page","type-page","status-publish","hentry"],"acf":[],"_links":{"self":[{"href":"https:\/\/learnesy.com\/sv\/wp-json\/wp\/v2\/pages\/224544","targetHints":{"allow":["GET"]}}],"collection":[{"href":"https:\/\/learnesy.com\/sv\/wp-json\/wp\/v2\/pages"}],"about":[{"href":"https:\/\/learnesy.com\/sv\/wp-json\/wp\/v2\/types\/page"}],"author":[{"embeddable":true,"href":"https:\/\/learnesy.com\/sv\/wp-json\/wp\/v2\/users\/2"}],"replies":[{"embeddable":true,"href":"https:\/\/learnesy.com\/sv\/wp-json\/wp\/v2\/comments?post=224544"}],"version-history":[{"count":60,"href":"https:\/\/learnesy.com\/sv\/wp-json\/wp\/v2\/pages\/224544\/revisions"}],"predecessor-version":[{"id":271870,"href":"https:\/\/learnesy.com\/sv\/wp-json\/wp\/v2\/pages\/224544\/revisions\/271870"}],"wp:attachment":[{"href":"https:\/\/learnesy.com\/sv\/wp-json\/wp\/v2\/media?parent=224544"}],"curies":[{"name":"wp","href":"https:\/\/api.w.org\/{rel}","templated":true}]}}