{"id":132966,"date":"2022-02-18T11:03:50","date_gmt":"2022-02-18T09:03:50","guid":{"rendered":"https:\/\/learnesy.com\/?page_id=132966"},"modified":"2022-04-19T09:49:36","modified_gmt":"2022-04-19T08:49:36","slug":"snabbguide-i-excel","status":"publish","type":"page","link":"https:\/\/learnesy.com\/sv\/snabbguide-i-excel\/","title":{"rendered":"Lathund Excel"},"content":{"rendered":"\n<figure class=\"wp-block-image size-full\"><img loading=\"lazy\" decoding=\"async\" width=\"800\" height=\"400\" src=\"\/wp-content\/uploads\/2022\/02\/Snabbguide-i-Excel-Learnesy.png\" alt=\"\" class=\"wp-image-133868\" srcset=\"\/wp-content\/uploads\/2022\/02\/Snabbguide-i-Excel-Learnesy.png 800w, \/wp-content\/uploads\/2022\/02\/Snabbguide-i-Excel-Learnesy-300x150.png 300w, \/wp-content\/uploads\/2022\/02\/Snabbguide-i-Excel-Learnesy-768x384.png 768w, \/wp-content\/uploads\/2022\/02\/Snabbguide-i-Excel-Learnesy-400x200.png 400w\" sizes=\"auto, (max-width: 800px) 100vw, 800px\" \/><\/figure>\n\n\n\n<p>Ladda ned ditt exemplar av v\u00e5r Snabbguide i Excel, d\u00e4r vi samlat smarta funktioner f\u00f6r att optimera ditt arbete. Utan kostnad.<br>7 sidor fyllda med popul\u00e4ra funktioner och kortkommandon i b\u00e5de PC och Mac. <\/p>\n\n\n\n<p><strong>Inneh\u00e5ller bl.a:<\/strong><\/p>\n\n\n\n<ul class=\"wp-block-list\"><li>Pivottabeller &#8211; Allt fr\u00e5n grunder till layout<\/li><li>Popul\u00e4ra kortkommandon till PC &amp; Mac<\/li><li>Diagram &#8211; Skapa diagram till trendlinjer<\/li><li>Utseende &#8211; L\u00e4r dig mer om layout i Excel<\/li><li>Och mycket mer<\/li><\/ul>\n\n\n\n<p><\/p>\n\n\n        <form method=\"POST\" action=\"https:\/\/mail.learnesy.com\/subscribe\/20e02857-31e8-40cf-abff-63736eacb19c\" class=\"subscribe-for-pdf\">\n            <input type=\"email\" name=\"email\" placeholder=\"ditt.namn@foretag.se\" required>\n            <input type=\"hidden\" name=\"tags\" value=\"swedish\">\n            <button>Skicka PDF till min email<\/button>\n        <\/form>\n        \n","protected":false},"excerpt":{"rendered":"<p>Ladda ned ditt exemplar av v\u00e5r Snabbguide i Excel, d\u00e4r vi samlat smarta funktioner f\u00f6r att optimera ditt arbete. Utan kostnad.7 sidor fyllda med popul\u00e4ra funktioner och kortkommandon i b\u00e5de PC och Mac. Inneh\u00e5ller bl.a: [&hellip;]<\/p>\n","protected":false},"author":12,"featured_media":0,"parent":0,"menu_order":0,"comment_status":"closed","ping_status":"closed","template":"narrow-content.php","meta":{"_acf_changed":false,"_eb_attr":"","footnotes":""},"class_list":["post-132966","page","type-page","status-publish","hentry"],"acf":[],"_links":{"self":[{"href":"https:\/\/learnesy.com\/sv\/wp-json\/wp\/v2\/pages\/132966","targetHints":{"allow":["GET"]}}],"collection":[{"href":"https:\/\/learnesy.com\/sv\/wp-json\/wp\/v2\/pages"}],"about":[{"href":"https:\/\/learnesy.com\/sv\/wp-json\/wp\/v2\/types\/page"}],"author":[{"embeddable":true,"href":"https:\/\/learnesy.com\/sv\/wp-json\/wp\/v2\/users\/12"}],"replies":[{"embeddable":true,"href":"https:\/\/learnesy.com\/sv\/wp-json\/wp\/v2\/comments?post=132966"}],"version-history":[{"count":28,"href":"https:\/\/learnesy.com\/sv\/wp-json\/wp\/v2\/pages\/132966\/revisions"}],"predecessor-version":[{"id":469231,"href":"https:\/\/learnesy.com\/sv\/wp-json\/wp\/v2\/pages\/132966\/revisions\/469231"}],"wp:attachment":[{"href":"https:\/\/learnesy.com\/sv\/wp-json\/wp\/v2\/media?parent=132966"}],"curies":[{"name":"wp","href":"https:\/\/api.w.org\/{rel}","templated":true}]}}