{"id":126158,"date":"2022-01-27T16:00:19","date_gmt":"2022-01-27T14:00:19","guid":{"rendered":"https:\/\/learnesy.com\/?page_id=126158"},"modified":"2022-01-31T15:23:47","modified_gmt":"2022-01-31T13:23:47","slug":"excelutmaningar","status":"publish","type":"page","link":"https:\/\/learnesy.com\/sv\/excelutmaningar\/","title":{"rendered":"Excelutmaningar"},"content":{"rendered":"\n<style>\n\n* {\n  margin: 0;\n  padding: 0;\n  box-sizing: border-box;\n}\n\n\n\n.main-container {\n  padding: 30px;\n}\n\n\/* HEADING *\/\n\n.heading {\n  text-align: center;\n}\n\n.heading__title {\n  font-weight: 600;\n}\n\n.heading__credits {\n  margin: 10px 0px;\n  color: #888888;\n  font-size: 25px;\n  transition: all 0.5s;\n}\n\n.heading__link {\n  text-decoration: none;\n}\n\n.heading__credits .heading__link {\n  color: inherit;\n}\n\n\/* CARDS *\/\n\n.cards {\n  display: flex;\n  flex-wrap: wrap;\n  justify-content: space-between;\n}\n\n.card {\n  margin: 20px;\n  padding: 20px;\n  width: 400px;\n  height: 29px\n  display: grid;\n  grid-template-rows: 20px 50px 1fr 50px;\n  border-radius: 10px;\n  box-shadow: 0px 6px 10px rgba(0, 0, 0, 0.25);\n  transition: all 0.2s;\n}\n\n.card:hover {\n  box-shadow: 0px 6px 10px rgba(0, 0, 0, 0.4);\n  transform: scale(1.01);\n}\n\n.card.link,\n.card__exit,\n.card__icon {\n  position: relative;\n  text-decoration: none;\n  color: rgba(83, 131, 99);\n\n}\n\n\n\n\n.card__link::after {\n  position: absolute;\n  top: 25px;\n  left: 0;\n  content: \"\";\n  width: 0%;\n  height: 3px;\n  background-color: rgba(255, 255, 255, 0.6);\n  transition: all 0.5s;\n}\n\n\n\n.card__exit {\n  grid-row: 1\/2;\n  justify-self: end;\n}\n\n.card__icon {\n  grid-row: 2\/3;\n  font-size: 30px;\n}\n\n.card__title {\n  grid-row: 3\/4;\n  font-weight: 400;\n  color: #000000;\n}\n\n.card__apply {\n  grid-row: 4\/5;\n  align-self: center;\n}\n\n\/* CARD BACKGROUNDS *\/\n\n.card-1 {\n  background: radial-gradient(#D5E5DD, #EBEDDD);\n  height: 200px;\n}\n\n.card-2 {\n  background: radial-gradient(#FBDAB9, #ECBB8A);\n  height: 200px;\n}\n\n.card-3 {\n  background: radial-gradient(#D3E5F7, #BCCEE0);\n  height:200px\n}\n\n.card-4 {\n  background: radial-gradient(#F5EFD9, #DED5B5);\n  height: 200px;\n}\n\n.card-5 {\n  background: radial-gradient(#FCE5C3, #ECCA96);\n  height: 200px;\n}\n\n\/* RESPONSIVE *\/\n\n@media (max-width: 1600px) {\n  .cards {\n    justify-content: center;\n  }\n}\n\n\n\n<\/style>\n\n\n\n\n<div class=\"main-container\">\n  <div class=\"heading\">\n    <h1 class=\"heading__title\">Excelutmaningar<\/h1>\n\n  <\/div>\n  <div class=\"cards\">\n    <div class=\"card card-1\">\n      <div class=\"card__icon\"><i class=\"fas fa-clock\"><\/i><\/div>\n      <h3 class=\"card__title\">Kortaste tiden<\/h3>\n      <p class=\"card__apply\">\n        <a class=\"card__link\" href=\"https:\/\/learnesy.com\/sv\/excelutmaning-kortaste-tiden\/\">G\u00e5 till uppgift <i class=\"fas fa-arrow-right\"><\/i><\/a>\n      <\/p>\n    <\/div>\n    <div class=\"card card-2\">\n      <div class=\"card__icon\"><i class=\"fas fa-unlock-alt\"><\/i><\/div>\n      <h3 class=\"card__title\">Validera l\u00f6senord<\/h3>\n      <p class=\"card__apply\">\n        <a class=\"card__link\" href=\"https:\/\/learnesy.com\/sv\/excelutmaning-verifiera-losenord\/\">G\u00e5 till uppgift <i class=\"fas fa-arrow-right\"><\/i><\/a>\n      <\/p>\n    <\/div>\n    <div class=\"card card-3\">\n      <div class=\"card__icon\"><i class=\"fas fa-user-secret\"><\/i><\/div>\n      <h3 class=\"card__title\">Hemlig kod<\/h3>\n      <p class=\"card__apply\">\n        <a class=\"card__link\" href=\"https:\/\/learnesy.com\/sv\/excelutmaning-hemlig-kod\">G\u00e5 till uppgift <i class=\"fas fa-arrow-right\"><\/i><\/a>\n      <\/p>\n    <\/div>\n    <div class=\"card card-4\">\n      <div class=\"card__icon\"><i class=\"fas fa-money-bill-alt\"><\/i><\/div>\n      <h3 class=\"card__title\">Kasinovinst <\/h3>\n      <p class=\"card__apply\">\n        <a class=\"card__link\" href=\"https:\/\/learnesy.com\/sv\/excelutmaning-kasinovinst\/\">G\u00e5 till uppgift<i class=\"fas fa-arrow-right\"><\/i><\/a>\n      <\/p>\n    <\/div>\n    <div class=\"card card-5\">\n      <div class=\"card__icon\"><i class=\"fas fa-gamepad\"><\/i><\/div>\n      <h3 class=\"card__title\">FizzBuzz<\/h3>\n      <p class=\"card__apply\">\n        <a class=\"card__link\" href=\"https:\/\/learnesy.com\/sv\/excelutmaning-fizzbuzz\/\">G\u00e5 till uppgift <i class=\"fas fa-arrow-right\"><\/i><\/a>\n      <\/p>\n    <\/div>\n    <div class=\"card card-1\">\n      <div class=\"card__icon\"><i class=\"fab fa-creative-commons-zero\"><\/i><\/div>\n      <h3 class=\"card__title\">Bin\u00e4r till text<\/h3>\n      <p class=\"card__apply\">\n        <a class=\"card__link\" href=\"#\">G\u00e5 till uppgift <i class=\"fas fa-arrow-right\"><\/i><\/a>\n      <\/p>\n    <\/div>\n  <\/div>\n<\/div>\n\n\n\n<p><\/p>\n","protected":false},"excerpt":{"rendered":"<p>Excelutmaningar Kortaste tiden G\u00e5 till uppgift Validera l\u00f6senord G\u00e5 till uppgift Hemlig kod G\u00e5 till uppgift Kasinovinst G\u00e5 till uppgift FizzBuzz G\u00e5 till uppgift Bin\u00e4r till text G\u00e5 till uppgift<\/p>\n","protected":false},"author":2,"featured_media":0,"parent":0,"menu_order":0,"comment_status":"closed","ping_status":"closed","template":"","meta":{"_acf_changed":false,"_eb_attr":"","footnotes":""},"class_list":["post-126158","page","type-page","status-publish","hentry"],"acf":[],"_links":{"self":[{"href":"https:\/\/learnesy.com\/sv\/wp-json\/wp\/v2\/pages\/126158","targetHints":{"allow":["GET"]}}],"collection":[{"href":"https:\/\/learnesy.com\/sv\/wp-json\/wp\/v2\/pages"}],"about":[{"href":"https:\/\/learnesy.com\/sv\/wp-json\/wp\/v2\/types\/page"}],"author":[{"embeddable":true,"href":"https:\/\/learnesy.com\/sv\/wp-json\/wp\/v2\/users\/2"}],"replies":[{"embeddable":true,"href":"https:\/\/learnesy.com\/sv\/wp-json\/wp\/v2\/comments?post=126158"}],"version-history":[{"count":62,"href":"https:\/\/learnesy.com\/sv\/wp-json\/wp\/v2\/pages\/126158\/revisions"}],"predecessor-version":[{"id":127074,"href":"https:\/\/learnesy.com\/sv\/wp-json\/wp\/v2\/pages\/126158\/revisions\/127074"}],"wp:attachment":[{"href":"https:\/\/learnesy.com\/sv\/wp-json\/wp\/v2\/media?parent=126158"}],"curies":[{"name":"wp","href":"https:\/\/api.w.org\/{rel}","templated":true}]}}