{"id":115677,"date":"2021-12-17T17:45:52","date_gmt":"2021-12-17T15:45:52","guid":{"rendered":"https:\/\/learnesy.com\/?page_id=115677"},"modified":"2026-03-03T20:53:37","modified_gmt":"2026-03-03T19:53:37","slug":"kurskontakt","status":"publish","type":"page","link":"https:\/\/learnesy.com\/sv\/kurskontakt\/","title":{"rendered":"Slutf\u00f6r ditt k\u00f6p"},"content":{"rendered":"\n<p>Fyll i formul\u00e4ret f\u00f6r att skicka din best\u00e4llning. Vi hanterar best\u00e4llningen under kontorstid och bekr\u00e4ftar aktiveringen via e-post.<\/p>\n","protected":false},"excerpt":{"rendered":"<p>Fyll i formul\u00e4ret f\u00f6r att skicka din best\u00e4llning. Vi hanterar best\u00e4llningen under kontorstid och bekr\u00e4ftar aktiveringen via e-post.<\/p>\n","protected":false},"author":39855,"featured_media":0,"parent":0,"menu_order":0,"comment_status":"closed","ping_status":"closed","template":"course_contact.php","meta":{"_acf_changed":false,"_eb_attr":"","footnotes":""},"class_list":["post-115677","page","type-page","status-publish","hentry"],"acf":[],"_links":{"self":[{"href":"https:\/\/learnesy.com\/sv\/wp-json\/wp\/v2\/pages\/115677","targetHints":{"allow":["GET"]}}],"collection":[{"href":"https:\/\/learnesy.com\/sv\/wp-json\/wp\/v2\/pages"}],"about":[{"href":"https:\/\/learnesy.com\/sv\/wp-json\/wp\/v2\/types\/page"}],"author":[{"embeddable":true,"href":"https:\/\/learnesy.com\/sv\/wp-json\/wp\/v2\/users\/39855"}],"replies":[{"embeddable":true,"href":"https:\/\/learnesy.com\/sv\/wp-json\/wp\/v2\/comments?post=115677"}],"version-history":[{"count":45,"href":"https:\/\/learnesy.com\/sv\/wp-json\/wp\/v2\/pages\/115677\/revisions"}],"predecessor-version":[{"id":537617,"href":"https:\/\/learnesy.com\/sv\/wp-json\/wp\/v2\/pages\/115677\/revisions\/537617"}],"wp:attachment":[{"href":"https:\/\/learnesy.com\/sv\/wp-json\/wp\/v2\/media?parent=115677"}],"curies":[{"name":"wp","href":"https:\/\/api.w.org\/{rel}","templated":true}]}}