{"id":109009,"date":"2021-11-23T19:46:06","date_gmt":"2021-11-23T17:46:06","guid":{"rendered":"https:\/\/learnesy.com\/?page_id=109009"},"modified":"2024-11-19T10:26:23","modified_gmt":"2024-11-19T09:26:23","slug":"gdpr-policy","status":"publish","type":"page","link":"https:\/\/learnesy.com\/sv\/gdpr-policy\/","title":{"rendered":"GDPR Policy"},"content":{"rendered":"\r\n<p>Information om personuppgiftsbehandling<\/p>\r\n\r\n\r\n\r\n<p><strong>1. Introduktion<\/strong><\/p>\r\n\r\n\r\n\r\n<p>Det h\u00e4r dokumentet inneh\u00e5ller information om behandling av personuppgifter inom ramen f\u00f6r v\u00e5r anv\u00e4ndning av kunddata. I informationen refererar \u201cdu\u201d och \u201cdina\u201d till den person vars personuppgifter vi kan komma att behandla och som \u00e4r v\u00e5r kund, representerar v\u00e5r kund eller \u00e4r en bes\u00f6kare p\u00e5 v\u00e5r webbplats.<\/p>\r\n\r\n\r\n\r\n<p><strong>2. Allm\u00e4nt<\/strong><\/p>\r\n\r\n\r\n\r\n<p>Learnesy AB \u00e4r personuppgiftsansvarig i enlighet med dataskyddsf\u00f6rordningen (2016\/679). Denna information om personuppgiftsbehandling f\u00f6rklarar hur vi hanterar insamling, behandling, anv\u00e4ndning och delning av dina personuppgifter (med personuppgifter menas all information som avser en identifierad eller identifierbar fysisk person.)<\/p>\r\n\r\n\r\n\r\n<p><strong>Hos Learnesy AB, till\u00e4mpas f\u00f6ljande grundl\u00e4ggande principer avseende personuppgiftsbehandling:<\/strong><br \/><br \/>\u2022 Vi \u00e4r h\u00e4nsynsfulla ang\u00e5ende de personuppgifter vi ber dig om och de personuppgifter vi samlar in om dig.<br \/>\u2022 Vi lagrar dina personuppgifter under den tid som vi har anledning att beh\u00e5lla dem.<br \/>\u2022 Vi avser att f\u00f6renkla din m\u00f6jlighet att f\u00e5 kontroll \u00f6ver dina personuppgifter.<br \/>\u2022 Vi str\u00e4var efter full transparens avseende hur vi samlar in, anv\u00e4nder och delar dina personuppgifter.<\/p>\r\n\r\n\r\n\r\n<p><strong>3. Vilken information samlar Learnesy AB in om dig?<\/strong><\/p>\r\n\r\n\r\n\r\n<p>F\u00f6r att fullg\u00f6ra beg\u00e4ran fr\u00e5n v\u00e5ra kunder, bes\u00f6kare p\u00e5 v\u00e5r webbplats eller fr\u00e5n v\u00e5ra \u00e5terf\u00f6rs\u00e4ljare kan du bli ombedd att l\u00e4mna n\u00e5gon eller n\u00e5gra av dessa uppgifter:<br \/>\u2022\u00a0Ditt namn<br \/>\u2022\u00a0Ditt personnummer<br \/>\u2022\u00a0Din e-postadress<br \/>\u2022\u00a0Din postadress<br \/>\u2022\u00a0Din leveransadress<br \/>\u2022\u00a0Ditt telefonnummer<br \/>\u2022\u00a0Dina kontaktuppgifter<\/p>\r\n\r\n\r\n\r\n<p><strong>4. N\u00e4r samlar Learnesy AB in din information?<\/strong><\/p>\r\n\r\n\r\n\r\n<p>Vi samlar in dina personuppgifter n\u00e4r k\u00f6per eller best\u00e4ller en kurs. Vi samlar \u00e4ven in uppgifter n\u00e4r du t.ex frivilligt fyller i n\u00e5gon av v\u00e5ra formul\u00e4r, tr\u00e4ffar oss, ger oss feedback och deltar i t\u00e4vlingar. Information om webbsideanv\u00e4ndning samlas in via cookies. N\u00e4r du registrerar dig f\u00f6r nyhetsbrev kommer din e-postadress och, om n\u00f6dv\u00e4ndigt, ditt namn anv\u00e4ndas f\u00f6r v\u00e5ra egna marknadsf\u00f6rings\u00e4ndam\u00e5l fram till dess att du avslutar prenumerationen. Du kan n\u00e4r som helst avsluta prenumerationen av nyhetsbrev.<\/p>\r\n\r\n\r\n\r\n<p><strong>5. Hur anv\u00e4nder Learnesy AB din information?<\/strong><\/p>\r\n\r\n\r\n\r\n<p>Vi samlar in och behandlar uppgifter om dig enbart f\u00f6r fastst\u00e4llda \u00e4ndam\u00e5l. Dessa \u00e4r f\u00f6ljande:<br \/>\u2022\u00a0Behandla din best\u00e4llning\u00a0<br \/>\u2022\u00a0Hantera ditt kundkonto<br \/>\u2022\u00a0Behandla betalningar<br \/>\u2022\u00a0Leverera kurser<br \/>\u2022\u00a0Skicka information, nyheter och erbjudanden<br \/>\u2022\u00a0F\u00f6rb\u00e4ttra kvaliteten p\u00e5 v\u00e5ra produkter och utveckla nya produkter<br \/>Alla personuppgifter behandlas med beaktande av konfidentialitet. De insamlade personuppgifterna kommer att behandlas, anv\u00e4ndas och lagras endast f\u00f6r \u00e4ndam\u00e5let med behandlingen samt utf\u00f6randet av din best\u00e4llning och marknadsf\u00f6ringsaktiviteter.<\/p>\r\n\r\n\r\n\r\n<p>Vi behandlar dina personuppgifter endast f\u00f6r \u00e4ndam\u00e5len ovan och alltid med st\u00f6d av en laglig grund. Vid en privatpersons k\u00f6p av v\u00e5ra produkter (dvs \u00e4ndam\u00e5len behandling av best\u00e4llning, hantering av konto, behandling av betalning och leverans av kurser) behandlar vi dina personuppgifter f\u00f6r att fullg\u00f6ra ditt avtal med oss. Vid resterande \u00e4ndam\u00e5l eller d\u00e5 v\u00e5r kund \u00e4r en juridisk person utg\u00f6r v\u00e5rt ber\u00e4ttigade intresse att utveckla v\u00e5ra tj\u00e4nster och produkter den lagliga grunden.<br \/>Om det \u00e4r n\u00f6dv\u00e4ndigt kommer dina personuppgifter \u00f6verf\u00f6ras till v\u00e5ra tj\u00e4nsteleverant\u00f6rer. Personuppgifterna kommer i s\u00e5dant fall endast behandlas och anv\u00e4ndas av dem f\u00f6r de \u00f6verenskomna \u00e4ndam\u00e5len. Learnesy AB kommer inte att olagligen dela din information med f\u00f6retag utanf\u00f6r v\u00e5r grupp.<\/p>\r\n\r\n\r\n\r\n<p><strong>6. Registrerades r\u00e4ttigheter<\/strong><\/p>\r\n\r\n\r\n\r\n<p>Du har r\u00e4tt till att beg\u00e4ra information om dina personuppgifter som vi behandlar. Du har r\u00e4tt att n\u00e4r som helst beg\u00e4ra r\u00e4ttelse eller radering av dina uppgifter som du anser vara felaktiga. Se kontaktuppgifter nedan.<\/p>\r\n\r\n\r\n\r\n<p><strong>7. Cookies<\/strong><\/p>\r\n\r\n\r\n\r\n<p>En cookie \u00e4r en textfil med anonymiserad information som inkluderar en unik anv\u00e4ndaridentifikation.<\/p>\r\n\r\n\r\n\r\n<p><strong>8. Andra webbsidor<\/strong><\/p>\r\n\r\n\r\n\r\n<p>V\u00e5r webbsida kan inneh\u00e5lla l\u00e4nkar till andra webbsidor. Learnesy AB \u00e4r inte ansvariga f\u00f6r inneh\u00e5ll p\u00e5 externa webbsidor \u00e4ven om l\u00e4nkar h\u00e4nvisar till dem.<\/p>\r\n\r\n\r\n\r\n<p><strong>9. Kontakta oss<\/strong><\/p>\r\n\r\n\r\n\r\n<p>Om du har en fr\u00e5ga, till Learnesy AB ang\u00e5ende hur dina personuppgifter har behandlats eller \u00f6verklaga ett beslut, kan du kontakta oss via <a href=\"mailto:support@learnesy.com\">support@learnesy.com<\/a>.<\/p>\r\n","protected":false},"excerpt":{"rendered":"<p>Information om personuppgiftsbehandling 1. Introduktion Det h\u00e4r dokumentet inneh\u00e5ller information om behandling av personuppgifter inom ramen f\u00f6r v\u00e5r anv\u00e4ndning av kunddata. I informationen refererar \u201cdu\u201d och \u201cdina\u201d till den person vars personuppgifter vi kan komma [&hellip;]<\/p>\n","protected":false},"author":41201,"featured_media":0,"parent":0,"menu_order":0,"comment_status":"closed","ping_status":"closed","template":"about.php","meta":{"_acf_changed":false,"_eb_attr":"","footnotes":""},"class_list":["post-109009","page","type-page","status-publish","hentry"],"acf":[],"_links":{"self":[{"href":"https:\/\/learnesy.com\/sv\/wp-json\/wp\/v2\/pages\/109009","targetHints":{"allow":["GET"]}}],"collection":[{"href":"https:\/\/learnesy.com\/sv\/wp-json\/wp\/v2\/pages"}],"about":[{"href":"https:\/\/learnesy.com\/sv\/wp-json\/wp\/v2\/types\/page"}],"author":[{"embeddable":true,"href":"https:\/\/learnesy.com\/sv\/wp-json\/wp\/v2\/users\/41201"}],"replies":[{"embeddable":true,"href":"https:\/\/learnesy.com\/sv\/wp-json\/wp\/v2\/comments?post=109009"}],"version-history":[{"count":4,"href":"https:\/\/learnesy.com\/sv\/wp-json\/wp\/v2\/pages\/109009\/revisions"}],"predecessor-version":[{"id":388978,"href":"https:\/\/learnesy.com\/sv\/wp-json\/wp\/v2\/pages\/109009\/revisions\/388978"}],"wp:attachment":[{"href":"https:\/\/learnesy.com\/sv\/wp-json\/wp\/v2\/media?parent=109009"}],"curies":[{"name":"wp","href":"https:\/\/api.w.org\/{rel}","templated":true}]}}