{"id":89035,"date":"2021-06-17T00:07:44","date_gmt":"2021-06-16T22:07:44","guid":{"rendered":"https:\/\/learnesy.com\/?page_id=89035"},"modified":"2025-09-19T11:17:01","modified_gmt":"2025-09-19T10:17:01","slug":"om-learnesy","status":"publish","type":"page","link":"https:\/\/learnesy.com\/no\/om-learnesy\/","title":{"rendered":"Om Learnesy"},"content":{"rendered":"<h2 data-start=\"354\" data-end=\"652\"><strong data-start=\"354\" data-end=\"389\">Korte leksjoner gir rask l\u00e6ring<\/strong><\/h2>\n<p data-start=\"354\" data-end=\"652\">V\u00e5re kurs er bygget opp av korte leksjoner \u2013 i gjennomsnitt 2 minutter \u2013 mange \u00f8velser og i tillegg quiz der du som deltaker f\u00e5r teste kunnskapene dine. Pedagogikken med de korte leksjonene kalles nanol\u00e6ring og er en tidseffektiv m\u00e5te \u00e5 l\u00e6re seg nye ting p\u00e5.<\/p>\n<h2 data-start=\"654\" data-end=\"955\"><strong data-start=\"654\" data-end=\"690\">Veien til tidseffektive nettkurs<\/strong><\/h2>\n<p data-start=\"654\" data-end=\"955\"><strong>S\u00e5 hvordan startet det?<\/strong> Marcus Andersson og Robert Gulevski hadde bakgrunn fra innkj\u00f8p, \u00f8konomi, forretningsutvikling, prosjektledelse, salg og markedsf\u00f8ring. De inns\u00e5 at det fantes en fellesnevner, noe som \u00f8kte effektiviteten uansett bransje: Microsoft Excel.<\/p>\n<p data-start=\"957\" data-end=\"1494\">De kunne se at folk rundt dem ofte manglet kompetanse og oppl\u00e6ring i programmet. Det gjorde at Excel, i stedet for \u00e5 v\u00e6re et kraftfullt verkt\u00f8y, ble en tidstyv og en kilde til frustrasjon.<br data-start=\"1145\" data-end=\"1148\" \/>N\u00e5 m\u00e5tte det bli en endring. Marcus og Robert brukte sin samlede erfaring og kunnskap til \u00e5 utvikle en oppl\u00e6ring som b\u00e5de var praktisk rettet og tidseffektiv. Grunnlaget for Learnesy ble lagt i 2014. Siden den gang har vi utvidet med mange flere nettkurs. I tillegg til et st\u00f8rre utvalg Excel-kurs, har bl.a. Power BI, SQL og Python kommet til!<\/p>\n<p data-start=\"1496\" data-end=\"1848\">Som et selskap i vekstfase er det viktig for oss \u00e5 ikke miste den personlige kontakten som har v\u00e6rt en del av suksessoppskriften. Derfor er det sentralt for oss at v\u00e5re medarbeidere har kunnskap og lyttende holdning, slik at alle brukere f\u00f8ler seg sett og godt ivaretatt. N\u00e5r det gjelder \u00e5 utvikle kurs, lytter vi alltid til hva v\u00e5re brukere trenger.<\/p>\n<p data-start=\"1850\" data-end=\"2005\">Vi h\u00e5per du finner noe som passer for deg. Velkommen til \u00e5 utforske <a href=\"https:\/\/learnesy.com\/no\/courses\/\">Learnesys kursutvalg<\/a>.<\/p>\n<p data-start=\"1496\" data-end=\"1848\">Siden 2024 har Learnesy og <a class=\"decorated-link cursor-pointer\" href=\"https:\/\/confex.no\/\" target=\"_new\" rel=\"noopener\" data-start=\"805\" data-end=\"842\">Confex Norge<\/a> samt <a class=\"decorated-link cursor-pointer\" href=\"https:\/\/confex.se\/\" target=\"_new\" rel=\"noopener\" data-start=\"848\" data-end=\"887\">Confex Sverige<\/a> felles eierskap som s\u00f8sterselskaper. Sammen tilbyr vi sterke l\u00f8sninger innen <a class=\"decorated-link cursor-pointer\" target=\"_new\" rel=\"noopener\" data-start=\"965\" data-end=\"1021\">Excel-oppl\u00e6ring<\/a>, <a href=\"https:\/\/confex.no\/kategorier\/ledelse\">lederutvikling <\/a>og <a class=\"decorated-link cursor-pointer\" href=\"https:\/\/learnesy.com\/no\/for-bedrifter\/\" target=\"_new\" rel=\"noopener\" data-start=\"1100\" data-end=\"1148\">bedriftskurs<\/a> for det nordiske markedet.<\/p>\n<p data-start=\"1850\" data-end=\"2005\">Trenger du hjelp til \u00e5 velge riktig? Ikke n\u00f8l med \u00e5<a href=\"mailto:sales@learnesy.com\"> ta kontakt<\/a>!<\/p>\n","protected":false},"excerpt":{"rendered":"<p>Korte leksjoner gir rask l\u00e6ring V\u00e5re kurs er bygget opp av korte leksjoner \u2013 i gjennomsnitt 2 minutter \u2013 mange \u00f8velser og i tillegg quiz der du som deltaker f\u00e5r teste kunnskapene dine. Pedagogikken med [&hellip;]<\/p>\n","protected":false},"author":7,"featured_media":0,"parent":0,"menu_order":0,"comment_status":"closed","ping_status":"closed","template":"about.php","meta":{"_acf_changed":false,"_eb_attr":"","footnotes":""},"class_list":["post-89035","page","type-page","status-publish","hentry"],"acf":[],"_links":{"self":[{"href":"https:\/\/learnesy.com\/no\/wp-json\/wp\/v2\/pages\/89035","targetHints":{"allow":["GET"]}}],"collection":[{"href":"https:\/\/learnesy.com\/no\/wp-json\/wp\/v2\/pages"}],"about":[{"href":"https:\/\/learnesy.com\/no\/wp-json\/wp\/v2\/types\/page"}],"author":[{"embeddable":true,"href":"https:\/\/learnesy.com\/no\/wp-json\/wp\/v2\/users\/7"}],"replies":[{"embeddable":true,"href":"https:\/\/learnesy.com\/no\/wp-json\/wp\/v2\/comments?post=89035"}],"version-history":[{"count":17,"href":"https:\/\/learnesy.com\/no\/wp-json\/wp\/v2\/pages\/89035\/revisions"}],"predecessor-version":[{"id":479151,"href":"https:\/\/learnesy.com\/no\/wp-json\/wp\/v2\/pages\/89035\/revisions\/479151"}],"wp:attachment":[{"href":"https:\/\/learnesy.com\/no\/wp-json\/wp\/v2\/media?parent=89035"}],"curies":[{"name":"wp","href":"https:\/\/api.w.org\/{rel}","templated":true}]}}