{"id":41509,"date":"2020-04-04T14:41:34","date_gmt":"2020-04-04T14:41:34","guid":{"rendered":"https:\/\/learnesy.com\/?page_id=41509"},"modified":"2025-03-24T09:59:56","modified_gmt":"2025-03-24T08:59:56","slug":"homepage","status":"publish","type":"page","link":"https:\/\/learnesy.com\/no\/","title":{"rendered":"Homepage"},"content":{"rendered":"<h1>Vil du bli bedre i Excel?<\/h1>\n<p>Vi tilbyr kurs p\u00e5 flere niv\u00e5er och spr\u00e5k i Microsoft Excel!<\/p>\n<p><a role=\"button\" href=\"https:\/\/learnesy.com\/no\/?page_id=13086\"><br \/>\nV\u00e5re Kurs<br \/>\n<\/a><br \/>\n<a role=\"button\" href=\"https:\/\/learnesy.com\/no\/courses\/gratiskurs-introduksjon-til-excel\/\">Gratiskurs<\/a><br \/>\n<img loading=\"lazy\" decoding=\"async\" src=\"\/wp-content\/uploads\/2020\/06\/abcd420-kopia.png\" sizes=\"auto, (max-width: 794px) 100vw, 794px\" srcset=\"\/wp-content\/uploads\/2020\/06\/abcd420-kopia.png 794w, \/wp-content\/uploads\/2020\/06\/abcd420-kopia-300x169.png 300w, \/wp-content\/uploads\/2020\/06\/abcd420-kopia-768x431.png 768w, \/wp-content\/uploads\/2020\/06\/abcd420-kopia-400x225.png 400w, \/wp-content\/uploads\/2020\/06\/abcd420-kopia-600x337.png 600w\" alt=\"\" width=\"794\" height=\"446\" \/><br \/>\n0<br \/>\nMennesker deltar p\u00e5 kursene v\u00e5re<\/p>\n<h1>Hvorfor velge oss<\/h1>\n<p>&nbsp;<\/p>\n<h3>Effektiv utdanning<\/h3>\n<p>Undervisningen er basert p\u00e5 1 til 3 minutter med trenings fil og avsluttende kunnskapstest.<\/p>\n<p>&nbsp;<\/p>\n<h3>P\u00e5 dine vilk\u00e5r<\/h3>\n<p>Vi er online 24\/7 s\u00e5 du bestemmer n\u00e5r det passer for deg. Learnesy gir deg ubegrenset tilgang til kursmaterialet p\u00e5 datamaskinen, mobilen eller nettbrettet.<\/p>\n<p>&nbsp;<\/p>\n<h3>Kvalitetssikret<\/h3>\n<p>Learnesy er en testet og godkjent leverand\u00f8r av utdanning til universiteter, h\u00f8yskoler, yrkesskoler og andre pedagogiske akt\u00f8rer. Vi er med og trener fremtidens ansatte.<\/p>\n<p><a role=\"button\" href=\"#\"><br \/>\nView All<br \/>\n<\/a><\/p>\n<h2>Et utvalgt av v\u00e5re kunder<\/h2>\n<p>Learnesy har mange \u00e5rs erfaring innen nettbasert utdanning for store og sm\u00e5 grupper. Fortell oss om deres behov, s\u00e5 s\u00f8rger vi for et opplegg som gir dere gode resultater. Se lenken nedenfor for mer informasjon<\/p>\n<figure><img decoding=\"async\" src=\"\/wp-content\/uploads\/2020\/04\/db-schenker.png\" alt=\"db-schenker.png\" \/><\/figure>\n<figure><img decoding=\"async\" src=\"\/wp-content\/uploads\/2020\/04\/deloitte.png\" alt=\"deloitte.png\" \/><\/figure>\n<figure><img decoding=\"async\" src=\"\/wp-content\/uploads\/2020\/04\/orkla.png\" alt=\"orkla.png\" \/><\/figure>\n<figure><img decoding=\"async\" src=\"\/wp-content\/uploads\/2020\/04\/scania.png\" alt=\"scania.png\" \/><\/figure>\n<figure><img decoding=\"async\" src=\"\/wp-content\/uploads\/2020\/04\/ahlsell.png\" alt=\"ahlsell.png\" \/><\/figure>\n<p><a role=\"button\" href=\"https:\/\/learnesy.com\/about-us\/\"><br \/>\nLes mer<br \/>\n<\/a><\/p>\n<h2>Popul\u00e6re kurs<\/h2>\n<p><a href=\"https:\/\/learnesy.com\/product\/exchttps:\/\/learnesy.com\/no\/product\/excelpakken\/el-essentials\/\"><br \/>\n<\/a><br \/>\n<a href=\"https:\/\/learnesy.com\/no\/courses\/excel-fordypning-funksjoner\/\"><br \/>\n<\/a><br \/>\n<a href=\"https:\/\/learnesy.com\/no\/courses\/excelkurs-bas-norsk\/\"><br \/>\n<\/a><br \/>\n<a href=\"https:\/\/learnesy.com\/no\/courses\/excel-fordypning-pivottabeller\/\"><br \/>\n<\/a><br \/>\nPrevious<br \/>\nNext<br \/>\n[mc4wp_form id=&raquo;54014&#8243;]<\/p>\n","protected":false},"excerpt":{"rendered":"<p>Vil du bli bedre i Excel? Vi tilbyr kurs p\u00e5 flere niv\u00e5er och spr\u00e5k i Microsoft Excel! V\u00e5re Kurs Gratiskurs 0 Mennesker deltar p\u00e5 kursene v\u00e5re Hvorfor velge oss &nbsp; Effektiv utdanning Undervisningen er basert [&hellip;]<\/p>\n","protected":false},"author":23413,"featured_media":0,"parent":0,"menu_order":0,"comment_status":"closed","ping_status":"closed","template":"start.php","meta":{"_acf_changed":false,"_eb_attr":"","footnotes":""},"class_list":["post-41509","page","type-page","status-publish","hentry"],"acf":[],"_links":{"self":[{"href":"https:\/\/learnesy.com\/no\/wp-json\/wp\/v2\/pages\/41509","targetHints":{"allow":["GET"]}}],"collection":[{"href":"https:\/\/learnesy.com\/no\/wp-json\/wp\/v2\/pages"}],"about":[{"href":"https:\/\/learnesy.com\/no\/wp-json\/wp\/v2\/types\/page"}],"author":[{"embeddable":true,"href":"https:\/\/learnesy.com\/no\/wp-json\/wp\/v2\/users\/23413"}],"replies":[{"embeddable":true,"href":"https:\/\/learnesy.com\/no\/wp-json\/wp\/v2\/comments?post=41509"}],"version-history":[{"count":54,"href":"https:\/\/learnesy.com\/no\/wp-json\/wp\/v2\/pages\/41509\/revisions"}],"predecessor-version":[{"id":430309,"href":"https:\/\/learnesy.com\/no\/wp-json\/wp\/v2\/pages\/41509\/revisions\/430309"}],"wp:attachment":[{"href":"https:\/\/learnesy.com\/no\/wp-json\/wp\/v2\/media?parent=41509"}],"curies":[{"name":"wp","href":"https:\/\/api.w.org\/{rel}","templated":true}]}}