{"id":243008,"date":"2023-03-03T13:20:36","date_gmt":"2023-03-03T12:20:36","guid":{"rendered":"https:\/\/learnesy.com\/ovningsuppgifter\/"},"modified":"2023-07-04T08:55:13","modified_gmt":"2023-07-04T07:55:13","slug":"ovningsuppgifter","status":"publish","type":"page","link":"https:\/\/learnesy.com\/no\/ovningsuppgifter\/","title":{"rendered":"\u00d8vingsoppgaver &#038; probleml\u00f8sning i Excel"},"content":{"rendered":"\n<p>V\u00e5re Excel-utfordringer er utformet for \u00e5 teste dine ferdigheter og kreativitet i bruk av Excel. Oppgavene vil ogs\u00e5 hjelpe deg med \u00e5 l\u00e6re nye funksjoner og verkt\u00f8y. Hver utfordring presenterer en oppgave eller et problem som skal l\u00f8ses ved hjelp av Excel, og gir deg en mulighet til \u00e5 \u00f8ve og videreutvikle ferdighetene dine. Alle oppgavene har ogs\u00e5 en fasit!<\/p>\n","protected":false},"excerpt":{"rendered":"<p>V\u00e5re Excel-utfordringer er utformet for \u00e5 teste dine ferdigheter og kreativitet i bruk av Excel. Oppgavene vil ogs\u00e5 hjelpe deg med \u00e5 l\u00e6re nye funksjoner og verkt\u00f8y. Hver utfordring presenterer en oppgave eller et problem [&hellip;]<\/p>\n","protected":false},"author":2,"featured_media":0,"parent":0,"menu_order":0,"comment_status":"closed","ping_status":"closed","template":"template-files.php","meta":{"_acf_changed":false,"_eb_attr":"","footnotes":""},"class_list":["post-243008","page","type-page","status-publish","hentry"],"acf":[],"_links":{"self":[{"href":"https:\/\/learnesy.com\/no\/wp-json\/wp\/v2\/pages\/243008","targetHints":{"allow":["GET"]}}],"collection":[{"href":"https:\/\/learnesy.com\/no\/wp-json\/wp\/v2\/pages"}],"about":[{"href":"https:\/\/learnesy.com\/no\/wp-json\/wp\/v2\/types\/page"}],"author":[{"embeddable":true,"href":"https:\/\/learnesy.com\/no\/wp-json\/wp\/v2\/users\/2"}],"replies":[{"embeddable":true,"href":"https:\/\/learnesy.com\/no\/wp-json\/wp\/v2\/comments?post=243008"}],"version-history":[{"count":9,"href":"https:\/\/learnesy.com\/no\/wp-json\/wp\/v2\/pages\/243008\/revisions"}],"predecessor-version":[{"id":243145,"href":"https:\/\/learnesy.com\/no\/wp-json\/wp\/v2\/pages\/243008\/revisions\/243145"}],"wp:attachment":[{"href":"https:\/\/learnesy.com\/no\/wp-json\/wp\/v2\/media?parent=243008"}],"curies":[{"name":"wp","href":"https:\/\/api.w.org\/{rel}","templated":true}]}}