{"id":160716,"date":"2022-08-15T12:18:20","date_gmt":"2022-08-15T11:18:20","guid":{"rendered":"https:\/\/learnesy.com\/?page_id=160716"},"modified":"2022-08-16T12:43:25","modified_gmt":"2022-08-16T11:43:25","slug":"hurtigtaster-excel","status":"publish","type":"page","link":"https:\/\/learnesy.com\/no\/hurtigtaster-excel\/","title":{"rendered":"Hurtigtaster"},"content":{"rendered":"\n<h2 class=\"wp-block-heading\">Liste over nyttige hurtigtaster i Excel for Mac og PC \u2b50\ufe0f<\/h2>\n\n\n\n<p>L\u00e6r \u00e5 jobbe med hurtigtaster i Excel og du blir b\u00e5de raskere og mer effektiv i arbeidet.<\/p>\n\n\n\n<p>Vi har samlet en liste over de mest nyttige hurtigtastene for b\u00e5de Mac og PC.<\/p>\n\n\n\n<p>Ikke vent, kom i gang med tastatursnarveier med en gang for \u00e5 spare tid og energi!<\/p>\n\n\n<p><\/p>\n<p><strong>Windows-tastatursnarveier:<\/strong><\/p>\n<p>Velg i menylinjen med tastene &#8211; ALT<\/p>\n<p>\u00c5pne &#8211; CTRL + O<\/p>\n<p>Lagre &#8211; CTRL + S<\/p>\n<p>Lagre som &#8211; F12<\/p>\n<p>Skriv ut &#8211; CTRL + P<\/p>\n<p>Minimer eller maksimer menylinjen &#8211; CTRL + F1<\/p>\n<p><\/p>\n<p>Formater celler &#8211; CTRL + 1<\/p>\n<p>Kopier &#8211; CTRL + C<\/p>\n<p>Klipp ut &#8211; CTRL + X<\/p>\n<p>Lim inn &#8211; CTRL + V<\/p>\n<p>Lim inn spesial &#8211; CTRL + ALT + V<\/p>\n<p>Kopier cellen over &#8211; CTRL + D<\/p>\n<p>Angre &#8211; CTRL + Z<\/p>\n<p>Gjenta &#8211; CTRL + Y<\/p>\n<p>Slett celleinnhold &#8211; SLETT<\/p>\n<p>Avslutt celle &#8211; ESC<\/p>\n<p><\/p>\n<p>Flytt til slutten av gjeldende dataomr\u00e5de i et regneark &#8211; CTRL + piltast<\/p>\n<p>Flytt til neste regneark &#8211; CTRL + Side ned<\/p>\n<p>Flytt til forrige regneark &#8211; CTRL + Side opp<\/p>\n<p>Sett inn et nytt ark &#8211; ALT + SHIFT + F1<\/p>\n<p>Velg alle &#8211; CTRL + A<\/p>\n<p>Velg en hel kolonne i et regneark &#8211; CTRL + MELLOMROM<\/p>\n<p>Velg en hel rad i et regneark &#8211; SHIFT + MELLOMROM<\/p>\n<p>Sett inn celler &#8211; CTRL ++<\/p>\n<p>Slett celler &#8211; CTRL + &#8211;<\/p>\n<p><\/p>\n<p>Rediger den aktive cellen &#8211; F2<\/p>\n<p>Bytt mellom absolutt og relativ referanse &#8211; F4<\/p>\n<p>Sett inn funksjon &#8211; SHIFT + F3<\/p>\n<p>Vis dialogboksen Finn og erstatt &#8211; CTRL + B<\/p>\n<p>Lukk et regneark &#8211; CTRL + W<\/p>\n<p>Lukk Excel &#8211; ALT + F4<\/p>\n<p><\/p>\n<p><strong>Mac-tastatursnarveier:<\/strong><\/p>\n<p>Velg i menylinjen med tastene &#8211; ALT<\/p>\n<p>\u00c5pne &#8211; \u2318 + O<\/p>\n<p>Lagre &#8211; \u2318 + S<\/p>\n<p>Lagre som &#8211; \u2318 + SHIFT + S<\/p>\n<p>Skriv ut &#8211; \u2318 + P<\/p>\n<p>Minimer eller maksimer menyfanene &#8211; \u2318 + ALT + R<\/p>\n<p><\/p>\n<p>Formater celler &#8211; \u2318 + 1<\/p>\n<p>Kopi &#8211; \u2318 + C<\/p>\n<p>Klipp ut &#8211; \u2318 + X<\/p>\n<p>Lim inn &#8211; \u2318 + V<\/p>\n<p>Lim inn spesial &#8211; \u2318 + CTRL + V<\/p>\n<p>Kopier cellen over &#8211; \u2318 + D<\/p>\n<p>Angre &#8211; \u2318 + Z<\/p>\n<p>Gjenta &#8211; \u2318 + Y<\/p>\n<p>Slett celleinnhold &#8211; SLETT<\/p>\n<p>G\u00e5 ut av cellen &#8211; ESC<\/p>\n<p><\/p>\n<p>Flytt til slutten av gjeldende dataomr\u00e5de i et regneark &#8211; \u2318 + piltast<\/p>\n<p>G\u00e5 til neste regneark &#8211; ALT + h\u00f8yrepil<\/p>\n<p>Flytt til forrige regneark &#8211; ALT + venstre pil<\/p>\n<p>Sett inn et nytt ark &#8211; SHIFT + F1<\/p>\n<p>Velg alle &#8211; \u2318 + A<\/p>\n<p>Velg en hel kolonne i et regneark &#8211; CTRL + MELLOMROM<\/p>\n<p>Velg en hel rad i et regneark &#8211; SHIFT + MELLOMROM<\/p>\n<p>Sett inn celler &#8211; CTRL + SHIFT + =<\/p>\n<p>Slett celler &#8211; \u2318 + &#8211;<\/p>\n<p><\/p>\n<p>Rediger den aktive cellen &#8211; F2<\/p>\n<p>Bytt mellom absolutt og relativ referanse &#8211; F4<\/p>\n<p>Sett inn funksjon &#8211; SHIFT + F3<\/p>\n<p>Vis dialogboksen Finn og Erstatt &#8211; CTRL + H<\/p>\n<p>Lukk et regneark &#8211; \u2318 + W<\/p>\n<p>Lukk Excel &#8211; \u2318 + Q<\/p>","protected":false},"excerpt":{"rendered":"<p>Liste over nyttige hurtigtaster i Excel for Mac og PC \u2b50\ufe0f L\u00e6r \u00e5 jobbe med hurtigtaster i Excel og du blir b\u00e5de raskere og mer effektiv i arbeidet. Vi har samlet en liste over de [&hellip;]<\/p>\n","protected":false},"author":54291,"featured_media":0,"parent":0,"menu_order":0,"comment_status":"closed","ping_status":"closed","template":"","meta":{"_acf_changed":false,"_eb_attr":"","footnotes":""},"class_list":["post-160716","page","type-page","status-publish","hentry"],"acf":[],"_links":{"self":[{"href":"https:\/\/learnesy.com\/no\/wp-json\/wp\/v2\/pages\/160716","targetHints":{"allow":["GET"]}}],"collection":[{"href":"https:\/\/learnesy.com\/no\/wp-json\/wp\/v2\/pages"}],"about":[{"href":"https:\/\/learnesy.com\/no\/wp-json\/wp\/v2\/types\/page"}],"author":[{"embeddable":true,"href":"https:\/\/learnesy.com\/no\/wp-json\/wp\/v2\/users\/54291"}],"replies":[{"embeddable":true,"href":"https:\/\/learnesy.com\/no\/wp-json\/wp\/v2\/comments?post=160716"}],"version-history":[{"count":4,"href":"https:\/\/learnesy.com\/no\/wp-json\/wp\/v2\/pages\/160716\/revisions"}],"predecessor-version":[{"id":160832,"href":"https:\/\/learnesy.com\/no\/wp-json\/wp\/v2\/pages\/160716\/revisions\/160832"}],"wp:attachment":[{"href":"https:\/\/learnesy.com\/no\/wp-json\/wp\/v2\/media?parent=160716"}],"curies":[{"name":"wp","href":"https:\/\/api.w.org\/{rel}","templated":true}]}}