{"id":13086,"date":"2019-07-23T15:01:20","date_gmt":"2019-07-23T15:01:20","guid":{"rendered":"https:\/\/learnesy.com\/?page_id=13086"},"modified":"2022-01-14T13:06:24","modified_gmt":"2022-01-14T11:06:24","slug":"vare-kurs","status":"publish","type":"page","link":"https:\/\/learnesy.com\/no\/vare-kurs\/","title":{"rendered":"V\u00e5re kurs"},"content":{"rendered":"\n<div class=\"alert alert-success text-center wdm-vat-message\"><strong>Alle priser inkluderer 25% moms<\/strong><\/div>\n\n\n<div class=\"profile-lang\" style=\"text-align:center;margin:0 0 30px 0;\">\n\n<div role=\"navigation\" aria-label=\"Language Switcher\" class=\"wpml-ls-statics-shortcode_actions wpml-ls wpml-ls-legacy-list-horizontal\">\n\t<ul><li class=\"wpml-ls-slot-shortcode_actions wpml-ls-item wpml-ls-item-en wpml-ls-first-item wpml-ls-item-legacy-list-horizontal\">\n\t\t\t\t<a href=\"https:\/\/learnesy.com\/\" hreflang=\"en\" lang=\"en\" class=\"wpml-ls-link\" aria-label=\"Switch to Engelsk (English)\" title=\"Switch to Engelsk (English)\">\n\t\t\t\t\t<span class=\"wpml-ls-native\">English<\/span><span class=\"wpml-ls-display\"><span class=\"wpml-ls-bracket\"> (<\/span>Engelsk<span class=\"wpml-ls-bracket\">)<\/span><\/span><\/a>\n\t\t\t<\/li><li class=\"wpml-ls-slot-shortcode_actions wpml-ls-item wpml-ls-item-sv wpml-ls-item-legacy-list-horizontal\">\n\t\t\t\t<a href=\"https:\/\/learnesy.com\/sv\/\" hreflang=\"sv\" lang=\"sv\" class=\"wpml-ls-link\" aria-label=\"Switch to Svensk (Svenska)\" title=\"Switch to Svensk (Svenska)\">\n\t\t\t\t\t<span class=\"wpml-ls-native\">Svenska<\/span><span class=\"wpml-ls-display\"><span class=\"wpml-ls-bracket\"> (<\/span>Svensk<span class=\"wpml-ls-bracket\">)<\/span><\/span><\/a>\n\t\t\t<\/li><li class=\"wpml-ls-slot-shortcode_actions wpml-ls-item wpml-ls-item-no wpml-ls-current-language wpml-ls-last-item wpml-ls-item-legacy-list-horizontal\">\n\t\t\t\t<a href=\"https:\/\/learnesy.com\/no\/\" hreflang=\"no\" lang=\"no\" class=\"wpml-ls-link\" aria-current=\"page\" aria-label=\"Switch to Norsk (Norsk)\" title=\"Switch to Norsk (Norsk)\">\n\t\t\t\t\t<span class=\"wpml-ls-native\">Norsk<\/span><\/a>\n\t\t\t<\/li><\/ul>\n<\/div>\n\n<\/div>\n\n<div class=\"learndash-wrap\"><div id=\"ld-course-list-content-01129405a770a282bad04df99d94526b\" class=\"ld-course-list-content\" data-shortcode-atts=\"{&quot;orderby&quot;:&quot;menu_order&quot;,&quot;col&quot;:&quot;4&quot;,&quot;course_grid&quot;:&quot;true&quot;}\">\n\t\t\t\t<div class=\"ld-course-list-items row\">\n\t\t\t<!-- LearnDash Course Grid v1 --><div class=\"ld_course_grid col-sm-6 col-md-3 \">\n\t<article id=\"post-81951\" class=\" thumbnail course post-81951 sfwd-courses type-sfwd-courses status-publish has-post-thumbnail hentry\">\n\t\t\t\t\t\t\t\t<div class=\"ribbon\">\n\t\t\t\t3,495 SEK\t\t\t<\/div>\n\t\t\t\n\t\t\t\t\t\t<a href=\"https:\/\/learnesy.com\/no\/courses\/excel-for-selgere\/\" rel=\"bookmark\">\n\t\t\t\t<img loading=\"lazy\" decoding=\"async\" width=\"300\" height=\"169\" src=\"\/wp-content\/uploads\/2021\/03\/Green-and-Dark-Green-Simple-Forest-Of-The-Future-Presentation6-300x169.png\" class=\"attachment-medium size-medium wp-post-image\" alt=\"\" srcset=\"\/wp-content\/uploads\/2021\/03\/Green-and-Dark-Green-Simple-Forest-Of-The-Future-Presentation6-300x169.png 300w, \/wp-content\/uploads\/2021\/03\/Green-and-Dark-Green-Simple-Forest-Of-The-Future-Presentation6-1024x576.png 1024w, \/wp-content\/uploads\/2021\/03\/Green-and-Dark-Green-Simple-Forest-Of-The-Future-Presentation6-768x432.png 768w, \/wp-content\/uploads\/2021\/03\/Green-and-Dark-Green-Simple-Forest-Of-The-Future-Presentation6-1536x864.png 1536w, \/wp-content\/uploads\/2021\/03\/Green-and-Dark-Green-Simple-Forest-Of-The-Future-Presentation6.png 1920w\" sizes=\"auto, (max-width: 300px) 100vw, 300px\" \/>\t\t\t<\/a>\n\t\t\t\t\t\n\t\t\t\t\t<div class=\"caption\">\n\t\t\t\t<h3 class=\"entry-title\">Excel for selgere<\/h3>\n\t\t\t\t\t\t\t\t<div class=\"ld_course_grid_button\"><a class=\"btn btn-primary\" role=\"button\" href=\"https:\/\/learnesy.com\/no\/courses\/excel-for-selgere\/\" rel=\"bookmark\">Start kurset<\/a><\/div>\n\t\t\t\t\t\t\t<\/div><!-- .entry-header -->\n\t\t\t<\/article><!-- #post-## -->\n<\/div><!-- .ld_course_grid -->\n<!-- LearnDash Course Grid v1 --><div class=\"ld_course_grid col-sm-6 col-md-3 \">\n\t<article id=\"post-175385\" class=\" thumbnail course post-175385 sfwd-courses type-sfwd-courses status-publish has-post-thumbnail hentry\">\n\t\t\t\t\t\t\t\t<div class=\"ribbon\">\n\t\t\t\t3,495 SEK\t\t\t<\/div>\n\t\t\t\n\t\t\t\t\t\t<a href=\"https:\/\/learnesy.com\/no\/courses\/powerpoint-basis\/\" rel=\"bookmark\">\n\t\t\t\t<img loading=\"lazy\" decoding=\"async\" width=\"300\" height=\"169\" src=\"\/wp-content\/uploads\/2022\/09\/Copy-of-Blue-Professional-Business-Project-Presentation-2-300x169.png\" class=\"attachment-medium size-medium wp-post-image\" alt=\"\" srcset=\"\/wp-content\/uploads\/2022\/09\/Copy-of-Blue-Professional-Business-Project-Presentation-2-300x169.png 300w, \/wp-content\/uploads\/2022\/09\/Copy-of-Blue-Professional-Business-Project-Presentation-2-1024x576.png 1024w, \/wp-content\/uploads\/2022\/09\/Copy-of-Blue-Professional-Business-Project-Presentation-2-768x432.png 768w, \/wp-content\/uploads\/2022\/09\/Copy-of-Blue-Professional-Business-Project-Presentation-2-1536x864.png 1536w, \/wp-content\/uploads\/2022\/09\/Copy-of-Blue-Professional-Business-Project-Presentation-2.png 1920w\" sizes=\"auto, (max-width: 300px) 100vw, 300px\" \/>\t\t\t<\/a>\n\t\t\t\t\t\n\t\t\t\t\t<div class=\"caption\">\n\t\t\t\t<h3 class=\"entry-title\">PowerPoint Basis<\/h3>\n\t\t\t\t\t\t\t\t<div class=\"ld_course_grid_button\"><a class=\"btn btn-primary\" role=\"button\" href=\"https:\/\/learnesy.com\/no\/courses\/powerpoint-basis\/\" rel=\"bookmark\">Start kurset<\/a><\/div>\n\t\t\t\t\t\t\t<\/div><!-- .entry-header -->\n\t\t\t<\/article><!-- #post-## -->\n<\/div><!-- .ld_course_grid -->\n<!-- LearnDash Course Grid v1 --><div class=\"ld_course_grid col-sm-6 col-md-3 \">\n\t<article id=\"post-73304\" class=\" thumbnail course post-73304 sfwd-courses type-sfwd-courses status-publish has-post-thumbnail hentry\">\n\t\t\t\t\t\t\t\t<div class=\"ribbon\">\n\t\t\t\t3,495 SEK\t\t\t<\/div>\n\t\t\t\n\t\t\t\t\t\t<a href=\"https:\/\/learnesy.com\/no\/courses\/excel-ekonomer\/\" rel=\"bookmark\">\n\t\t\t\t<img loading=\"lazy\" decoding=\"async\" width=\"300\" height=\"169\" src=\"\/wp-content\/uploads\/2020\/12\/Green-and-Dark-Green-Simple-Forest-Of-The-Future-Presentation7-300x169.png\" class=\"attachment-medium size-medium wp-post-image\" alt=\"\" srcset=\"\/wp-content\/uploads\/2020\/12\/Green-and-Dark-Green-Simple-Forest-Of-The-Future-Presentation7-300x169.png 300w, \/wp-content\/uploads\/2020\/12\/Green-and-Dark-Green-Simple-Forest-Of-The-Future-Presentation7-1024x576.png 1024w, \/wp-content\/uploads\/2020\/12\/Green-and-Dark-Green-Simple-Forest-Of-The-Future-Presentation7-768x432.png 768w, \/wp-content\/uploads\/2020\/12\/Green-and-Dark-Green-Simple-Forest-Of-The-Future-Presentation7-1536x864.png 1536w, \/wp-content\/uploads\/2020\/12\/Green-and-Dark-Green-Simple-Forest-Of-The-Future-Presentation7.png 1920w\" sizes=\"auto, (max-width: 300px) 100vw, 300px\" \/>\t\t\t<\/a>\n\t\t\t\t\t\n\t\t\t\t\t<div class=\"caption\">\n\t\t\t\t<h3 class=\"entry-title\">Excel for \u00f8konomer<\/h3>\n\t\t\t\t\t\t\t\t<div class=\"ld_course_grid_button\"><a class=\"btn btn-primary\" role=\"button\" href=\"https:\/\/learnesy.com\/no\/courses\/excel-ekonomer\/\" rel=\"bookmark\">Start kurset<\/a><\/div>\n\t\t\t\t\t\t\t<\/div><!-- .entry-header -->\n\t\t\t<\/article><!-- #post-## -->\n<\/div><!-- .ld_course_grid -->\n<!-- LearnDash Course Grid v1 --><div class=\"ld_course_grid col-sm-6 col-md-3 \">\n\t<article id=\"post-71256\" class=\" thumbnail course post-71256 sfwd-courses type-sfwd-courses status-publish has-post-thumbnail hentry ld_course_category-gratiskurs\">\n\t\t\t\t\t\t\t\t<div class=\"ribbon free\">\n\t\t\t\tFree\t\t\t<\/div>\n\t\t\t\n\t\t\t\t\t\t<a href=\"https:\/\/learnesy.com\/no\/courses\/gratiskurs-introduksjon-til-excel\/\" rel=\"bookmark\">\n\t\t\t\t<img loading=\"lazy\" decoding=\"async\" width=\"300\" height=\"150\" src=\"\/wp-content\/uploads\/2020\/12\/Kursmateriell-i-Excel-Learnesy-300x150.png\" class=\"attachment-medium size-medium wp-post-image\" alt=\"\" srcset=\"\/wp-content\/uploads\/2020\/12\/Kursmateriell-i-Excel-Learnesy-300x150.png 300w, \/wp-content\/uploads\/2020\/12\/Kursmateriell-i-Excel-Learnesy-768x384.png 768w, \/wp-content\/uploads\/2020\/12\/Kursmateriell-i-Excel-Learnesy-400x200.png 400w, \/wp-content\/uploads\/2020\/12\/Kursmateriell-i-Excel-Learnesy.png 800w\" sizes=\"auto, (max-width: 300px) 100vw, 300px\" \/>\t\t\t<\/a>\n\t\t\t\t\t\n\t\t\t\t\t<div class=\"caption\">\n\t\t\t\t<h3 class=\"entry-title\">Gratiskurs &#8211; Introduksjon til Excel<\/h3>\n\t\t\t\t\t\t\t\t<div class=\"entry-content\"><p>Vi har plukket ut de mest grunnleggende og relevante delene fra v\u00e5rt popul\u00e6re Excel Basis, og laget korte videoleksjoner, som l\u00e6rer deg de forskjellige trinnene p\u00e5 en effektiv m\u00e5te<\/p>\n<\/div>\n\t\t\t\t\t\t\t\t<div class=\"ld_course_grid_button\"><a class=\"btn btn-primary\" role=\"button\" href=\"https:\/\/learnesy.com\/no\/courses\/gratiskurs-introduksjon-til-excel\/\" rel=\"bookmark\">Continue Study<\/a><\/div>\n\t\t\t\t\t\t\t<\/div><!-- .entry-header -->\n\t\t\t<\/article><!-- #post-## -->\n<\/div><!-- .ld_course_grid -->\n<!-- LearnDash Course Grid v1 --><div class=\"ld_course_grid col-sm-6 col-md-3 \">\n\t<article id=\"post-81874\" class=\" thumbnail course post-81874 sfwd-courses type-sfwd-courses status-publish has-post-thumbnail hentry\">\n\t\t\t\t\t\t\t\t<div class=\"ribbon\">\n\t\t\t\t3,495 SEK\t\t\t<\/div>\n\t\t\t\n\t\t\t\t\t\t<a href=\"https:\/\/learnesy.com\/no\/courses\/power-query\/\" rel=\"bookmark\">\n\t\t\t\t<img loading=\"lazy\" decoding=\"async\" width=\"300\" height=\"169\" src=\"\/wp-content\/uploads\/2021\/06\/PQ_NO-300x169.png\" class=\"attachment-medium size-medium wp-post-image\" alt=\"\" srcset=\"\/wp-content\/uploads\/2021\/06\/PQ_NO-300x169.png 300w, \/wp-content\/uploads\/2021\/06\/PQ_NO-1024x576.png 1024w, \/wp-content\/uploads\/2021\/06\/PQ_NO-768x432.png 768w, \/wp-content\/uploads\/2021\/06\/PQ_NO-1536x864.png 1536w, \/wp-content\/uploads\/2021\/06\/PQ_NO.png 1920w\" sizes=\"auto, (max-width: 300px) 100vw, 300px\" \/>\t\t\t<\/a>\n\t\t\t\t\t\n\t\t\t\t\t<div class=\"caption\">\n\t\t\t\t<h3 class=\"entry-title\">Power Query Basis<\/h3>\n\t\t\t\t\t\t\t\t<div class=\"ld_course_grid_button\"><a class=\"btn btn-primary\" role=\"button\" href=\"https:\/\/learnesy.com\/no\/courses\/power-query\/\" rel=\"bookmark\">Start kurset<\/a><\/div>\n\t\t\t\t\t\t\t<\/div><!-- .entry-header -->\n\t\t\t<\/article><!-- #post-## -->\n<\/div><!-- .ld_course_grid -->\n<!-- LearnDash Course Grid v1 --><div class=\"ld_course_grid col-sm-6 col-md-3 \">\n\t<article id=\"post-284190\" class=\" thumbnail course post-284190 sfwd-courses type-sfwd-courses status-publish has-post-thumbnail hentry\">\n\t\t\t\t\t\t\t\t<div class=\"ribbon\">\n\t\t\t\t3,495 SEK\t\t\t<\/div>\n\t\t\t\n\t\t\t\t\t\t<a href=\"https:\/\/learnesy.com\/no\/courses\/sql-basis\/\" rel=\"bookmark\">\n\t\t\t\t<img loading=\"lazy\" decoding=\"async\" width=\"300\" height=\"169\" src=\"\/wp-content\/uploads\/2021\/07\/Green-White-Modern-Tutorial-YouTube-Thumbnail5-300x169.png\" class=\"attachment-medium size-medium wp-post-image\" alt=\"Onlinekurs SQL svenska\" srcset=\"\/wp-content\/uploads\/2021\/07\/Green-White-Modern-Tutorial-YouTube-Thumbnail5-300x169.png 300w, \/wp-content\/uploads\/2021\/07\/Green-White-Modern-Tutorial-YouTube-Thumbnail5-1024x576.png 1024w, \/wp-content\/uploads\/2021\/07\/Green-White-Modern-Tutorial-YouTube-Thumbnail5-768x432.png 768w, \/wp-content\/uploads\/2021\/07\/Green-White-Modern-Tutorial-YouTube-Thumbnail5.png 1280w\" sizes=\"auto, (max-width: 300px) 100vw, 300px\" \/>\t\t\t<\/a>\n\t\t\t\t\t\n\t\t\t\t\t<div class=\"caption\">\n\t\t\t\t<h3 class=\"entry-title\">SQL Basis<\/h3>\n\t\t\t\t\t\t\t\t<div class=\"ld_course_grid_button\"><a class=\"btn btn-primary\" role=\"button\" href=\"https:\/\/learnesy.com\/no\/courses\/sql-basis\/\" rel=\"bookmark\">Start kurset<\/a><\/div>\n\t\t\t\t\t\t\t<\/div><!-- .entry-header -->\n\t\t\t<\/article><!-- #post-## -->\n<\/div><!-- .ld_course_grid -->\n<!-- LearnDash Course Grid v1 --><div class=\"ld_course_grid col-sm-6 col-md-3 \">\n\t<article id=\"post-54364\" class=\" thumbnail course post-54364 sfwd-courses type-sfwd-courses status-publish has-post-thumbnail hentry\">\n\t\t\t\t\t\t\t\t<div class=\"ribbon\">\n\t\t\t\t3,495 SEK\t\t\t<\/div>\n\t\t\t\n\t\t\t\t\t\t<a href=\"https:\/\/learnesy.com\/no\/courses\/excel-fordypning-funksjoner\/\" rel=\"bookmark\">\n\t\t\t\t<img loading=\"lazy\" decoding=\"async\" width=\"300\" height=\"169\" src=\"\/wp-content\/uploads\/2020\/06\/Copy-of-Copy-of-PQ6-300x169.png\" class=\"attachment-medium size-medium wp-post-image\" alt=\"\" srcset=\"\/wp-content\/uploads\/2020\/06\/Copy-of-Copy-of-PQ6-300x169.png 300w, \/wp-content\/uploads\/2020\/06\/Copy-of-Copy-of-PQ6-1024x576.png 1024w, \/wp-content\/uploads\/2020\/06\/Copy-of-Copy-of-PQ6-768x432.png 768w, \/wp-content\/uploads\/2020\/06\/Copy-of-Copy-of-PQ6-1536x864.png 1536w, \/wp-content\/uploads\/2020\/06\/Copy-of-Copy-of-PQ6.png 1920w\" sizes=\"auto, (max-width: 300px) 100vw, 300px\" \/>\t\t\t<\/a>\n\t\t\t\t\t\n\t\t\t\t\t<div class=\"caption\">\n\t\t\t\t<h3 class=\"entry-title\">Excelfunksjoner Fordypning<\/h3>\n\t\t\t\t\t\t\t\t<div class=\"ld_course_grid_button\"><a class=\"btn btn-primary\" role=\"button\" href=\"https:\/\/learnesy.com\/no\/courses\/excel-fordypning-funksjoner\/\" rel=\"bookmark\">Start kurset<\/a><\/div>\n\t\t\t\t\t\t\t<\/div><!-- .entry-header -->\n\t\t\t<\/article><!-- #post-## -->\n<\/div><!-- .ld_course_grid -->\n<!-- LearnDash Course Grid v1 --><div class=\"ld_course_grid col-sm-6 col-md-3 \">\n\t<article id=\"post-81641\" class=\" thumbnail course post-81641 sfwd-courses type-sfwd-courses status-publish has-post-thumbnail hentry\">\n\t\t\t\t\t\t\t\t<div class=\"ribbon\">\n\t\t\t\t3,495 SEK\t\t\t<\/div>\n\t\t\t\n\t\t\t\t\t\t<a href=\"https:\/\/learnesy.com\/no\/courses\/powerbi\/\" rel=\"bookmark\">\n\t\t\t\t<img loading=\"lazy\" decoding=\"async\" width=\"300\" height=\"169\" src=\"\/wp-content\/uploads\/2020\/11\/Green-White-Modern-Tutorial-YouTube-Thumbnail11-300x169.png\" class=\"attachment-medium size-medium wp-post-image\" alt=\"Onlinekurs Power BI\" srcset=\"\/wp-content\/uploads\/2020\/11\/Green-White-Modern-Tutorial-YouTube-Thumbnail11-300x169.png 300w, \/wp-content\/uploads\/2020\/11\/Green-White-Modern-Tutorial-YouTube-Thumbnail11-1024x576.png 1024w, \/wp-content\/uploads\/2020\/11\/Green-White-Modern-Tutorial-YouTube-Thumbnail11-768x432.png 768w, \/wp-content\/uploads\/2020\/11\/Green-White-Modern-Tutorial-YouTube-Thumbnail11.png 1280w\" sizes=\"auto, (max-width: 300px) 100vw, 300px\" \/>\t\t\t<\/a>\n\t\t\t\t\t\n\t\t\t\t\t<div class=\"caption\">\n\t\t\t\t<h3 class=\"entry-title\">Power BI Basis<\/h3>\n\t\t\t\t\t\t\t\t<div class=\"ld_course_grid_button\"><a class=\"btn btn-primary\" role=\"button\" href=\"https:\/\/learnesy.com\/no\/courses\/powerbi\/\" rel=\"bookmark\">Start kurset<\/a><\/div>\n\t\t\t\t\t\t\t<\/div><!-- .entry-header -->\n\t\t\t<\/article><!-- #post-## -->\n<\/div><!-- .ld_course_grid -->\n<!-- LearnDash Course Grid v1 --><div class=\"ld_course_grid col-sm-6 col-md-3 \">\n\t<article id=\"post-20873\" class=\" thumbnail course post-20873 sfwd-courses type-sfwd-courses status-publish has-post-thumbnail hentry\">\n\t\t\t\t\t\t\t\t<div class=\"ribbon\">\n\t\t\t\t3,495 SEK\t\t\t<\/div>\n\t\t\t\n\t\t\t\t\t\t<a href=\"https:\/\/learnesy.com\/no\/courses\/excel-fordypning-pivottabeller\/\" rel=\"bookmark\">\n\t\t\t\t<img loading=\"lazy\" decoding=\"async\" width=\"300\" height=\"169\" src=\"\/wp-content\/uploads\/2019\/12\/Pivottabeller-NO-300x169.png\" class=\"attachment-medium size-medium wp-post-image\" alt=\"Pivottabeller NO\" srcset=\"\/wp-content\/uploads\/2019\/12\/Pivottabeller-NO-300x169.png 300w, \/wp-content\/uploads\/2019\/12\/Pivottabeller-NO-1024x576.png 1024w, \/wp-content\/uploads\/2019\/12\/Pivottabeller-NO-768x432.png 768w, \/wp-content\/uploads\/2019\/12\/Pivottabeller-NO-1536x864.png 1536w, \/wp-content\/uploads\/2019\/12\/Pivottabeller-NO.png 1920w\" sizes=\"auto, (max-width: 300px) 100vw, 300px\" \/>\t\t\t<\/a>\n\t\t\t\t\t\n\t\t\t\t\t<div class=\"caption\">\n\t\t\t\t<h3 class=\"entry-title\">Jobb smartere med Pivottabeller<\/h3>\n\t\t\t\t\t\t\t\t<div class=\"ld_course_grid_button\"><a class=\"btn btn-primary\" role=\"button\" href=\"https:\/\/learnesy.com\/no\/courses\/excel-fordypning-pivottabeller\/\" rel=\"bookmark\">Start kurset<\/a><\/div>\n\t\t\t\t\t\t\t<\/div><!-- .entry-header -->\n\t\t\t<\/article><!-- #post-## -->\n<\/div><!-- .ld_course_grid -->\n<!-- LearnDash Course Grid v1 --><div class=\"ld_course_grid col-sm-6 col-md-3 \">\n\t<article id=\"post-451632\" class=\" thumbnail course post-451632 sfwd-courses type-sfwd-courses status-publish has-post-thumbnail hentry\">\n\t\t\t\t\t\t\t\t<div class=\"ribbon\">\n\t\t\t\t3,495 SEK\t\t\t<\/div>\n\t\t\t\n\t\t\t\t\t\t<a href=\"https:\/\/learnesy.com\/no\/courses\/excelkurs-fordypning\/\" rel=\"bookmark\">\n\t\t\t\t<img loading=\"lazy\" decoding=\"async\" width=\"300\" height=\"169\" src=\"\/wp-content\/uploads\/2025\/06\/Excelkurs-Fordypning-300x169.png\" class=\"attachment-medium size-medium wp-post-image\" alt=\"\" srcset=\"\/wp-content\/uploads\/2025\/06\/Excelkurs-Fordypning-300x169.png 300w, \/wp-content\/uploads\/2025\/06\/Excelkurs-Fordypning-768x432.png 768w, \/wp-content\/uploads\/2025\/06\/Excelkurs-Fordypning.png 1024w\" sizes=\"auto, (max-width: 300px) 100vw, 300px\" \/>\t\t\t<\/a>\n\t\t\t\t\t\n\t\t\t\t\t<div class=\"caption\">\n\t\t\t\t<h3 class=\"entry-title\">Excelkurs Fordypning<\/h3>\n\t\t\t\t\t\t\t\t<div class=\"ld_course_grid_button\"><a class=\"btn btn-primary\" role=\"button\" href=\"https:\/\/learnesy.com\/no\/courses\/excelkurs-fordypning\/\" rel=\"bookmark\">Start kurset<\/a><\/div>\n\t\t\t\t\t\t\t<\/div><!-- .entry-header -->\n\t\t\t<\/article><!-- #post-## -->\n<\/div><!-- .ld_course_grid -->\n<!-- LearnDash Course Grid v1 --><div class=\"ld_course_grid col-sm-6 col-md-3 \">\n\t<article id=\"post-365\" class=\" thumbnail course post-365 sfwd-courses type-sfwd-courses status-publish has-post-thumbnail hentry ld_course_tag-excelkurs-3 ld_course_tag-kurs-excel\">\n\t\t\t\t\t\t\t\t<div class=\"ribbon\">\n\t\t\t\t3,495 SEK\t\t\t<\/div>\n\t\t\t\n\t\t\t\t\t\t<a href=\"https:\/\/learnesy.com\/no\/courses\/excelkurs-bas-norsk\/\" rel=\"bookmark\">\n\t\t\t\t<img loading=\"lazy\" decoding=\"async\" width=\"300\" height=\"169\" src=\"\/wp-content\/uploads\/2019\/02\/Copy-of-Blue-Professional-Business-Project-Presentation-4-300x169.png\" class=\"attachment-medium size-medium wp-post-image\" alt=\"\" srcset=\"\/wp-content\/uploads\/2019\/02\/Copy-of-Blue-Professional-Business-Project-Presentation-4-300x169.png 300w, \/wp-content\/uploads\/2019\/02\/Copy-of-Blue-Professional-Business-Project-Presentation-4-1024x576.png 1024w, \/wp-content\/uploads\/2019\/02\/Copy-of-Blue-Professional-Business-Project-Presentation-4-768x432.png 768w, \/wp-content\/uploads\/2019\/02\/Copy-of-Blue-Professional-Business-Project-Presentation-4-1536x864.png 1536w, \/wp-content\/uploads\/2019\/02\/Copy-of-Blue-Professional-Business-Project-Presentation-4.png 1920w\" sizes=\"auto, (max-width: 300px) 100vw, 300px\" \/>\t\t\t<\/a>\n\t\t\t\t\t\n\t\t\t\t\t<div class=\"caption\">\n\t\t\t\t<h3 class=\"entry-title\">Excel Basis<\/h3>\n\t\t\t\t\t\t\t\t<div class=\"ld_course_grid_button\"><a class=\"btn btn-primary\" role=\"button\" href=\"https:\/\/learnesy.com\/no\/courses\/excelkurs-bas-norsk\/\" rel=\"bookmark\">Start kurset<\/a><\/div>\n\t\t\t\t\t\t\t<\/div><!-- .entry-header -->\n\t\t\t<\/article><!-- #post-## -->\n<\/div><!-- .ld_course_grid -->\n\t\t<\/div>\n\t\t\t\t<\/div>\n<\/div>","protected":false},"excerpt":{"rendered":"<p>Alle priser inkluderer 25% moms<\/p>\n","protected":false},"author":1,"featured_media":0,"parent":0,"menu_order":4,"comment_status":"closed","ping_status":"closed","template":"","meta":{"_acf_changed":false,"_eb_attr":"","footnotes":""},"class_list":["post-13086","page","type-page","status-publish","hentry"],"acf":[],"_links":{"self":[{"href":"https:\/\/learnesy.com\/no\/wp-json\/wp\/v2\/pages\/13086","targetHints":{"allow":["GET"]}}],"collection":[{"href":"https:\/\/learnesy.com\/no\/wp-json\/wp\/v2\/pages"}],"about":[{"href":"https:\/\/learnesy.com\/no\/wp-json\/wp\/v2\/types\/page"}],"author":[{"embeddable":true,"href":"https:\/\/learnesy.com\/no\/wp-json\/wp\/v2\/users\/1"}],"replies":[{"embeddable":true,"href":"https:\/\/learnesy.com\/no\/wp-json\/wp\/v2\/comments?post=13086"}],"version-history":[{"count":1,"href":"https:\/\/learnesy.com\/no\/wp-json\/wp\/v2\/pages\/13086\/revisions"}],"predecessor-version":[{"id":89043,"href":"https:\/\/learnesy.com\/no\/wp-json\/wp\/v2\/pages\/13086\/revisions\/89043"}],"wp:attachment":[{"href":"https:\/\/learnesy.com\/no\/wp-json\/wp\/v2\/media?parent=13086"}],"curies":[{"name":"wp","href":"https:\/\/api.w.org\/{rel}","templated":true}]}}