{"id":13057,"date":"2019-07-23T14:44:52","date_gmt":"2019-07-23T14:44:52","guid":{"rendered":"https:\/\/learnesy.com\/?page_id=13057"},"modified":"2025-12-02T09:09:41","modified_gmt":"2025-12-02T08:09:41","slug":"vilkar-og-betingelser","status":"publish","type":"page","link":"https:\/\/learnesy.com\/no\/vilkar-og-betingelser\/","title":{"rendered":"Vilk\u00e5r og betingelser"},"content":{"rendered":"<p>Disse vilk\u00e5rene gjelder for kj\u00f8p p\u00e5 og bruk av nettstedet <a href=\"http:\/\/www.learnesy.com\">www.learnesy.com<\/a>.<br \/>\nVilk\u00e5rene utgj\u00f8r en avtale mellom deg og:<\/p>\n<p>Learnesy AB<br \/>\norg.nr 556990-3619<br \/>\nKivra 556990-3619<br \/>\n106 31 Stockholm, Sverige<\/p>\n<p>heretter kalt \u00abLearnesy\u00bb, \u00abvi\u00bb eller \u00aboss\u00bb.<\/p>\n<p>Learnesy leverer digitale nettkurs gjennom en webbasert l\u00e6ringsplattform.<\/p>\n<p>Ved \u00e5 gjennomf\u00f8re et kj\u00f8p godtar du disse vilk\u00e5rene og at dine personopplysninger behandles i samsvar med gjeldende personvernlovgivning.<\/p>\n<p><strong>Kursstruktur og tilgang<\/strong><\/p>\n<p>Learnesys kurs leveres via en digital l\u00e6ringsplattform.<\/p>\n<p>Etter gjennomf\u00f8rt kj\u00f8p sendes en ordrebekreftelse til e-postadressen du har oppgitt.<br \/>\nTilgang til plattformen aktiveres etter at betalingen er registrert.<\/p>\n<p>Tilgangen til kurset gjelder i tolv (12) m\u00e5neder fra aktiveringsdato.<\/p>\n<p>Etter at avtaleperioden er utl\u00f8pt, beholder du tilgang til brukerkontoen din og kursbevis\/diplom, men mister tilgangen til selve kursinnholdet, videoer og oppl\u00e6ringsmateriale.<\/p>\n<p>For \u00e5 gjennomf\u00f8re kurset kreves tilgang til datamaskin og internett.<\/p>\n<p><strong>Bestilling og kj\u00f8p<\/strong><\/p>\n<p>N\u00e5r bestillingen er fullf\u00f8rt, sendes en ordrebekreftelse til din e-postadresse.<\/p>\n<p>Dersom det er feil i bestillingen, ber vi deg kontakte oss umiddelbart p\u00e5:<br \/>\nkontakt@learnesy.com<br \/>\neller telefon +46 704 568 680.<\/p>\n<p><strong>Priser<\/strong><\/p>\n<p>Prisene oppgis i samme valuta som spr\u00e5ket p\u00e5 kurset.<\/p>\n<p>Der det er aktuelt er merverdiavgift inkludert i prisen.<br \/>\nKj\u00f8per m\u00e5 ha fylt 18 \u00e5r for \u00e5 kunne inng\u00e5 avtale.<\/p>\n<p>Learnesy forbeholder seg retten til \u00e5 korrigere \u00e5penbare prisfeil.<\/p>\n<p><strong>Betaling<\/strong><\/p>\n<p>Vi tilbyr betaling med kort eller faktura.<\/p>\n<p>Ved kortbetaling behandles kortopplysninger av tredjeparts betalingsleverand\u00f8r.<br \/>\nLearnesy lagrer ingen kortinformasjon.<\/p>\n<p>Ved betaling med faktura gjelder betalingsfrist p\u00e5 30 dager.<\/p>\n<p>Ved forsinket betaling p\u00e5l\u00f8per purregebyr i henhold til lov samt forsinkelsesrente p\u00e5 24 prosent pluss gjeldende referanserente.<\/p>\n<p>Faktura fungerer som kvittering.<\/p>\n<p><strong>Avtaleperiode og automatisk fornyelse<\/strong><\/p>\n<p>Tilgangen varer i tolv (12) m\u00e5neder fra aktiveringsdato.<\/p>\n<p>Dersom avtalen ikke sies opp senest \u00e9n (1) m\u00e5ned f\u00f8r periodens siste dag, fornyes avtalen automatisk med en ny periode p\u00e5 tolv (12) m\u00e5neder til gjeldende pris og vilk\u00e5r.<\/p>\n<p>Oppsigelse skal skje skriftlig via e-post til:<br \/>\nsupport@learnesy.com<\/p>\n<p><strong>Angrerett og \u00e5pent kj\u00f8p<\/strong><\/p>\n<p>For forbrukere gjelder 14 dagers angrerett i henhold til gjeldende forbrukerlovgivning.<\/p>\n<p>For virksomheter gjelder ingen lovbestemt angrerett.<br \/>\nLearnesy tilbyr likevel 14 dagers \u00e5pent kj\u00f8p ogs\u00e5 for bedriftskunder som en frivillig serviceordning.<\/p>\n<p><strong>Bruksrett og immaterielle rettigheter<\/strong><\/p>\n<p>Alt innhold p\u00e5 plattformen, inkludert videoer, tekster, grafikk og kursmateriale, tilh\u00f8rer Learnesy eller selskapets lisensgivere.<\/p>\n<p>Innholdet kan ikke kopieres, deles, selges videre eller gj\u00f8res tilgjengelig for tredjeparter uten skriftlig samtykke fra Learnesy.<\/p>\n<p>Lisensen er personlig og gjelder for \u00e9n enkelt bruker.<\/p>\n<p><strong>Support og driftsavbrudd<\/strong><\/p>\n<p>Support tilbys i hovedsak via e-post.<br \/>\nVed s\u00e6rskilte behov kan support ogs\u00e5 tilbys via telefon eller nettm\u00f8te.<\/p>\n<p>Learnesy tilstreber h\u00f8y tilgjengelighet p\u00e5 tjenesten, men kan ikke garantere at den til enhver tid er fri for avbrudd, driftsforstyrrelser eller tekniske problemer.<\/p>\n<p>Midlertidige driftsforstyrrelser gir ikke rett til erstatning eller prisavslag.<\/p>\n<p><strong>Behandling av personopplysninger<\/strong><\/p>\n<p>Learnesy behandler personopplysninger i samsvar med EUs personvernforordning (GDPR).<\/p>\n<p>Personopplysninger brukes for \u00e5 levere tjenesten, administrere kundekontoer og yte support.<\/p>\n<p>Du har rett til innsyn, retting og sletting i henhold til gjeldende regelverk.<\/p>\n<p><strong>Informasjonskapsler<\/strong><\/p>\n<p>Nettstedet bruker informasjonskapsler for \u00e5 sikre funksjonalitet som innlogging og handlekurv.<\/p>\n<p>Du kan selv blokkere informasjonskapsler i nettleserens innstillinger.<\/p>\n<p><strong>Lovvalg og verneting<\/strong><\/p>\n<p>Disse vilk\u00e5rene er underlagt svensk lov.<\/p>\n<p>Eventuelle tvister skal avgj\u00f8res av Stockholms tingrett som f\u00f8rste instans.<\/p>\n","protected":false},"excerpt":{"rendered":"<p>Disse vilk\u00e5rene gjelder for kj\u00f8p p\u00e5 og bruk av nettstedet www.learnesy.com. Vilk\u00e5rene utgj\u00f8r en avtale mellom deg og: Learnesy AB org.nr 556990-3619 Kivra 556990-3619 106 31 Stockholm, Sverige heretter kalt \u00abLearnesy\u00bb, \u00abvi\u00bb eller \u00aboss\u00bb. Learnesy [&hellip;]<\/p>\n","protected":false},"author":1,"featured_media":0,"parent":0,"menu_order":0,"comment_status":"closed","ping_status":"closed","template":"about.php","meta":{"_acf_changed":false,"_eb_attr":"","footnotes":""},"class_list":["post-13057","page","type-page","status-publish","hentry"],"acf":[],"_links":{"self":[{"href":"https:\/\/learnesy.com\/no\/wp-json\/wp\/v2\/pages\/13057","targetHints":{"allow":["GET"]}}],"collection":[{"href":"https:\/\/learnesy.com\/no\/wp-json\/wp\/v2\/pages"}],"about":[{"href":"https:\/\/learnesy.com\/no\/wp-json\/wp\/v2\/types\/page"}],"author":[{"embeddable":true,"href":"https:\/\/learnesy.com\/no\/wp-json\/wp\/v2\/users\/1"}],"replies":[{"embeddable":true,"href":"https:\/\/learnesy.com\/no\/wp-json\/wp\/v2\/comments?post=13057"}],"version-history":[{"count":4,"href":"https:\/\/learnesy.com\/no\/wp-json\/wp\/v2\/pages\/13057\/revisions"}],"predecessor-version":[{"id":507205,"href":"https:\/\/learnesy.com\/no\/wp-json\/wp\/v2\/pages\/13057\/revisions\/507205"}],"wp:attachment":[{"href":"https:\/\/learnesy.com\/no\/wp-json\/wp\/v2\/media?parent=13057"}],"curies":[{"name":"wp","href":"https:\/\/api.w.org\/{rel}","templated":true}]}}