{"id":118347,"date":"2022-01-03T17:10:58","date_gmt":"2022-01-03T15:10:58","guid":{"rendered":"https:\/\/learnesy.com\/gdpr-policy\/"},"modified":"2022-01-03T18:57:05","modified_gmt":"2022-01-03T16:57:05","slug":"gdpr-policy","status":"publish","type":"page","link":"https:\/\/learnesy.com\/no\/gdpr-policy\/","title":{"rendered":"GDPR Policy"},"content":{"rendered":"\r\n<p>Informasjon om behandling av personopplysninger<\/p>\r\n\r\n\r\n\r\n<p><strong>1. Introduksjon<\/strong><\/p>\r\n\r\n\r\n\r\n<p>Dette dokumentet inneholder informasjon om behandling av personopplysninger innenfor rammen av v\u00e5r bruk av kundedata. I informasjonen refererer &laquo;du&raquo; og &laquo;din&raquo; til personen hvis personopplysninger vi kan behandle og som er v\u00e5r kunde, representerer v\u00e5r kunde eller er en bes\u00f8kende p\u00e5 nettstedet v\u00e5rt.<\/p>\r\n\r\n\r\n\r\n<p><strong>2. Generelt<\/strong><\/p>\r\n\r\n\r\n\r\n<p>Learnesy AB er dataansvarlig i henhold til personvernforordningen (2016\/679). Denne informasjonen om behandling av personopplysninger forklarer hvordan vi h\u00e5ndterer innsamling, behandling, bruk og deling av dine personopplysninger (personopplysninger betyr all informasjon knyttet til en identifisert eller identifiserbar fysisk person.)<\/p>\r\n\r\n\r\n\r\n<p><strong>Learnesy AB anvender f\u00f8lgende grunnleggende prinsipper for behandling av personopplysninger:<\/strong><\/p>\r\n<ul>\r\n<li>Vi tar hensyn til personopplysningene vi ber deg om og personopplysningene vi samler inn om deg.<\/li>\r\n<li>Vi lagrer dine personopplysninger s\u00e5 lenge vi har grunn til \u00e5 beholde dem.<\/li>\r\n<li>Vi har til hensikt \u00e5 forenkle din mulighet til \u00e5 kontrollere dine personopplysninger.<\/li>\r\n<li>Vi tar sikte p\u00e5 \u00e5 gi full \u00e5penhet ang\u00e5ende hvordan vi samler inn, bruker og deler dine personopplysninger.<\/li>\r\n<\/ul>\r\n\r\n\r\n\r\n<p><strong>3. Hvilken informasjon samler Learnesy AB inn om deg?<\/strong><\/p>\r\n\r\n\r\n\r\n<p>For \u00e5 oppfylle foresp\u00f8rslene fra v\u00e5re kunder, bes\u00f8kende p\u00e5 nettstedet v\u00e5rt eller fra v\u00e5re forhandlere, kan du bli bedt om \u00e5 oppgi en eller flere av disse opplysningene:<\/p>\r\n<ul>\r\n<li>Navnet ditt<\/li>\r\n<li>Ditt personnummer<\/li>\r\n<li>Din epostadresse<\/li>\r\n<li>Din faktura adresse<\/li>\r\n<li>Leveringsadressen din<\/li>\r\n<li>Telefonnummeret ditt<\/li>\r\n<li>Din kontaktinformasjon<\/li>\r\n<\/ul>\r\n\r\n\r\n\r\n<p><strong>4. N\u00e5r samler Learnesy AB inn informasjonen din?<\/strong><\/p>\r\n\r\n\r\n\r\n<p>Vi samler inn dine personopplysninger ved kj\u00f8p eller bestilling av kurs. Vi samler ogs\u00e5 inn data f.eks. n\u00e5r du frivillig fyller ut noen av v\u00e5re skjemaer, m\u00f8ter oss, gir oss tilbakemeldinger og deltar i konkurranser. Informasjon om bruk av nettsiden samles inn gjennom informasjonskapsler. N\u00e5r du registrerer deg for nyhetsbrev, vil din e-postadresse og, om n\u00f8dvendig, navnet ditt bli brukt til v\u00e5re egne markedsf\u00f8ringsform\u00e5l inntil du melder deg av. Du kan melde deg av nyhetsbrev n\u00e5r som helst.<\/p>\r\n\r\n\r\n\r\n<p><strong>5. Hvordan bruker Learnesy AB informasjonen din?<\/strong><\/p>\r\n\r\n\r\n\r\n<p>Vi samler inn og behandler informasjon om deg kun for etablerte form\u00e5l. Dette er f\u00f8lgende:<\/p>\r\n<ul>\r\n<li>Behandle bestillingen din<\/li>\r\n<li>Administrere kundekontoen din<\/li>\r\n<li>Behandle betalinger<\/li>\r\n<li>Holde kurs<\/li>\r\n<li>Sende informasjon, nyheter og tilbud<\/li>\r\n<li>Forbedre kvaliteten p\u00e5 produktene v\u00e5re og utvikle nye produkter<\/li>\r\n<\/ul>\r\n<p>Alle personopplysninger behandles med hensyn til konfidensialitet. De innsamlede personopplysningene vil kun bli behandlet, brukt og lagret for form\u00e5let med behandlingen og gjennomf\u00f8ringen av din bestilling og markedsf\u00f8ringsaktiviteter.<\/p>\r\n\r\n\r\n\r\n<p>Vi behandler dine personopplysninger kun for form\u00e5lene ovenfor og alltid med st\u00f8tte av et juridisk grunnlag. N\u00e5r en privatperson kj\u00f8per v\u00e5re produkter (dvs. form\u00e5let med \u00e5 behandle en bestilling, h\u00e5ndtere en konto, behandle en betaling og levere kurs), behandler vi dine personopplysninger for \u00e5 oppfylle avtalen din med oss. For de gjenv\u00e6rende form\u00e5lene eller n\u00e5r kunden v\u00e5r er en juridisk person, utgj\u00f8r v\u00e5r legitime interesse i \u00e5 utvikle v\u00e5re tjenester og produkter det juridiske grunnlaget. Om n\u00f8dvendig vil dine personopplysninger bli overf\u00f8rt til v\u00e5re tjenesteleverand\u00f8rer. I et slikt tilfelle vil personopplysningene kun bli behandlet og brukt av dem til avtalte form\u00e5l. Learnesy AB vil ikke ulovlig dele informasjonen din med selskaper utenfor v\u00e5r gruppe.<\/p>\r\n\r\n\r\n\r\n<p><strong>6. Rettigheter til den registrerte <\/strong><\/p>\r\n\r\n\r\n\r\n<p>Du har rett til \u00e5 be om informasjon om dine personopplysninger som vi behandler. Du har rett til \u00e5 be om retting eller sletting av opplysningene dine n\u00e5r som helst, om du anser dem som feil. Se kontaktinformasjon nedenfor.<\/p>\r\n\r\n\r\n\r\n<p><strong>7. Cookies\/Informasjonskapsler <\/strong><\/p>\r\n\r\n\r\n\r\n<p>En cookie\/informasjonskapsel er en tekstfil med anonymisert informasjon som inkluderer en unik brukeridentifikasjon.<\/p>\r\n\r\n\r\n\r\n<p><strong>8. Andre nettsteder<\/strong><\/p>\r\n\r\n\r\n\r\n<p>V\u00e5r nettside kan inneholde lenker til andre nettsider. Learnesy AB er ikke ansvarlig for innhold p\u00e5 eksterne nettsider selv om lenker refererer til dem.<\/p>\r\n\r\n\r\n\r\n<p><strong>9. Kontakt oss<\/strong><\/p>\r\n\r\n\r\n\r\n<p>Hvis du har et sp\u00f8rsm\u00e5l til Learnesy AB ang\u00e5ende hvordan personopplysningene dine har blitt behandlet, eller om du vil klage p\u00e5 en avgj\u00f8relse, kan du kontakte oss via support@learnesy.com<\/p>\r\n","protected":false},"excerpt":{"rendered":"<p>Informasjon om behandling av personopplysninger 1. Introduksjon Dette dokumentet inneholder informasjon om behandling av personopplysninger innenfor rammen av v\u00e5r bruk av kundedata. I informasjonen refererer &laquo;du&raquo; og &laquo;din&raquo; til personen hvis personopplysninger vi kan behandle [&hellip;]<\/p>\n","protected":false},"author":41201,"featured_media":0,"parent":0,"menu_order":0,"comment_status":"closed","ping_status":"closed","template":"about.php","meta":{"_acf_changed":false,"_eb_attr":"","footnotes":""},"class_list":["post-118347","page","type-page","status-publish","hentry"],"acf":[],"_links":{"self":[{"href":"https:\/\/learnesy.com\/no\/wp-json\/wp\/v2\/pages\/118347","targetHints":{"allow":["GET"]}}],"collection":[{"href":"https:\/\/learnesy.com\/no\/wp-json\/wp\/v2\/pages"}],"about":[{"href":"https:\/\/learnesy.com\/no\/wp-json\/wp\/v2\/types\/page"}],"author":[{"embeddable":true,"href":"https:\/\/learnesy.com\/no\/wp-json\/wp\/v2\/users\/41201"}],"replies":[{"embeddable":true,"href":"https:\/\/learnesy.com\/no\/wp-json\/wp\/v2\/comments?post=118347"}],"version-history":[{"count":2,"href":"https:\/\/learnesy.com\/no\/wp-json\/wp\/v2\/pages\/118347\/revisions"}],"predecessor-version":[{"id":118372,"href":"https:\/\/learnesy.com\/no\/wp-json\/wp\/v2\/pages\/118347\/revisions\/118372"}],"wp:attachment":[{"href":"https:\/\/learnesy.com\/no\/wp-json\/wp\/v2\/media?parent=118347"}],"curies":[{"name":"wp","href":"https:\/\/api.w.org\/{rel}","templated":true}]}}