{"id":115716,"date":"2021-12-17T17:43:19","date_gmt":"2021-12-17T15:43:19","guid":{"rendered":"https:\/\/learnesy.com\/kontakt-foretagsgrupper\/"},"modified":"2022-02-20T15:49:55","modified_gmt":"2022-02-20T13:49:55","slug":"kontakt-foretagsgrupper","status":"publish","type":"page","link":"https:\/\/learnesy.com\/no\/kontakt-foretagsgrupper\/","title":{"rendered":"Vil du bli bedre i Excel og Dataanalyse?"},"content":{"rendered":"\n<p>Learnesy har mange \u00e5rs erfaring med \u00e5 \u00f8ke effektiviteten til Excel for bedriftsgrupper. Kontakt oss s\u00e5 hjelper vi deg med ekspertisen innen Excel og Dataanalyse.<\/p>\n","protected":false},"excerpt":{"rendered":"<p>Learnesy har mange \u00e5rs erfaring med \u00e5 \u00f8ke effektiviteten til Excel for bedriftsgrupper. Kontakt oss s\u00e5 hjelper vi deg med ekspertisen innen Excel og Dataanalyse.<\/p>\n","protected":false},"author":39855,"featured_media":0,"parent":0,"menu_order":0,"comment_status":"closed","ping_status":"closed","template":"course_contact.php","meta":{"_acf_changed":false,"_eb_attr":"","footnotes":""},"class_list":["post-115716","page","type-page","status-publish","hentry"],"acf":[],"_links":{"self":[{"href":"https:\/\/learnesy.com\/no\/wp-json\/wp\/v2\/pages\/115716","targetHints":{"allow":["GET"]}}],"collection":[{"href":"https:\/\/learnesy.com\/no\/wp-json\/wp\/v2\/pages"}],"about":[{"href":"https:\/\/learnesy.com\/no\/wp-json\/wp\/v2\/types\/page"}],"author":[{"embeddable":true,"href":"https:\/\/learnesy.com\/no\/wp-json\/wp\/v2\/users\/39855"}],"replies":[{"embeddable":true,"href":"https:\/\/learnesy.com\/no\/wp-json\/wp\/v2\/comments?post=115716"}],"version-history":[{"count":8,"href":"https:\/\/learnesy.com\/no\/wp-json\/wp\/v2\/pages\/115716\/revisions"}],"predecessor-version":[{"id":133130,"href":"https:\/\/learnesy.com\/no\/wp-json\/wp\/v2\/pages\/115716\/revisions\/133130"}],"wp:attachment":[{"href":"https:\/\/learnesy.com\/no\/wp-json\/wp\/v2\/media?parent=115716"}],"curies":[{"name":"wp","href":"https:\/\/api.w.org\/{rel}","templated":true}]}}