{"id":110088,"date":"2021-11-03T19:47:48","date_gmt":"2021-11-03T17:47:48","guid":{"rendered":"https:\/\/learnesy.com\/the-team\/"},"modified":"2023-06-30T10:58:16","modified_gmt":"2023-06-30T09:58:16","slug":"omlearnesy","status":"publish","type":"page","link":"https:\/\/learnesy.com\/no\/omlearnesy\/","title":{"rendered":"Om Learnesy"},"content":{"rendered":"<h2>Effektiv l\u00e6ring med korte leksjoner<\/h2>\n<p>Utforsk v\u00e5re kurs med korte leksjoner &#8211; i gjennomsnitt 2 minutter lange &#8211; som inneholder varierte \u00f8velser og quizer for \u00e5 teste dine kunnskaper. Den pedagogiske tiln\u00e6rmingen med korte leksjoner kalles nanolearning og er en effektiv m\u00e5te \u00e5 l\u00e6re nye ting p\u00e5.<\/p>\n<h2>Veien til tidsbesparende nettbasert oppl\u00e6ring<\/h2>\n<p><strong>Men hvordan begynte det?<\/strong> Marcus Andersson og Robert Gulevski hadde jobbet med innkj\u00f8p, \u00f8konomi, forretningsutvikling, prosjektledelse, salg og markedsf\u00f8ring. De inns\u00e5 at det fantes en felles faktor som \u00f8kte effektiviteten uavhengig av bransje: Microsoft Excel.<\/p>\n<p>De observerte at mange i deres omgivelser manglet kompetanse og oppl\u00e6ring i programmet. Excel gikk fra \u00e5 v\u00e6re et kraftig verkt\u00f8y til \u00e5 bli en tidstyv og kilde til frustrasjon. Nok var nok. Marcus og Robert brukte sin felles erfaring og kunnskap til \u00e5 utvikle praktisk og tidsbesparende oppl\u00e6ring. Dette var grunnlaget for Learnesy, etableret i 2014. Siden den gang har vi utvidet v\u00e5rt kursutvalg betydelig. I tillegg til et bredt spekter av Excel-kurs, tilbyr vi n\u00e5 ogs\u00e5 kurs i Power BI, SQL, Python og mer!<\/p>\n<p>Som et voksende selskap er det viktig for oss \u00e5 opprettholde den personlige kontakten som har v\u00e6rt en n\u00f8kkel til suksess. Derfor legger vi stor vekt p\u00e5 at v\u00e5re ansatte har den n\u00f8dvendige kunnskapen og evnen til \u00e5 lytte, slik at alle brukere f\u00f8ler seg sett og velkommen. N\u00e5r det gjelder utviklingen av oppl\u00e6ring, er vi alltid lydh\u00f8re overfor v\u00e5re brukeres behov.<\/p>\n<p>Vi h\u00e5per du finner noe som passer for deg. Velkommen til \u00e5 utforske <a href=\"https:\/\/learnesy.com\/no\/courses\/\">Learnesys kurstilbud<\/a>. Trenger du hjelp til \u00e5 velge det som passer best for deg? <a href=\"mailto:sales@learnesy.com\">Ikke n\u00f8l med \u00e5 ta kontakt!<\/a><\/p>\n","protected":false},"excerpt":{"rendered":"<p>Effektiv l\u00e6ring med korte leksjoner Utforsk v\u00e5re kurs med korte leksjoner &#8211; i gjennomsnitt 2 minutter lange &#8211; som inneholder varierte \u00f8velser og quizer for \u00e5 teste dine kunnskaper. Den pedagogiske tiln\u00e6rmingen med korte leksjoner [&hellip;]<\/p>\n","protected":false},"author":39855,"featured_media":0,"parent":0,"menu_order":0,"comment_status":"closed","ping_status":"closed","template":"about.php","meta":{"_acf_changed":false,"_eb_attr":"","footnotes":""},"class_list":["post-110088","page","type-page","status-publish","hentry"],"acf":[],"_links":{"self":[{"href":"https:\/\/learnesy.com\/no\/wp-json\/wp\/v2\/pages\/110088","targetHints":{"allow":["GET"]}}],"collection":[{"href":"https:\/\/learnesy.com\/no\/wp-json\/wp\/v2\/pages"}],"about":[{"href":"https:\/\/learnesy.com\/no\/wp-json\/wp\/v2\/types\/page"}],"author":[{"embeddable":true,"href":"https:\/\/learnesy.com\/no\/wp-json\/wp\/v2\/users\/39855"}],"replies":[{"embeddable":true,"href":"https:\/\/learnesy.com\/no\/wp-json\/wp\/v2\/comments?post=110088"}],"version-history":[{"count":12,"href":"https:\/\/learnesy.com\/no\/wp-json\/wp\/v2\/pages\/110088\/revisions"}],"predecessor-version":[{"id":242574,"href":"https:\/\/learnesy.com\/no\/wp-json\/wp\/v2\/pages\/110088\/revisions\/242574"}],"wp:attachment":[{"href":"https:\/\/learnesy.com\/no\/wp-json\/wp\/v2\/media?parent=110088"}],"curies":[{"name":"wp","href":"https:\/\/api.w.org\/{rel}","templated":true}]}}